{"id":3755,"date":"2024-11-03T20:39:29","date_gmt":"2024-11-03T19:39:29","guid":{"rendered":"https:\/\/erumhome.com\/producto\/corbeille-de-recyclage-34l-avec-pedale-douverture\/"},"modified":"2025-08-29T12:48:53","modified_gmt":"2025-08-29T10:48:53","slug":"corbeille-de-recyclage-34l-avec-pedale-douverture","status":"publish","type":"product","link":"https:\/\/erumhome.com\/fr\/producto\/corbeille-de-recyclage-34l-avec-pedale-douverture\/","title":{"rendered":"D\u00e9boucheur de canalisation de toilettes avec gros soufflet"},"content":{"rendered":"","protected":false},"excerpt":{"rendered":"<p>Cette poubelle \u00e9cologique de 34 litres est le choix id\u00e9al pour faciliter le recyclage \u00e0 la maison ou au bureau. \u00c9quip\u00e9e d&rsquo;un syst\u00e8me de p\u00e9dale robuste, elle permet une ouverture sans contact, ce qui apporte commodit\u00e9 et hygi\u00e8ne dans la gestion quotidienne des d\u00e9chets. <\/p>\n<p>Con\u00e7ue pour simplifier le tri des d\u00e9chets, cette poubelle comprend une barre de s\u00e9paration interne qui permet de diviser l&rsquo;espace en deux compartiments, ce qui est id\u00e9al pour trier et organiser diff\u00e9rents types de d\u00e9chets dans une seule unit\u00e9. De plus, elle dispose d&rsquo;un anneau qui maintient les sacs en place, les emp\u00eachant de glisser et facilitant leur remplacement. <\/p>\n<p>Disponible dans une vari\u00e9t\u00e9 de couleurs, son design moderne et fonctionnel s&rsquo;adapte \u00e0 tous les styles de d\u00e9coration, offrant une solution efficace et \u00e9l\u00e9gante pour le recyclage.<\/p>\n","protected":false},"featured_media":4752,"comment_status":"open","ping_status":"closed","template":"","meta":{"site-sidebar-layout":"default","site-content-layout":"","ast-site-content-layout":"default","site-content-style":"default","site-sidebar-style":"default","ast-global-header-display":"","ast-banner-title-visibility":"","ast-main-header-display":"","ast-hfb-above-header-display":"","ast-hfb-below-header-display":"","ast-hfb-mobile-header-display":"","site-post-title":"","ast-breadcrumbs-content":"","ast-featured-img":"","footer-sml-layout":"","theme-transparent-header-meta":"default","adv-header-id-meta":"","stick-header-meta":"default","header-above-stick-meta":"","header-main-stick-meta":"","header-below-stick-meta":"","astra-migrate-meta-layouts":"default","ast-page-background-enabled":"default","ast-page-background-meta":{"desktop":{"background-color":"","background-image":"","background-repeat":"repeat","background-position":"center center","background-size":"auto","background-attachment":"scroll","background-type":"","background-media":"","overlay-type":"","overlay-color":"","overlay-opacity":"","overlay-gradient":""},"tablet":{"background-color":"","background-image":"","background-repeat":"repeat","background-position":"center center","background-size":"auto","background-attachment":"scroll","background-type":"","background-media":"","overlay-type":"","overlay-color":"","overlay-opacity":"","overlay-gradient":""},"mobile":{"background-color":"","background-image":"","background-repeat":"repeat","background-position":"center center","background-size":"auto","background-attachment":"scroll","background-type":"","background-media":"","overlay-type":"","overlay-color":"","overlay-opacity":"","overlay-gradient":""}},"ast-content-background-meta":{"desktop":{"background-color":"var(--ast-global-color-5)","background-image":"","background-repeat":"repeat","background-position":"center center","background-size":"auto","background-attachment":"scroll","background-type":"","background-media":"","overlay-type":"","overlay-color":"","overlay-opacity":"","overlay-gradient":""},"tablet":{"background-color":"var(--ast-global-color-5)","background-image":"","background-repeat":"repeat","background-position":"center center","background-size":"auto","background-attachment":"scroll","background-type":"","background-media":"","overlay-type":"","overlay-color":"","overlay-opacity":"","overlay-gradient":""},"mobile":{"background-color":"var(--ast-global-color-5)","background-image":"","background-repeat":"repeat","background-position":"center center","background-size":"auto","background-attachment":"scroll","background-type":"","background-media":"","overlay-type":"","overlay-color":"","overlay-opacity":"","overlay-gradient":""}}},"product_brand":[],"product_cat":[748,845],"product_tag":[],"class_list":{"0":"post-3755","1":"product","2":"type-product","3":"status-publish","4":"has-post-thumbnail","6":"product_cat-accueil","7":"product_cat-corbeilles-poubelles-et-recyclage","8":"pa_color-blanc","9":"pa_color-gris-fr","10":"pa_color-noir","11":"desktop-align-center","12":"tablet-align-center","13":"mobile-align-center","14":"ast-product-gallery-layout-vertical","15":"ast-product-single-variable","16":"ast-product-tabs-layout-horizontal","18":"first","19":"instock","20":"featured","21":"shipping-taxable","22":"purchasable","23":"product-type-variable","24":"wvs-archive-product-wrapper","25":"rtwpvg-product"},"yoast_head":"<!-- This site is optimized with the Yoast SEO plugin v25.8 - https:\/\/yoast.com\/wordpress\/plugins\/seo\/ -->\n<title>D\u00e9boucheur de canalisation de toilettes avec gros soufflet - Erum home<\/title>\n<meta name=\"robots\" content=\"index, follow, max-snippet:-1, max-image-preview:large, max-video-preview:-1\" \/>\n<link rel=\"canonical\" href=\"https:\/\/erumhome.com\/fr\/producto\/corbeille-de-recyclage-34l-avec-pedale-douverture\/\" \/>\n<meta property=\"og:locale\" content=\"fr_FR\" \/>\n<meta property=\"og:type\" content=\"article\" \/>\n<meta property=\"og:title\" content=\"D\u00e9boucheur de canalisation de toilettes avec gros soufflet - Erum home\" \/>\n<meta property=\"og:description\" content=\"Cette poubelle \u00e9cologique de 34 litres est le choix id\u00e9al pour faciliter le recyclage \u00e0 la maison ou au bureau. \u00c9quip\u00e9e d&#039;un syst\u00e8me de p\u00e9dale robuste, elle permet une ouverture sans contact, ce qui apporte commodit\u00e9 et hygi\u00e8ne dans la gestion quotidienne des d\u00e9chets.  Con\u00e7ue pour simplifier le tri des d\u00e9chets, cette poubelle comprend une barre de s\u00e9paration interne qui permet de diviser l&#039;espace en deux compartiments, ce qui est id\u00e9al pour trier et organiser diff\u00e9rents types de d\u00e9chets dans une seule unit\u00e9. De plus, elle dispose d&#039;un anneau qui maintient les sacs en place, les emp\u00eachant de glisser et facilitant leur remplacement.  Disponible dans une vari\u00e9t\u00e9 de couleurs, son design moderne et fonctionnel s&#039;adapte \u00e0 tous les styles de d\u00e9coration, offrant une solution efficace et \u00e9l\u00e9gante pour le recyclage.\" \/>\n<meta property=\"og:url\" content=\"https:\/\/erumhome.com\/fr\/producto\/corbeille-de-recyclage-34l-avec-pedale-douverture\/\" \/>\n<meta property=\"og:site_name\" content=\"Erum home\" \/>\n<meta property=\"article:modified_time\" content=\"2025-08-29T10:48:53+00:00\" \/>\n<meta property=\"og:image\" content=\"https:\/\/erumhome.com\/wp-content\/uploads\/2024\/11\/cubo-basura-ecologico-34L-653-10-blanco-ambiente-scaled.jpg\" \/>\n\t<meta property=\"og:image:width\" content=\"2560\" \/>\n\t<meta property=\"og:image:height\" content=\"2560\" \/>\n\t<meta property=\"og:image:type\" content=\"image\/jpeg\" \/>\n<meta name=\"twitter:card\" content=\"summary_large_image\" \/>\n<script type=\"application\/ld+json\" class=\"yoast-schema-graph\">{\"@context\":\"https:\/\/schema.org\",\"@graph\":[{\"@type\":\"WebPage\",\"@id\":\"https:\/\/erumhome.com\/fr\/producto\/corbeille-de-recyclage-34l-avec-pedale-douverture\/\",\"url\":\"https:\/\/erumhome.com\/fr\/producto\/corbeille-de-recyclage-34l-avec-pedale-douverture\/\",\"name\":\"D\u00e9boucheur de canalisation de toilettes avec gros soufflet - Erum home\",\"isPartOf\":{\"@id\":\"https:\/\/erumhome.com\/fr\/#website\"},\"primaryImageOfPage\":{\"@id\":\"https:\/\/erumhome.com\/fr\/producto\/corbeille-de-recyclage-34l-avec-pedale-douverture\/#primaryimage\"},\"image\":{\"@id\":\"https:\/\/erumhome.com\/fr\/producto\/corbeille-de-recyclage-34l-avec-pedale-douverture\/#primaryimage\"},\"thumbnailUrl\":\"https:\/\/erumhome.com\/wp-content\/uploads\/2024\/11\/cubo-basura-ecologico-34L-653-10-blanco-ambiente-scaled.jpg\",\"datePublished\":\"2024-11-03T19:39:29+00:00\",\"dateModified\":\"2025-08-29T10:48:53+00:00\",\"breadcrumb\":{\"@id\":\"https:\/\/erumhome.com\/fr\/producto\/corbeille-de-recyclage-34l-avec-pedale-douverture\/#breadcrumb\"},\"inLanguage\":\"fr-FR\",\"potentialAction\":[{\"@type\":\"ReadAction\",\"target\":[\"https:\/\/erumhome.com\/fr\/producto\/corbeille-de-recyclage-34l-avec-pedale-douverture\/\"]}]},{\"@type\":\"ImageObject\",\"inLanguage\":\"fr-FR\",\"@id\":\"https:\/\/erumhome.com\/fr\/producto\/corbeille-de-recyclage-34l-avec-pedale-douverture\/#primaryimage\",\"url\":\"https:\/\/erumhome.com\/wp-content\/uploads\/2024\/11\/cubo-basura-ecologico-34L-653-10-blanco-ambiente-scaled.jpg\",\"contentUrl\":\"https:\/\/erumhome.com\/wp-content\/uploads\/2024\/11\/cubo-basura-ecologico-34L-653-10-blanco-ambiente-scaled.jpg\",\"width\":2560,\"height\":2560},{\"@type\":\"BreadcrumbList\",\"@id\":\"https:\/\/erumhome.com\/fr\/producto\/corbeille-de-recyclage-34l-avec-pedale-douverture\/#breadcrumb\",\"itemListElement\":[{\"@type\":\"ListItem\",\"position\":1,\"name\":\"Portada\",\"item\":\"https:\/\/erumhome.com\/fr\/\"},{\"@type\":\"ListItem\",\"position\":2,\"name\":\"Boutique\",\"item\":\"https:\/\/erumhome.com\/catalogo\/\"},{\"@type\":\"ListItem\",\"position\":3,\"name\":\"D\u00e9boucheur de canalisation de toilettes avec gros soufflet\"}]},{\"@type\":\"WebSite\",\"@id\":\"https:\/\/erumhome.com\/fr\/#website\",\"url\":\"https:\/\/erumhome.com\/fr\/\",\"name\":\"Erum home\",\"description\":\" \",\"publisher\":{\"@id\":\"https:\/\/erumhome.com\/fr\/#organization\"},\"potentialAction\":[{\"@type\":\"SearchAction\",\"target\":{\"@type\":\"EntryPoint\",\"urlTemplate\":\"https:\/\/erumhome.com\/fr\/?s={search_term_string}\"},\"query-input\":{\"@type\":\"PropertyValueSpecification\",\"valueRequired\":true,\"valueName\":\"search_term_string\"}}],\"inLanguage\":\"fr-FR\"},{\"@type\":\"Organization\",\"@id\":\"https:\/\/erumhome.com\/fr\/#organization\",\"name\":\"Erum home\",\"url\":\"https:\/\/erumhome.com\/fr\/\",\"logo\":{\"@type\":\"ImageObject\",\"inLanguage\":\"fr-FR\",\"@id\":\"https:\/\/erumhome.com\/fr\/#\/schema\/logo\/image\/\",\"url\":\"https:\/\/erumhome.com\/wp-content\/uploads\/2025\/01\/logotipo.svg\",\"contentUrl\":\"https:\/\/erumhome.com\/wp-content\/uploads\/2025\/01\/logotipo.svg\",\"width\":1287,\"height\":508,\"caption\":\"Erum home\"},\"image\":{\"@id\":\"https:\/\/erumhome.com\/fr\/#\/schema\/logo\/image\/\"}}]}<\/script>\n<!-- \/ Yoast SEO plugin. -->","yoast_head_json":{"title":"D\u00e9boucheur de canalisation de toilettes avec gros soufflet - Erum home","robots":{"index":"index","follow":"follow","max-snippet":"max-snippet:-1","max-image-preview":"max-image-preview:large","max-video-preview":"max-video-preview:-1"},"canonical":"https:\/\/erumhome.com\/fr\/producto\/corbeille-de-recyclage-34l-avec-pedale-douverture\/","og_locale":"fr_FR","og_type":"article","og_title":"D\u00e9boucheur de canalisation de toilettes avec gros soufflet - Erum home","og_description":"Cette poubelle \u00e9cologique de 34 litres est le choix id\u00e9al pour faciliter le recyclage \u00e0 la maison ou au bureau. \u00c9quip\u00e9e d'un syst\u00e8me de p\u00e9dale robuste, elle permet une ouverture sans contact, ce qui apporte commodit\u00e9 et hygi\u00e8ne dans la gestion quotidienne des d\u00e9chets.  Con\u00e7ue pour simplifier le tri des d\u00e9chets, cette poubelle comprend une barre de s\u00e9paration interne qui permet de diviser l'espace en deux compartiments, ce qui est id\u00e9al pour trier et organiser diff\u00e9rents types de d\u00e9chets dans une seule unit\u00e9. De plus, elle dispose d'un anneau qui maintient les sacs en place, les emp\u00eachant de glisser et facilitant leur remplacement.  Disponible dans une vari\u00e9t\u00e9 de couleurs, son design moderne et fonctionnel s'adapte \u00e0 tous les styles de d\u00e9coration, offrant une solution efficace et \u00e9l\u00e9gante pour le recyclage.","og_url":"https:\/\/erumhome.com\/fr\/producto\/corbeille-de-recyclage-34l-avec-pedale-douverture\/","og_site_name":"Erum home","article_modified_time":"2025-08-29T10:48:53+00:00","og_image":[{"width":2560,"height":2560,"url":"https:\/\/erumhome.com\/wp-content\/uploads\/2024\/11\/cubo-basura-ecologico-34L-653-10-blanco-ambiente-scaled.jpg","type":"image\/jpeg"}],"twitter_card":"summary_large_image","schema":{"@context":"https:\/\/schema.org","@graph":[{"@type":"WebPage","@id":"https:\/\/erumhome.com\/fr\/producto\/corbeille-de-recyclage-34l-avec-pedale-douverture\/","url":"https:\/\/erumhome.com\/fr\/producto\/corbeille-de-recyclage-34l-avec-pedale-douverture\/","name":"D\u00e9boucheur de canalisation de toilettes avec gros soufflet - Erum home","isPartOf":{"@id":"https:\/\/erumhome.com\/fr\/#website"},"primaryImageOfPage":{"@id":"https:\/\/erumhome.com\/fr\/producto\/corbeille-de-recyclage-34l-avec-pedale-douverture\/#primaryimage"},"image":{"@id":"https:\/\/erumhome.com\/fr\/producto\/corbeille-de-recyclage-34l-avec-pedale-douverture\/#primaryimage"},"thumbnailUrl":"https:\/\/erumhome.com\/wp-content\/uploads\/2024\/11\/cubo-basura-ecologico-34L-653-10-blanco-ambiente-scaled.jpg","datePublished":"2024-11-03T19:39:29+00:00","dateModified":"2025-08-29T10:48:53+00:00","breadcrumb":{"@id":"https:\/\/erumhome.com\/fr\/producto\/corbeille-de-recyclage-34l-avec-pedale-douverture\/#breadcrumb"},"inLanguage":"fr-FR","potentialAction":[{"@type":"ReadAction","target":["https:\/\/erumhome.com\/fr\/producto\/corbeille-de-recyclage-34l-avec-pedale-douverture\/"]}]},{"@type":"ImageObject","inLanguage":"fr-FR","@id":"https:\/\/erumhome.com\/fr\/producto\/corbeille-de-recyclage-34l-avec-pedale-douverture\/#primaryimage","url":"https:\/\/erumhome.com\/wp-content\/uploads\/2024\/11\/cubo-basura-ecologico-34L-653-10-blanco-ambiente-scaled.jpg","contentUrl":"https:\/\/erumhome.com\/wp-content\/uploads\/2024\/11\/cubo-basura-ecologico-34L-653-10-blanco-ambiente-scaled.jpg","width":2560,"height":2560},{"@type":"BreadcrumbList","@id":"https:\/\/erumhome.com\/fr\/producto\/corbeille-de-recyclage-34l-avec-pedale-douverture\/#breadcrumb","itemListElement":[{"@type":"ListItem","position":1,"name":"Portada","item":"https:\/\/erumhome.com\/fr\/"},{"@type":"ListItem","position":2,"name":"Boutique","item":"https:\/\/erumhome.com\/catalogo\/"},{"@type":"ListItem","position":3,"name":"D\u00e9boucheur de canalisation de toilettes avec gros soufflet"}]},{"@type":"WebSite","@id":"https:\/\/erumhome.com\/fr\/#website","url":"https:\/\/erumhome.com\/fr\/","name":"Erum home","description":" ","publisher":{"@id":"https:\/\/erumhome.com\/fr\/#organization"},"potentialAction":[{"@type":"SearchAction","target":{"@type":"EntryPoint","urlTemplate":"https:\/\/erumhome.com\/fr\/?s={search_term_string}"},"query-input":{"@type":"PropertyValueSpecification","valueRequired":true,"valueName":"search_term_string"}}],"inLanguage":"fr-FR"},{"@type":"Organization","@id":"https:\/\/erumhome.com\/fr\/#organization","name":"Erum home","url":"https:\/\/erumhome.com\/fr\/","logo":{"@type":"ImageObject","inLanguage":"fr-FR","@id":"https:\/\/erumhome.com\/fr\/#\/schema\/logo\/image\/","url":"https:\/\/erumhome.com\/wp-content\/uploads\/2025\/01\/logotipo.svg","contentUrl":"https:\/\/erumhome.com\/wp-content\/uploads\/2025\/01\/logotipo.svg","width":1287,"height":508,"caption":"Erum home"},"image":{"@id":"https:\/\/erumhome.com\/fr\/#\/schema\/logo\/image\/"}}]}},"_links":{"self":[{"href":"https:\/\/erumhome.com\/fr\/wp-json\/wp\/v2\/product\/3755","targetHints":{"allow":["GET"]}}],"collection":[{"href":"https:\/\/erumhome.com\/fr\/wp-json\/wp\/v2\/product"}],"about":[{"href":"https:\/\/erumhome.com\/fr\/wp-json\/wp\/v2\/types\/product"}],"replies":[{"embeddable":true,"href":"https:\/\/erumhome.com\/fr\/wp-json\/wp\/v2\/comments?post=3755"}],"version-history":[{"count":2,"href":"https:\/\/erumhome.com\/fr\/wp-json\/wp\/v2\/product\/3755\/revisions"}],"predecessor-version":[{"id":8042,"href":"https:\/\/erumhome.com\/fr\/wp-json\/wp\/v2\/product\/3755\/revisions\/8042"}],"wp:featuredmedia":[{"embeddable":true,"href":"https:\/\/erumhome.com\/fr\/wp-json\/wp\/v2\/media\/4752"}],"wp:attachment":[{"href":"https:\/\/erumhome.com\/fr\/wp-json\/wp\/v2\/media?parent=3755"}],"wp:term":[{"taxonomy":"product_brand","embeddable":true,"href":"https:\/\/erumhome.com\/fr\/wp-json\/wp\/v2\/product_brand?post=3755"},{"taxonomy":"product_cat","embeddable":true,"href":"https:\/\/erumhome.com\/fr\/wp-json\/wp\/v2\/product_cat?post=3755"},{"taxonomy":"product_tag","embeddable":true,"href":"https:\/\/erumhome.com\/fr\/wp-json\/wp\/v2\/product_tag?post=3755"}],"curies":[{"name":"wp","href":"https:\/\/api.w.org\/{rel}","templated":true}]}}