{"id":3847,"date":"2024-11-15T12:27:52","date_gmt":"2024-11-15T11:27:52","guid":{"rendered":"https:\/\/erumhome.com\/producto\/rond-de-serviette\/"},"modified":"2025-08-29T10:33:01","modified_gmt":"2025-08-29T08:33:01","slug":"rond-de-serviette","status":"publish","type":"product","link":"https:\/\/erumhome.com\/fr\/producto\/rond-de-serviette\/","title":{"rendered":"Porte-serviettes"},"content":{"rendered":"","protected":false},"excerpt":{"rendered":"<p>Ce porte-serviettes est le compl\u00e9ment id\u00e9al pour toutes les occasions, du petit-d\u00e9jeuner au go\u00fbter. Son syst\u00e8me de r\u00e9glage lat\u00e9ral vous permet d&rsquo;ajuster le nombre de serviettes tout en les maintenant en place. Son design compact, aux lignes \u00e9pur\u00e9es et aux mat\u00e9riaux de haute qualit\u00e9, s&rsquo;harmonise avec tous les styles de table.  <\/p>\n<p>Il permet d&rsquo;ins\u00e9rer et de retirer les serviettes en quelques secondes gr\u00e2ce \u00e0 sa structure ouverte et accessible. Id\u00e9al pour la maison, les restaurants, les caf\u00e9s ou les \u00e9v\u00e9nements en plein air. Gardez vos serviettes prot\u00e9g\u00e9es et pr\u00eates \u00e0 l&#8217;emploi, sans qu&rsquo;elles ne se salissent ni ne s&rsquo;envolent. Organisez chaque repas. Avec notre porte-serviettes, chaque d\u00e9tail compte.    <\/p>\n","protected":false},"featured_media":7743,"comment_status":"open","ping_status":"closed","template":"","meta":{"site-sidebar-layout":"default","site-content-layout":"","ast-site-content-layout":"default","site-content-style":"default","site-sidebar-style":"default","ast-global-header-display":"","ast-banner-title-visibility":"","ast-main-header-display":"","ast-hfb-above-header-display":"","ast-hfb-below-header-display":"","ast-hfb-mobile-header-display":"","site-post-title":"","ast-breadcrumbs-content":"","ast-featured-img":"","footer-sml-layout":"","theme-transparent-header-meta":"default","adv-header-id-meta":"","stick-header-meta":"default","header-above-stick-meta":"","header-main-stick-meta":"","header-below-stick-meta":"","astra-migrate-meta-layouts":"default","ast-page-background-enabled":"default","ast-page-background-meta":{"desktop":{"background-color":"","background-image":"","background-repeat":"repeat","background-position":"center center","background-size":"auto","background-attachment":"scroll","background-type":"","background-media":"","overlay-type":"","overlay-color":"","overlay-opacity":"","overlay-gradient":""},"tablet":{"background-color":"","background-image":"","background-repeat":"repeat","background-position":"center center","background-size":"auto","background-attachment":"scroll","background-type":"","background-media":"","overlay-type":"","overlay-color":"","overlay-opacity":"","overlay-gradient":""},"mobile":{"background-color":"","background-image":"","background-repeat":"repeat","background-position":"center center","background-size":"auto","background-attachment":"scroll","background-type":"","background-media":"","overlay-type":"","overlay-color":"","overlay-opacity":"","overlay-gradient":""}},"ast-content-background-meta":{"desktop":{"background-color":"var(--ast-global-color-5)","background-image":"","background-repeat":"repeat","background-position":"center center","background-size":"auto","background-attachment":"scroll","background-type":"","background-media":"","overlay-type":"","overlay-color":"","overlay-opacity":"","overlay-gradient":""},"tablet":{"background-color":"var(--ast-global-color-5)","background-image":"","background-repeat":"repeat","background-position":"center center","background-size":"auto","background-attachment":"scroll","background-type":"","background-media":"","overlay-type":"","overlay-color":"","overlay-opacity":"","overlay-gradient":""},"mobile":{"background-color":"var(--ast-global-color-5)","background-image":"","background-repeat":"repeat","background-position":"center center","background-size":"auto","background-attachment":"scroll","background-type":"","background-media":"","overlay-type":"","overlay-color":"","overlay-opacity":"","overlay-gradient":""}}},"product_brand":[],"product_cat":[948,956],"product_tag":[],"class_list":{"0":"post-3847","1":"product","2":"type-product","3":"status-publish","4":"has-post-thumbnail","6":"product_cat-cuisine","7":"product_cat-ustensiles-de-cuisine","8":"pa_color-blanc","9":"desktop-align-center","10":"tablet-align-center","11":"mobile-align-center","12":"ast-product-gallery-layout-vertical","13":"ast-product-tabs-layout-horizontal","15":"first","16":"instock","17":"shipping-taxable","18":"product-type-simple"},"yoast_head":"<!-- This site is optimized with the Yoast SEO plugin v25.8 - https:\/\/yoast.com\/wordpress\/plugins\/seo\/ -->\n<title>Porte-serviettes - Erum home<\/title>\n<meta name=\"robots\" content=\"index, follow, max-snippet:-1, max-image-preview:large, max-video-preview:-1\" \/>\n<link rel=\"canonical\" href=\"https:\/\/erumhome.com\/fr\/producto\/rond-de-serviette\/\" \/>\n<meta property=\"og:locale\" content=\"fr_FR\" \/>\n<meta property=\"og:type\" content=\"article\" \/>\n<meta property=\"og:title\" content=\"Porte-serviettes - Erum home\" \/>\n<meta property=\"og:description\" content=\"Ce porte-serviettes est le compl\u00e9ment id\u00e9al pour toutes les occasions, du petit-d\u00e9jeuner au go\u00fbter. Son syst\u00e8me de r\u00e9glage lat\u00e9ral vous permet d&#039;ajuster le nombre de serviettes tout en les maintenant en place. Son design compact, aux lignes \u00e9pur\u00e9es et aux mat\u00e9riaux de haute qualit\u00e9, s&#039;harmonise avec tous les styles de table.  Il permet d&#039;ins\u00e9rer et de retirer les serviettes en quelques secondes gr\u00e2ce \u00e0 sa structure ouverte et accessible. Id\u00e9al pour la maison, les restaurants, les caf\u00e9s ou les \u00e9v\u00e9nements en plein air. Gardez vos serviettes prot\u00e9g\u00e9es et pr\u00eates \u00e0 l&#039;emploi, sans qu&#039;elles ne se salissent ni ne s&#039;envolent. Organisez chaque repas. Avec notre porte-serviettes, chaque d\u00e9tail compte.\" \/>\n<meta property=\"og:url\" content=\"https:\/\/erumhome.com\/fr\/producto\/rond-de-serviette\/\" \/>\n<meta property=\"og:site_name\" content=\"Erum home\" \/>\n<meta property=\"article:modified_time\" content=\"2025-08-29T08:33:01+00:00\" \/>\n<meta property=\"og:image\" content=\"https:\/\/erumhome.com\/wp-content\/uploads\/2024\/11\/servilletero-260-10-blanco-ambiente.jpg\" \/>\n\t<meta property=\"og:image:width\" content=\"2000\" \/>\n\t<meta property=\"og:image:height\" content=\"1998\" \/>\n\t<meta property=\"og:image:type\" content=\"image\/jpeg\" \/>\n<meta name=\"twitter:card\" content=\"summary_large_image\" \/>\n<script type=\"application\/ld+json\" class=\"yoast-schema-graph\">{\"@context\":\"https:\/\/schema.org\",\"@graph\":[{\"@type\":\"WebPage\",\"@id\":\"https:\/\/erumhome.com\/fr\/producto\/rond-de-serviette\/\",\"url\":\"https:\/\/erumhome.com\/fr\/producto\/rond-de-serviette\/\",\"name\":\"Porte-serviettes - Erum home\",\"isPartOf\":{\"@id\":\"https:\/\/erumhome.com\/fr\/#website\"},\"primaryImageOfPage\":{\"@id\":\"https:\/\/erumhome.com\/fr\/producto\/rond-de-serviette\/#primaryimage\"},\"image\":{\"@id\":\"https:\/\/erumhome.com\/fr\/producto\/rond-de-serviette\/#primaryimage\"},\"thumbnailUrl\":\"https:\/\/erumhome.com\/wp-content\/uploads\/2024\/11\/servilletero-260-10-blanco-ambiente.jpg\",\"datePublished\":\"2024-11-15T11:27:52+00:00\",\"dateModified\":\"2025-08-29T08:33:01+00:00\",\"breadcrumb\":{\"@id\":\"https:\/\/erumhome.com\/fr\/producto\/rond-de-serviette\/#breadcrumb\"},\"inLanguage\":\"fr-FR\",\"potentialAction\":[{\"@type\":\"ReadAction\",\"target\":[\"https:\/\/erumhome.com\/fr\/producto\/rond-de-serviette\/\"]}]},{\"@type\":\"ImageObject\",\"inLanguage\":\"fr-FR\",\"@id\":\"https:\/\/erumhome.com\/fr\/producto\/rond-de-serviette\/#primaryimage\",\"url\":\"https:\/\/erumhome.com\/wp-content\/uploads\/2024\/11\/servilletero-260-10-blanco-ambiente.jpg\",\"contentUrl\":\"https:\/\/erumhome.com\/wp-content\/uploads\/2024\/11\/servilletero-260-10-blanco-ambiente.jpg\",\"width\":2000,\"height\":1998},{\"@type\":\"BreadcrumbList\",\"@id\":\"https:\/\/erumhome.com\/fr\/producto\/rond-de-serviette\/#breadcrumb\",\"itemListElement\":[{\"@type\":\"ListItem\",\"position\":1,\"name\":\"Portada\",\"item\":\"https:\/\/erumhome.com\/fr\/\"},{\"@type\":\"ListItem\",\"position\":2,\"name\":\"Boutique\",\"item\":\"https:\/\/erumhome.com\/catalogo\/\"},{\"@type\":\"ListItem\",\"position\":3,\"name\":\"Porte-serviettes\"}]},{\"@type\":\"WebSite\",\"@id\":\"https:\/\/erumhome.com\/fr\/#website\",\"url\":\"https:\/\/erumhome.com\/fr\/\",\"name\":\"Erum home\",\"description\":\" \",\"publisher\":{\"@id\":\"https:\/\/erumhome.com\/fr\/#organization\"},\"potentialAction\":[{\"@type\":\"SearchAction\",\"target\":{\"@type\":\"EntryPoint\",\"urlTemplate\":\"https:\/\/erumhome.com\/fr\/?s={search_term_string}\"},\"query-input\":{\"@type\":\"PropertyValueSpecification\",\"valueRequired\":true,\"valueName\":\"search_term_string\"}}],\"inLanguage\":\"fr-FR\"},{\"@type\":\"Organization\",\"@id\":\"https:\/\/erumhome.com\/fr\/#organization\",\"name\":\"Erum home\",\"url\":\"https:\/\/erumhome.com\/fr\/\",\"logo\":{\"@type\":\"ImageObject\",\"inLanguage\":\"fr-FR\",\"@id\":\"https:\/\/erumhome.com\/fr\/#\/schema\/logo\/image\/\",\"url\":\"https:\/\/erumhome.com\/wp-content\/uploads\/2025\/01\/logotipo.svg\",\"contentUrl\":\"https:\/\/erumhome.com\/wp-content\/uploads\/2025\/01\/logotipo.svg\",\"width\":1287,\"height\":508,\"caption\":\"Erum home\"},\"image\":{\"@id\":\"https:\/\/erumhome.com\/fr\/#\/schema\/logo\/image\/\"}}]}<\/script>\n<!-- \/ Yoast SEO plugin. -->","yoast_head_json":{"title":"Porte-serviettes - Erum home","robots":{"index":"index","follow":"follow","max-snippet":"max-snippet:-1","max-image-preview":"max-image-preview:large","max-video-preview":"max-video-preview:-1"},"canonical":"https:\/\/erumhome.com\/fr\/producto\/rond-de-serviette\/","og_locale":"fr_FR","og_type":"article","og_title":"Porte-serviettes - Erum home","og_description":"Ce porte-serviettes est le compl\u00e9ment id\u00e9al pour toutes les occasions, du petit-d\u00e9jeuner au go\u00fbter. Son syst\u00e8me de r\u00e9glage lat\u00e9ral vous permet d'ajuster le nombre de serviettes tout en les maintenant en place. Son design compact, aux lignes \u00e9pur\u00e9es et aux mat\u00e9riaux de haute qualit\u00e9, s'harmonise avec tous les styles de table.  Il permet d'ins\u00e9rer et de retirer les serviettes en quelques secondes gr\u00e2ce \u00e0 sa structure ouverte et accessible. Id\u00e9al pour la maison, les restaurants, les caf\u00e9s ou les \u00e9v\u00e9nements en plein air. Gardez vos serviettes prot\u00e9g\u00e9es et pr\u00eates \u00e0 l'emploi, sans qu'elles ne se salissent ni ne s'envolent. Organisez chaque repas. Avec notre porte-serviettes, chaque d\u00e9tail compte.","og_url":"https:\/\/erumhome.com\/fr\/producto\/rond-de-serviette\/","og_site_name":"Erum home","article_modified_time":"2025-08-29T08:33:01+00:00","og_image":[{"width":2000,"height":1998,"url":"https:\/\/erumhome.com\/wp-content\/uploads\/2024\/11\/servilletero-260-10-blanco-ambiente.jpg","type":"image\/jpeg"}],"twitter_card":"summary_large_image","schema":{"@context":"https:\/\/schema.org","@graph":[{"@type":"WebPage","@id":"https:\/\/erumhome.com\/fr\/producto\/rond-de-serviette\/","url":"https:\/\/erumhome.com\/fr\/producto\/rond-de-serviette\/","name":"Porte-serviettes - Erum home","isPartOf":{"@id":"https:\/\/erumhome.com\/fr\/#website"},"primaryImageOfPage":{"@id":"https:\/\/erumhome.com\/fr\/producto\/rond-de-serviette\/#primaryimage"},"image":{"@id":"https:\/\/erumhome.com\/fr\/producto\/rond-de-serviette\/#primaryimage"},"thumbnailUrl":"https:\/\/erumhome.com\/wp-content\/uploads\/2024\/11\/servilletero-260-10-blanco-ambiente.jpg","datePublished":"2024-11-15T11:27:52+00:00","dateModified":"2025-08-29T08:33:01+00:00","breadcrumb":{"@id":"https:\/\/erumhome.com\/fr\/producto\/rond-de-serviette\/#breadcrumb"},"inLanguage":"fr-FR","potentialAction":[{"@type":"ReadAction","target":["https:\/\/erumhome.com\/fr\/producto\/rond-de-serviette\/"]}]},{"@type":"ImageObject","inLanguage":"fr-FR","@id":"https:\/\/erumhome.com\/fr\/producto\/rond-de-serviette\/#primaryimage","url":"https:\/\/erumhome.com\/wp-content\/uploads\/2024\/11\/servilletero-260-10-blanco-ambiente.jpg","contentUrl":"https:\/\/erumhome.com\/wp-content\/uploads\/2024\/11\/servilletero-260-10-blanco-ambiente.jpg","width":2000,"height":1998},{"@type":"BreadcrumbList","@id":"https:\/\/erumhome.com\/fr\/producto\/rond-de-serviette\/#breadcrumb","itemListElement":[{"@type":"ListItem","position":1,"name":"Portada","item":"https:\/\/erumhome.com\/fr\/"},{"@type":"ListItem","position":2,"name":"Boutique","item":"https:\/\/erumhome.com\/catalogo\/"},{"@type":"ListItem","position":3,"name":"Porte-serviettes"}]},{"@type":"WebSite","@id":"https:\/\/erumhome.com\/fr\/#website","url":"https:\/\/erumhome.com\/fr\/","name":"Erum home","description":" ","publisher":{"@id":"https:\/\/erumhome.com\/fr\/#organization"},"potentialAction":[{"@type":"SearchAction","target":{"@type":"EntryPoint","urlTemplate":"https:\/\/erumhome.com\/fr\/?s={search_term_string}"},"query-input":{"@type":"PropertyValueSpecification","valueRequired":true,"valueName":"search_term_string"}}],"inLanguage":"fr-FR"},{"@type":"Organization","@id":"https:\/\/erumhome.com\/fr\/#organization","name":"Erum home","url":"https:\/\/erumhome.com\/fr\/","logo":{"@type":"ImageObject","inLanguage":"fr-FR","@id":"https:\/\/erumhome.com\/fr\/#\/schema\/logo\/image\/","url":"https:\/\/erumhome.com\/wp-content\/uploads\/2025\/01\/logotipo.svg","contentUrl":"https:\/\/erumhome.com\/wp-content\/uploads\/2025\/01\/logotipo.svg","width":1287,"height":508,"caption":"Erum home"},"image":{"@id":"https:\/\/erumhome.com\/fr\/#\/schema\/logo\/image\/"}}]}},"_links":{"self":[{"href":"https:\/\/erumhome.com\/fr\/wp-json\/wp\/v2\/product\/3847","targetHints":{"allow":["GET"]}}],"collection":[{"href":"https:\/\/erumhome.com\/fr\/wp-json\/wp\/v2\/product"}],"about":[{"href":"https:\/\/erumhome.com\/fr\/wp-json\/wp\/v2\/types\/product"}],"replies":[{"embeddable":true,"href":"https:\/\/erumhome.com\/fr\/wp-json\/wp\/v2\/comments?post=3847"}],"version-history":[{"count":1,"href":"https:\/\/erumhome.com\/fr\/wp-json\/wp\/v2\/product\/3847\/revisions"}],"predecessor-version":[{"id":7749,"href":"https:\/\/erumhome.com\/fr\/wp-json\/wp\/v2\/product\/3847\/revisions\/7749"}],"wp:featuredmedia":[{"embeddable":true,"href":"https:\/\/erumhome.com\/fr\/wp-json\/wp\/v2\/media\/7743"}],"wp:attachment":[{"href":"https:\/\/erumhome.com\/fr\/wp-json\/wp\/v2\/media?parent=3847"}],"wp:term":[{"taxonomy":"product_brand","embeddable":true,"href":"https:\/\/erumhome.com\/fr\/wp-json\/wp\/v2\/product_brand?post=3847"},{"taxonomy":"product_cat","embeddable":true,"href":"https:\/\/erumhome.com\/fr\/wp-json\/wp\/v2\/product_cat?post=3847"},{"taxonomy":"product_tag","embeddable":true,"href":"https:\/\/erumhome.com\/fr\/wp-json\/wp\/v2\/product_tag?post=3847"}],"curies":[{"name":"wp","href":"https:\/\/api.w.org\/{rel}","templated":true}]}}