{"id":3850,"date":"2024-11-15T12:02:10","date_gmt":"2024-11-15T11:02:10","guid":{"rendered":"https:\/\/erumhome.com\/producto\/porte-rouleau-de-cuisine\/"},"modified":"2025-08-29T10:33:34","modified_gmt":"2025-08-29T08:33:34","slug":"porte-rouleau-de-cuisine","status":"publish","type":"product","link":"https:\/\/erumhome.com\/fr\/producto\/porte-rouleau-de-cuisine\/","title":{"rendered":"Porte-rouleau de cuisine"},"content":{"rendered":"","protected":false},"excerpt":{"rendered":"<p>Ce produit est un **porte-rouleau de cuisine**, sp\u00e9cialement con\u00e7u pour contenir des rouleaux de film en aluminium et en plastique, offrant ainsi une facilit\u00e9 et une commodit\u00e9 d&rsquo;utilisation. Il pr\u00e9sente des couleurs attrayantes qui s&rsquo;harmonisent avec le style de la cuisine et est fabriqu\u00e9 \u00e0 partir de mat\u00e9riaux de haute qualit\u00e9, ce qui garantit sa durabilit\u00e9 et sa solidit\u00e9. <\/p>\n<p>Les dimensions du porte-rouleau sont **31,5 cm de long, 5 cm de large et 5 cm de haut**.<\/p>\n","protected":false},"featured_media":6136,"comment_status":"open","ping_status":"closed","template":"","meta":{"site-sidebar-layout":"default","site-content-layout":"","ast-site-content-layout":"default","site-content-style":"default","site-sidebar-style":"default","ast-global-header-display":"","ast-banner-title-visibility":"","ast-main-header-display":"","ast-hfb-above-header-display":"","ast-hfb-below-header-display":"","ast-hfb-mobile-header-display":"","site-post-title":"","ast-breadcrumbs-content":"","ast-featured-img":"","footer-sml-layout":"","theme-transparent-header-meta":"default","adv-header-id-meta":"","stick-header-meta":"default","header-above-stick-meta":"","header-main-stick-meta":"","header-below-stick-meta":"","astra-migrate-meta-layouts":"default","ast-page-background-enabled":"default","ast-page-background-meta":{"desktop":{"background-color":"","background-image":"","background-repeat":"repeat","background-position":"center center","background-size":"auto","background-attachment":"scroll","background-type":"","background-media":"","overlay-type":"","overlay-color":"","overlay-opacity":"","overlay-gradient":""},"tablet":{"background-color":"","background-image":"","background-repeat":"repeat","background-position":"center center","background-size":"auto","background-attachment":"scroll","background-type":"","background-media":"","overlay-type":"","overlay-color":"","overlay-opacity":"","overlay-gradient":""},"mobile":{"background-color":"","background-image":"","background-repeat":"repeat","background-position":"center center","background-size":"auto","background-attachment":"scroll","background-type":"","background-media":"","overlay-type":"","overlay-color":"","overlay-opacity":"","overlay-gradient":""}},"ast-content-background-meta":{"desktop":{"background-color":"var(--ast-global-color-5)","background-image":"","background-repeat":"repeat","background-position":"center center","background-size":"auto","background-attachment":"scroll","background-type":"","background-media":"","overlay-type":"","overlay-color":"","overlay-opacity":"","overlay-gradient":""},"tablet":{"background-color":"var(--ast-global-color-5)","background-image":"","background-repeat":"repeat","background-position":"center center","background-size":"auto","background-attachment":"scroll","background-type":"","background-media":"","overlay-type":"","overlay-color":"","overlay-opacity":"","overlay-gradient":""},"mobile":{"background-color":"var(--ast-global-color-5)","background-image":"","background-repeat":"repeat","background-position":"center center","background-size":"auto","background-attachment":"scroll","background-type":"","background-media":"","overlay-type":"","overlay-color":"","overlay-opacity":"","overlay-gradient":""}}},"product_brand":[],"product_cat":[948,950],"product_tag":[],"class_list":{"0":"post-3850","1":"product","2":"type-product","3":"status-publish","4":"has-post-thumbnail","6":"product_cat-cuisine","7":"product_cat-porte-rouleau","8":"pa_color-lima-fr","9":"pa_color-translucide","10":"desktop-align-center","11":"tablet-align-center","12":"mobile-align-center","13":"ast-product-gallery-layout-vertical","14":"ast-product-single-variable","15":"ast-product-tabs-layout-horizontal","17":"first","18":"instock","19":"shipping-taxable","20":"purchasable","21":"product-type-variable","22":"wvs-archive-product-wrapper","23":"rtwpvg-product"},"yoast_head":"<!-- This site is optimized with the Yoast SEO plugin v25.8 - https:\/\/yoast.com\/wordpress\/plugins\/seo\/ -->\n<title>Porte-rouleau de cuisine - Erum home<\/title>\n<meta name=\"robots\" content=\"index, follow, max-snippet:-1, max-image-preview:large, max-video-preview:-1\" \/>\n<link rel=\"canonical\" href=\"https:\/\/erumhome.com\/fr\/producto\/porte-rouleau-de-cuisine\/\" \/>\n<meta property=\"og:locale\" content=\"fr_FR\" \/>\n<meta property=\"og:type\" content=\"article\" \/>\n<meta property=\"og:title\" content=\"Porte-rouleau de cuisine - Erum home\" \/>\n<meta property=\"og:description\" content=\"Ce produit est un **porte-rouleau de cuisine**, sp\u00e9cialement con\u00e7u pour contenir des rouleaux de film en aluminium et en plastique, offrant ainsi une facilit\u00e9 et une commodit\u00e9 d&#039;utilisation. Il pr\u00e9sente des couleurs attrayantes qui s&#039;harmonisent avec le style de la cuisine et est fabriqu\u00e9 \u00e0 partir de mat\u00e9riaux de haute qualit\u00e9, ce qui garantit sa durabilit\u00e9 et sa solidit\u00e9.  Les dimensions du porte-rouleau sont **31,5 cm de long, 5 cm de large et 5 cm de haut**.\" \/>\n<meta property=\"og:url\" content=\"https:\/\/erumhome.com\/fr\/producto\/porte-rouleau-de-cuisine\/\" \/>\n<meta property=\"og:site_name\" content=\"Erum home\" \/>\n<meta property=\"article:modified_time\" content=\"2025-08-29T08:33:34+00:00\" \/>\n<meta property=\"og:image\" content=\"https:\/\/erumhome.com\/wp-content\/uploads\/2024\/11\/portarrollos-558-45-lima-ambiente-scaled.jpg\" \/>\n\t<meta property=\"og:image:width\" content=\"2560\" \/>\n\t<meta property=\"og:image:height\" content=\"2560\" \/>\n\t<meta property=\"og:image:type\" content=\"image\/jpeg\" \/>\n<meta name=\"twitter:card\" content=\"summary_large_image\" \/>\n<script type=\"application\/ld+json\" class=\"yoast-schema-graph\">{\"@context\":\"https:\/\/schema.org\",\"@graph\":[{\"@type\":\"WebPage\",\"@id\":\"https:\/\/erumhome.com\/fr\/producto\/porte-rouleau-de-cuisine\/\",\"url\":\"https:\/\/erumhome.com\/fr\/producto\/porte-rouleau-de-cuisine\/\",\"name\":\"Porte-rouleau de cuisine - Erum home\",\"isPartOf\":{\"@id\":\"https:\/\/erumhome.com\/fr\/#website\"},\"primaryImageOfPage\":{\"@id\":\"https:\/\/erumhome.com\/fr\/producto\/porte-rouleau-de-cuisine\/#primaryimage\"},\"image\":{\"@id\":\"https:\/\/erumhome.com\/fr\/producto\/porte-rouleau-de-cuisine\/#primaryimage\"},\"thumbnailUrl\":\"https:\/\/erumhome.com\/wp-content\/uploads\/2024\/11\/portarrollos-558-45-lima-ambiente-scaled.jpg\",\"datePublished\":\"2024-11-15T11:02:10+00:00\",\"dateModified\":\"2025-08-29T08:33:34+00:00\",\"breadcrumb\":{\"@id\":\"https:\/\/erumhome.com\/fr\/producto\/porte-rouleau-de-cuisine\/#breadcrumb\"},\"inLanguage\":\"fr-FR\",\"potentialAction\":[{\"@type\":\"ReadAction\",\"target\":[\"https:\/\/erumhome.com\/fr\/producto\/porte-rouleau-de-cuisine\/\"]}]},{\"@type\":\"ImageObject\",\"inLanguage\":\"fr-FR\",\"@id\":\"https:\/\/erumhome.com\/fr\/producto\/porte-rouleau-de-cuisine\/#primaryimage\",\"url\":\"https:\/\/erumhome.com\/wp-content\/uploads\/2024\/11\/portarrollos-558-45-lima-ambiente-scaled.jpg\",\"contentUrl\":\"https:\/\/erumhome.com\/wp-content\/uploads\/2024\/11\/portarrollos-558-45-lima-ambiente-scaled.jpg\",\"width\":2560,\"height\":2560},{\"@type\":\"BreadcrumbList\",\"@id\":\"https:\/\/erumhome.com\/fr\/producto\/porte-rouleau-de-cuisine\/#breadcrumb\",\"itemListElement\":[{\"@type\":\"ListItem\",\"position\":1,\"name\":\"Portada\",\"item\":\"https:\/\/erumhome.com\/fr\/\"},{\"@type\":\"ListItem\",\"position\":2,\"name\":\"Boutique\",\"item\":\"https:\/\/erumhome.com\/catalogo\/\"},{\"@type\":\"ListItem\",\"position\":3,\"name\":\"Porte-rouleau de cuisine\"}]},{\"@type\":\"WebSite\",\"@id\":\"https:\/\/erumhome.com\/fr\/#website\",\"url\":\"https:\/\/erumhome.com\/fr\/\",\"name\":\"Erum home\",\"description\":\" \",\"publisher\":{\"@id\":\"https:\/\/erumhome.com\/fr\/#organization\"},\"potentialAction\":[{\"@type\":\"SearchAction\",\"target\":{\"@type\":\"EntryPoint\",\"urlTemplate\":\"https:\/\/erumhome.com\/fr\/?s={search_term_string}\"},\"query-input\":{\"@type\":\"PropertyValueSpecification\",\"valueRequired\":true,\"valueName\":\"search_term_string\"}}],\"inLanguage\":\"fr-FR\"},{\"@type\":\"Organization\",\"@id\":\"https:\/\/erumhome.com\/fr\/#organization\",\"name\":\"Erum home\",\"url\":\"https:\/\/erumhome.com\/fr\/\",\"logo\":{\"@type\":\"ImageObject\",\"inLanguage\":\"fr-FR\",\"@id\":\"https:\/\/erumhome.com\/fr\/#\/schema\/logo\/image\/\",\"url\":\"https:\/\/erumhome.com\/wp-content\/uploads\/2025\/01\/logotipo.svg\",\"contentUrl\":\"https:\/\/erumhome.com\/wp-content\/uploads\/2025\/01\/logotipo.svg\",\"width\":1287,\"height\":508,\"caption\":\"Erum home\"},\"image\":{\"@id\":\"https:\/\/erumhome.com\/fr\/#\/schema\/logo\/image\/\"}}]}<\/script>\n<!-- \/ Yoast SEO plugin. -->","yoast_head_json":{"title":"Porte-rouleau de cuisine - Erum home","robots":{"index":"index","follow":"follow","max-snippet":"max-snippet:-1","max-image-preview":"max-image-preview:large","max-video-preview":"max-video-preview:-1"},"canonical":"https:\/\/erumhome.com\/fr\/producto\/porte-rouleau-de-cuisine\/","og_locale":"fr_FR","og_type":"article","og_title":"Porte-rouleau de cuisine - Erum home","og_description":"Ce produit est un **porte-rouleau de cuisine**, sp\u00e9cialement con\u00e7u pour contenir des rouleaux de film en aluminium et en plastique, offrant ainsi une facilit\u00e9 et une commodit\u00e9 d'utilisation. Il pr\u00e9sente des couleurs attrayantes qui s'harmonisent avec le style de la cuisine et est fabriqu\u00e9 \u00e0 partir de mat\u00e9riaux de haute qualit\u00e9, ce qui garantit sa durabilit\u00e9 et sa solidit\u00e9.  Les dimensions du porte-rouleau sont **31,5 cm de long, 5 cm de large et 5 cm de haut**.","og_url":"https:\/\/erumhome.com\/fr\/producto\/porte-rouleau-de-cuisine\/","og_site_name":"Erum home","article_modified_time":"2025-08-29T08:33:34+00:00","og_image":[{"width":2560,"height":2560,"url":"https:\/\/erumhome.com\/wp-content\/uploads\/2024\/11\/portarrollos-558-45-lima-ambiente-scaled.jpg","type":"image\/jpeg"}],"twitter_card":"summary_large_image","schema":{"@context":"https:\/\/schema.org","@graph":[{"@type":"WebPage","@id":"https:\/\/erumhome.com\/fr\/producto\/porte-rouleau-de-cuisine\/","url":"https:\/\/erumhome.com\/fr\/producto\/porte-rouleau-de-cuisine\/","name":"Porte-rouleau de cuisine - Erum home","isPartOf":{"@id":"https:\/\/erumhome.com\/fr\/#website"},"primaryImageOfPage":{"@id":"https:\/\/erumhome.com\/fr\/producto\/porte-rouleau-de-cuisine\/#primaryimage"},"image":{"@id":"https:\/\/erumhome.com\/fr\/producto\/porte-rouleau-de-cuisine\/#primaryimage"},"thumbnailUrl":"https:\/\/erumhome.com\/wp-content\/uploads\/2024\/11\/portarrollos-558-45-lima-ambiente-scaled.jpg","datePublished":"2024-11-15T11:02:10+00:00","dateModified":"2025-08-29T08:33:34+00:00","breadcrumb":{"@id":"https:\/\/erumhome.com\/fr\/producto\/porte-rouleau-de-cuisine\/#breadcrumb"},"inLanguage":"fr-FR","potentialAction":[{"@type":"ReadAction","target":["https:\/\/erumhome.com\/fr\/producto\/porte-rouleau-de-cuisine\/"]}]},{"@type":"ImageObject","inLanguage":"fr-FR","@id":"https:\/\/erumhome.com\/fr\/producto\/porte-rouleau-de-cuisine\/#primaryimage","url":"https:\/\/erumhome.com\/wp-content\/uploads\/2024\/11\/portarrollos-558-45-lima-ambiente-scaled.jpg","contentUrl":"https:\/\/erumhome.com\/wp-content\/uploads\/2024\/11\/portarrollos-558-45-lima-ambiente-scaled.jpg","width":2560,"height":2560},{"@type":"BreadcrumbList","@id":"https:\/\/erumhome.com\/fr\/producto\/porte-rouleau-de-cuisine\/#breadcrumb","itemListElement":[{"@type":"ListItem","position":1,"name":"Portada","item":"https:\/\/erumhome.com\/fr\/"},{"@type":"ListItem","position":2,"name":"Boutique","item":"https:\/\/erumhome.com\/catalogo\/"},{"@type":"ListItem","position":3,"name":"Porte-rouleau de cuisine"}]},{"@type":"WebSite","@id":"https:\/\/erumhome.com\/fr\/#website","url":"https:\/\/erumhome.com\/fr\/","name":"Erum home","description":" ","publisher":{"@id":"https:\/\/erumhome.com\/fr\/#organization"},"potentialAction":[{"@type":"SearchAction","target":{"@type":"EntryPoint","urlTemplate":"https:\/\/erumhome.com\/fr\/?s={search_term_string}"},"query-input":{"@type":"PropertyValueSpecification","valueRequired":true,"valueName":"search_term_string"}}],"inLanguage":"fr-FR"},{"@type":"Organization","@id":"https:\/\/erumhome.com\/fr\/#organization","name":"Erum home","url":"https:\/\/erumhome.com\/fr\/","logo":{"@type":"ImageObject","inLanguage":"fr-FR","@id":"https:\/\/erumhome.com\/fr\/#\/schema\/logo\/image\/","url":"https:\/\/erumhome.com\/wp-content\/uploads\/2025\/01\/logotipo.svg","contentUrl":"https:\/\/erumhome.com\/wp-content\/uploads\/2025\/01\/logotipo.svg","width":1287,"height":508,"caption":"Erum home"},"image":{"@id":"https:\/\/erumhome.com\/fr\/#\/schema\/logo\/image\/"}}]}},"_links":{"self":[{"href":"https:\/\/erumhome.com\/fr\/wp-json\/wp\/v2\/product\/3850","targetHints":{"allow":["GET"]}}],"collection":[{"href":"https:\/\/erumhome.com\/fr\/wp-json\/wp\/v2\/product"}],"about":[{"href":"https:\/\/erumhome.com\/fr\/wp-json\/wp\/v2\/types\/product"}],"replies":[{"embeddable":true,"href":"https:\/\/erumhome.com\/fr\/wp-json\/wp\/v2\/comments?post=3850"}],"version-history":[{"count":1,"href":"https:\/\/erumhome.com\/fr\/wp-json\/wp\/v2\/product\/3850\/revisions"}],"predecessor-version":[{"id":6138,"href":"https:\/\/erumhome.com\/fr\/wp-json\/wp\/v2\/product\/3850\/revisions\/6138"}],"wp:featuredmedia":[{"embeddable":true,"href":"https:\/\/erumhome.com\/fr\/wp-json\/wp\/v2\/media\/6136"}],"wp:attachment":[{"href":"https:\/\/erumhome.com\/fr\/wp-json\/wp\/v2\/media?parent=3850"}],"wp:term":[{"taxonomy":"product_brand","embeddable":true,"href":"https:\/\/erumhome.com\/fr\/wp-json\/wp\/v2\/product_brand?post=3850"},{"taxonomy":"product_cat","embeddable":true,"href":"https:\/\/erumhome.com\/fr\/wp-json\/wp\/v2\/product_cat?post=3850"},{"taxonomy":"product_tag","embeddable":true,"href":"https:\/\/erumhome.com\/fr\/wp-json\/wp\/v2\/product_tag?post=3850"}],"curies":[{"name":"wp","href":"https:\/\/api.w.org\/{rel}","templated":true}]}}