{"id":3856,"date":"2024-11-15T13:23:36","date_gmt":"2024-11-15T12:23:36","guid":{"rendered":"https:\/\/erumhome.com\/producto\/planche-a-decouper-froide-petite\/"},"modified":"2025-08-29T10:31:27","modified_gmt":"2025-08-29T08:31:27","slug":"planche-a-decouper-froide-petite","status":"publish","type":"product","link":"https:\/\/erumhome.com\/fr\/producto\/planche-a-decouper-froide-petite\/","title":{"rendered":"Planche \u00e0 d\u00e9couper (petite)"},"content":{"rendered":"<p>&nbsp;<\/p>\n","protected":false},"excerpt":{"rendered":"<p>Emp\u00eache les m\u00e9langes d&rsquo;odeurs et garde vos aliments frais en permanence.<br \/>\nPlanche avec base antid\u00e9rapante<br \/>\nL\u00e9g\u00e8re, empilable et facile \u00e0 ranger<br \/>\nPlanche fabriqu\u00e9e \u00e0 partir de mati\u00e8res premi\u00e8res de haute qualit\u00e9.<br \/>\nPlanche \u00e0 d\u00e9couper tr\u00e8s r\u00e9sistante aux chocs et aux coupures.<\/p>\n","protected":false},"featured_media":6309,"comment_status":"open","ping_status":"closed","template":"","meta":{"site-sidebar-layout":"default","site-content-layout":"","ast-site-content-layout":"default","site-content-style":"default","site-sidebar-style":"default","ast-global-header-display":"","ast-banner-title-visibility":"","ast-main-header-display":"","ast-hfb-above-header-display":"","ast-hfb-below-header-display":"","ast-hfb-mobile-header-display":"","site-post-title":"","ast-breadcrumbs-content":"","ast-featured-img":"","footer-sml-layout":"","theme-transparent-header-meta":"default","adv-header-id-meta":"","stick-header-meta":"default","header-above-stick-meta":"","header-main-stick-meta":"","header-below-stick-meta":"","astra-migrate-meta-layouts":"default","ast-page-background-enabled":"default","ast-page-background-meta":{"desktop":{"background-color":"","background-image":"","background-repeat":"repeat","background-position":"center center","background-size":"auto","background-attachment":"scroll","background-type":"","background-media":"","overlay-type":"","overlay-color":"","overlay-opacity":"","overlay-gradient":""},"tablet":{"background-color":"","background-image":"","background-repeat":"repeat","background-position":"center center","background-size":"auto","background-attachment":"scroll","background-type":"","background-media":"","overlay-type":"","overlay-color":"","overlay-opacity":"","overlay-gradient":""},"mobile":{"background-color":"","background-image":"","background-repeat":"repeat","background-position":"center center","background-size":"auto","background-attachment":"scroll","background-type":"","background-media":"","overlay-type":"","overlay-color":"","overlay-opacity":"","overlay-gradient":""}},"ast-content-background-meta":{"desktop":{"background-color":"var(--ast-global-color-5)","background-image":"","background-repeat":"repeat","background-position":"center center","background-size":"auto","background-attachment":"scroll","background-type":"","background-media":"","overlay-type":"","overlay-color":"","overlay-opacity":"","overlay-gradient":""},"tablet":{"background-color":"var(--ast-global-color-5)","background-image":"","background-repeat":"repeat","background-position":"center center","background-size":"auto","background-attachment":"scroll","background-type":"","background-media":"","overlay-type":"","overlay-color":"","overlay-opacity":"","overlay-gradient":""},"mobile":{"background-color":"var(--ast-global-color-5)","background-image":"","background-repeat":"repeat","background-position":"center center","background-size":"auto","background-attachment":"scroll","background-type":"","background-media":"","overlay-type":"","overlay-color":"","overlay-opacity":"","overlay-gradient":""}}},"product_brand":[],"product_cat":[948,1027],"product_tag":[],"class_list":{"0":"post-3856","1":"product","2":"type-product","3":"status-publish","4":"has-post-thumbnail","6":"product_cat-cuisine","7":"product_cat-planches-a-decouper","8":"pa_color-blanc","9":"desktop-align-center","10":"tablet-align-center","11":"mobile-align-center","12":"ast-product-gallery-layout-vertical","13":"ast-product-tabs-layout-horizontal","15":"first","16":"instock","17":"shipping-taxable","18":"purchasable","19":"product-type-simple"},"yoast_head":"<!-- This site is optimized with the Yoast SEO plugin v25.8 - https:\/\/yoast.com\/wordpress\/plugins\/seo\/ -->\n<title>Planche \u00e0 d\u00e9couper (petite) - Erum home<\/title>\n<meta name=\"robots\" content=\"index, follow, max-snippet:-1, max-image-preview:large, max-video-preview:-1\" \/>\n<link rel=\"canonical\" href=\"https:\/\/erumhome.com\/fr\/producto\/planche-a-decouper-froide-petite\/\" \/>\n<meta property=\"og:locale\" content=\"fr_FR\" \/>\n<meta property=\"og:type\" content=\"article\" \/>\n<meta property=\"og:title\" content=\"Planche \u00e0 d\u00e9couper (petite) - Erum home\" \/>\n<meta property=\"og:description\" content=\"Emp\u00eache les m\u00e9langes d&#039;odeurs et garde vos aliments frais en permanence. Planche avec base antid\u00e9rapante L\u00e9g\u00e8re, empilable et facile \u00e0 ranger Planche fabriqu\u00e9e \u00e0 partir de mati\u00e8res premi\u00e8res de haute qualit\u00e9. Planche \u00e0 d\u00e9couper tr\u00e8s r\u00e9sistante aux chocs et aux coupures.\" \/>\n<meta property=\"og:url\" content=\"https:\/\/erumhome.com\/fr\/producto\/planche-a-decouper-froide-petite\/\" \/>\n<meta property=\"og:site_name\" content=\"Erum home\" \/>\n<meta property=\"article:modified_time\" content=\"2025-08-29T08:31:27+00:00\" \/>\n<meta property=\"og:image\" content=\"https:\/\/erumhome.com\/wp-content\/uploads\/2024\/11\/tabla-cortar-s-311-10-blanco-foto-principal-scaled.jpg\" \/>\n\t<meta property=\"og:image:width\" content=\"2560\" \/>\n\t<meta property=\"og:image:height\" content=\"2560\" \/>\n\t<meta property=\"og:image:type\" content=\"image\/jpeg\" \/>\n<meta name=\"twitter:card\" content=\"summary_large_image\" \/>\n<script type=\"application\/ld+json\" class=\"yoast-schema-graph\">{\"@context\":\"https:\/\/schema.org\",\"@graph\":[{\"@type\":\"WebPage\",\"@id\":\"https:\/\/erumhome.com\/fr\/producto\/planche-a-decouper-froide-petite\/\",\"url\":\"https:\/\/erumhome.com\/fr\/producto\/planche-a-decouper-froide-petite\/\",\"name\":\"Planche \u00e0 d\u00e9couper (petite) - Erum home\",\"isPartOf\":{\"@id\":\"https:\/\/erumhome.com\/fr\/#website\"},\"primaryImageOfPage\":{\"@id\":\"https:\/\/erumhome.com\/fr\/producto\/planche-a-decouper-froide-petite\/#primaryimage\"},\"image\":{\"@id\":\"https:\/\/erumhome.com\/fr\/producto\/planche-a-decouper-froide-petite\/#primaryimage\"},\"thumbnailUrl\":\"https:\/\/erumhome.com\/wp-content\/uploads\/2024\/11\/tabla-cortar-s-311-10-blanco-foto-principal-scaled.jpg\",\"datePublished\":\"2024-11-15T12:23:36+00:00\",\"dateModified\":\"2025-08-29T08:31:27+00:00\",\"breadcrumb\":{\"@id\":\"https:\/\/erumhome.com\/fr\/producto\/planche-a-decouper-froide-petite\/#breadcrumb\"},\"inLanguage\":\"fr-FR\",\"potentialAction\":[{\"@type\":\"ReadAction\",\"target\":[\"https:\/\/erumhome.com\/fr\/producto\/planche-a-decouper-froide-petite\/\"]}]},{\"@type\":\"ImageObject\",\"inLanguage\":\"fr-FR\",\"@id\":\"https:\/\/erumhome.com\/fr\/producto\/planche-a-decouper-froide-petite\/#primaryimage\",\"url\":\"https:\/\/erumhome.com\/wp-content\/uploads\/2024\/11\/tabla-cortar-s-311-10-blanco-foto-principal-scaled.jpg\",\"contentUrl\":\"https:\/\/erumhome.com\/wp-content\/uploads\/2024\/11\/tabla-cortar-s-311-10-blanco-foto-principal-scaled.jpg\",\"width\":2560,\"height\":2560},{\"@type\":\"BreadcrumbList\",\"@id\":\"https:\/\/erumhome.com\/fr\/producto\/planche-a-decouper-froide-petite\/#breadcrumb\",\"itemListElement\":[{\"@type\":\"ListItem\",\"position\":1,\"name\":\"Portada\",\"item\":\"https:\/\/erumhome.com\/fr\/\"},{\"@type\":\"ListItem\",\"position\":2,\"name\":\"Boutique\",\"item\":\"https:\/\/erumhome.com\/catalogo\/\"},{\"@type\":\"ListItem\",\"position\":3,\"name\":\"Planche \u00e0 d\u00e9couper (petite)\"}]},{\"@type\":\"WebSite\",\"@id\":\"https:\/\/erumhome.com\/fr\/#website\",\"url\":\"https:\/\/erumhome.com\/fr\/\",\"name\":\"Erum home\",\"description\":\" \",\"publisher\":{\"@id\":\"https:\/\/erumhome.com\/fr\/#organization\"},\"potentialAction\":[{\"@type\":\"SearchAction\",\"target\":{\"@type\":\"EntryPoint\",\"urlTemplate\":\"https:\/\/erumhome.com\/fr\/?s={search_term_string}\"},\"query-input\":{\"@type\":\"PropertyValueSpecification\",\"valueRequired\":true,\"valueName\":\"search_term_string\"}}],\"inLanguage\":\"fr-FR\"},{\"@type\":\"Organization\",\"@id\":\"https:\/\/erumhome.com\/fr\/#organization\",\"name\":\"Erum home\",\"url\":\"https:\/\/erumhome.com\/fr\/\",\"logo\":{\"@type\":\"ImageObject\",\"inLanguage\":\"fr-FR\",\"@id\":\"https:\/\/erumhome.com\/fr\/#\/schema\/logo\/image\/\",\"url\":\"https:\/\/erumhome.com\/wp-content\/uploads\/2025\/01\/logotipo.svg\",\"contentUrl\":\"https:\/\/erumhome.com\/wp-content\/uploads\/2025\/01\/logotipo.svg\",\"width\":1287,\"height\":508,\"caption\":\"Erum home\"},\"image\":{\"@id\":\"https:\/\/erumhome.com\/fr\/#\/schema\/logo\/image\/\"}}]}<\/script>\n<!-- \/ Yoast SEO plugin. -->","yoast_head_json":{"title":"Planche \u00e0 d\u00e9couper (petite) - Erum home","robots":{"index":"index","follow":"follow","max-snippet":"max-snippet:-1","max-image-preview":"max-image-preview:large","max-video-preview":"max-video-preview:-1"},"canonical":"https:\/\/erumhome.com\/fr\/producto\/planche-a-decouper-froide-petite\/","og_locale":"fr_FR","og_type":"article","og_title":"Planche \u00e0 d\u00e9couper (petite) - Erum home","og_description":"Emp\u00eache les m\u00e9langes d'odeurs et garde vos aliments frais en permanence. Planche avec base antid\u00e9rapante L\u00e9g\u00e8re, empilable et facile \u00e0 ranger Planche fabriqu\u00e9e \u00e0 partir de mati\u00e8res premi\u00e8res de haute qualit\u00e9. Planche \u00e0 d\u00e9couper tr\u00e8s r\u00e9sistante aux chocs et aux coupures.","og_url":"https:\/\/erumhome.com\/fr\/producto\/planche-a-decouper-froide-petite\/","og_site_name":"Erum home","article_modified_time":"2025-08-29T08:31:27+00:00","og_image":[{"width":2560,"height":2560,"url":"https:\/\/erumhome.com\/wp-content\/uploads\/2024\/11\/tabla-cortar-s-311-10-blanco-foto-principal-scaled.jpg","type":"image\/jpeg"}],"twitter_card":"summary_large_image","schema":{"@context":"https:\/\/schema.org","@graph":[{"@type":"WebPage","@id":"https:\/\/erumhome.com\/fr\/producto\/planche-a-decouper-froide-petite\/","url":"https:\/\/erumhome.com\/fr\/producto\/planche-a-decouper-froide-petite\/","name":"Planche \u00e0 d\u00e9couper (petite) - Erum home","isPartOf":{"@id":"https:\/\/erumhome.com\/fr\/#website"},"primaryImageOfPage":{"@id":"https:\/\/erumhome.com\/fr\/producto\/planche-a-decouper-froide-petite\/#primaryimage"},"image":{"@id":"https:\/\/erumhome.com\/fr\/producto\/planche-a-decouper-froide-petite\/#primaryimage"},"thumbnailUrl":"https:\/\/erumhome.com\/wp-content\/uploads\/2024\/11\/tabla-cortar-s-311-10-blanco-foto-principal-scaled.jpg","datePublished":"2024-11-15T12:23:36+00:00","dateModified":"2025-08-29T08:31:27+00:00","breadcrumb":{"@id":"https:\/\/erumhome.com\/fr\/producto\/planche-a-decouper-froide-petite\/#breadcrumb"},"inLanguage":"fr-FR","potentialAction":[{"@type":"ReadAction","target":["https:\/\/erumhome.com\/fr\/producto\/planche-a-decouper-froide-petite\/"]}]},{"@type":"ImageObject","inLanguage":"fr-FR","@id":"https:\/\/erumhome.com\/fr\/producto\/planche-a-decouper-froide-petite\/#primaryimage","url":"https:\/\/erumhome.com\/wp-content\/uploads\/2024\/11\/tabla-cortar-s-311-10-blanco-foto-principal-scaled.jpg","contentUrl":"https:\/\/erumhome.com\/wp-content\/uploads\/2024\/11\/tabla-cortar-s-311-10-blanco-foto-principal-scaled.jpg","width":2560,"height":2560},{"@type":"BreadcrumbList","@id":"https:\/\/erumhome.com\/fr\/producto\/planche-a-decouper-froide-petite\/#breadcrumb","itemListElement":[{"@type":"ListItem","position":1,"name":"Portada","item":"https:\/\/erumhome.com\/fr\/"},{"@type":"ListItem","position":2,"name":"Boutique","item":"https:\/\/erumhome.com\/catalogo\/"},{"@type":"ListItem","position":3,"name":"Planche \u00e0 d\u00e9couper (petite)"}]},{"@type":"WebSite","@id":"https:\/\/erumhome.com\/fr\/#website","url":"https:\/\/erumhome.com\/fr\/","name":"Erum home","description":" ","publisher":{"@id":"https:\/\/erumhome.com\/fr\/#organization"},"potentialAction":[{"@type":"SearchAction","target":{"@type":"EntryPoint","urlTemplate":"https:\/\/erumhome.com\/fr\/?s={search_term_string}"},"query-input":{"@type":"PropertyValueSpecification","valueRequired":true,"valueName":"search_term_string"}}],"inLanguage":"fr-FR"},{"@type":"Organization","@id":"https:\/\/erumhome.com\/fr\/#organization","name":"Erum home","url":"https:\/\/erumhome.com\/fr\/","logo":{"@type":"ImageObject","inLanguage":"fr-FR","@id":"https:\/\/erumhome.com\/fr\/#\/schema\/logo\/image\/","url":"https:\/\/erumhome.com\/wp-content\/uploads\/2025\/01\/logotipo.svg","contentUrl":"https:\/\/erumhome.com\/wp-content\/uploads\/2025\/01\/logotipo.svg","width":1287,"height":508,"caption":"Erum home"},"image":{"@id":"https:\/\/erumhome.com\/fr\/#\/schema\/logo\/image\/"}}]}},"_links":{"self":[{"href":"https:\/\/erumhome.com\/fr\/wp-json\/wp\/v2\/product\/3856","targetHints":{"allow":["GET"]}}],"collection":[{"href":"https:\/\/erumhome.com\/fr\/wp-json\/wp\/v2\/product"}],"about":[{"href":"https:\/\/erumhome.com\/fr\/wp-json\/wp\/v2\/types\/product"}],"replies":[{"embeddable":true,"href":"https:\/\/erumhome.com\/fr\/wp-json\/wp\/v2\/comments?post=3856"}],"version-history":[{"count":2,"href":"https:\/\/erumhome.com\/fr\/wp-json\/wp\/v2\/product\/3856\/revisions"}],"predecessor-version":[{"id":6647,"href":"https:\/\/erumhome.com\/fr\/wp-json\/wp\/v2\/product\/3856\/revisions\/6647"}],"wp:featuredmedia":[{"embeddable":true,"href":"https:\/\/erumhome.com\/fr\/wp-json\/wp\/v2\/media\/6309"}],"wp:attachment":[{"href":"https:\/\/erumhome.com\/fr\/wp-json\/wp\/v2\/media?parent=3856"}],"wp:term":[{"taxonomy":"product_brand","embeddable":true,"href":"https:\/\/erumhome.com\/fr\/wp-json\/wp\/v2\/product_brand?post=3856"},{"taxonomy":"product_cat","embeddable":true,"href":"https:\/\/erumhome.com\/fr\/wp-json\/wp\/v2\/product_cat?post=3856"},{"taxonomy":"product_tag","embeddable":true,"href":"https:\/\/erumhome.com\/fr\/wp-json\/wp\/v2\/product_tag?post=3856"}],"curies":[{"name":"wp","href":"https:\/\/api.w.org\/{rel}","templated":true}]}}