{"id":3911,"date":"2024-11-14T09:57:59","date_gmt":"2024-11-14T08:57:59","guid":{"rendered":"https:\/\/erumhome.com\/producto\/egouttoir-avec-plateau\/"},"modified":"2025-08-29T10:47:03","modified_gmt":"2025-08-29T08:47:03","slug":"egouttoir-avec-plateau","status":"publish","type":"product","link":"https:\/\/erumhome.com\/fr\/producto\/egouttoir-avec-plateau\/","title":{"rendered":"\u00c9gouttoir avec plateau"},"content":{"rendered":"","protected":false},"excerpt":{"rendered":"<p>Cet \u00e9gouttoir \u00e0 vaisselle avec plateau est un accessoire pratique et fonctionnel pour organiser la vaisselle dans la cuisine. Sa conception permet de trier facilement les diff\u00e9rents types d&rsquo;ustensiles, notamment les assiettes, les verres et les couverts, ce qui rend le s\u00e9chage plus ordonn\u00e9 et plus rapide. Il est fabriqu\u00e9 dans des mat\u00e9riaux de haute qualit\u00e9, ce qui garantit sa durabilit\u00e9 et sa r\u00e9sistance \u00e0 l&rsquo;usage quotidien.  <\/p>\n<p>L&rsquo;\u00e9gouttoir \u00e0 vaisselle mesure 48 cm de long, 38 cm de large et 10,5 cm de haut, ce qui offre suffisamment d&rsquo;espace pour accueillir plusieurs pi\u00e8ces de vaisselle. Il comprend un plateau inf\u00e9rieur qui recueille l&rsquo;eau, l&#8217;emp\u00eachant de se r\u00e9pandre sur la surface de cuisson et facilitant le nettoyage. <\/p>\n<p>Ce mod\u00e8le est disponible en plusieurs couleurs, dont le vert, le gris, le blanc, le beige et d\u2019autres, ce qui vous permet de choisir celle qui convient le mieux \u00e0 la d\u00e9coration de votre espace. Sa conception avec des s\u00e9parations et des espaces sp\u00e9cifiques permet de s\u00e9cher la vaisselle de mani\u00e8re s\u00fbre et efficace, ce qui en fait un accessoire id\u00e9al pour toute maison. <\/p>\n","protected":false},"featured_media":5680,"comment_status":"open","ping_status":"closed","template":"","meta":{"site-sidebar-layout":"default","site-content-layout":"","ast-site-content-layout":"default","site-content-style":"default","site-sidebar-style":"default","ast-global-header-display":"","ast-banner-title-visibility":"","ast-main-header-display":"","ast-hfb-above-header-display":"","ast-hfb-below-header-display":"","ast-hfb-mobile-header-display":"","site-post-title":"","ast-breadcrumbs-content":"","ast-featured-img":"","footer-sml-layout":"","theme-transparent-header-meta":"default","adv-header-id-meta":"","stick-header-meta":"default","header-above-stick-meta":"","header-main-stick-meta":"","header-below-stick-meta":"","astra-migrate-meta-layouts":"default","ast-page-background-enabled":"default","ast-page-background-meta":{"desktop":{"background-color":"","background-image":"","background-repeat":"repeat","background-position":"center center","background-size":"auto","background-attachment":"scroll","background-type":"","background-media":"","overlay-type":"","overlay-color":"","overlay-opacity":"","overlay-gradient":""},"tablet":{"background-color":"","background-image":"","background-repeat":"repeat","background-position":"center center","background-size":"auto","background-attachment":"scroll","background-type":"","background-media":"","overlay-type":"","overlay-color":"","overlay-opacity":"","overlay-gradient":""},"mobile":{"background-color":"","background-image":"","background-repeat":"repeat","background-position":"center center","background-size":"auto","background-attachment":"scroll","background-type":"","background-media":"","overlay-type":"","overlay-color":"","overlay-opacity":"","overlay-gradient":""}},"ast-content-background-meta":{"desktop":{"background-color":"var(--ast-global-color-5)","background-image":"","background-repeat":"repeat","background-position":"center center","background-size":"auto","background-attachment":"scroll","background-type":"","background-media":"","overlay-type":"","overlay-color":"","overlay-opacity":"","overlay-gradient":""},"tablet":{"background-color":"var(--ast-global-color-5)","background-image":"","background-repeat":"repeat","background-position":"center center","background-size":"auto","background-attachment":"scroll","background-type":"","background-media":"","overlay-type":"","overlay-color":"","overlay-opacity":"","overlay-gradient":""},"mobile":{"background-color":"var(--ast-global-color-5)","background-image":"","background-repeat":"repeat","background-position":"center center","background-size":"auto","background-attachment":"scroll","background-type":"","background-media":"","overlay-type":"","overlay-color":"","overlay-opacity":"","overlay-gradient":""}}},"product_brand":[],"product_cat":[948,1092],"product_tag":[],"class_list":{"0":"post-3911","1":"product","2":"type-product","3":"status-publish","4":"has-post-thumbnail","6":"product_cat-cuisine","7":"product_cat-draineurs","8":"pa_color-beige-fr","9":"pa_color-blanc","10":"pa_color-gris-fr","11":"pa_color-vert","12":"desktop-align-center","13":"tablet-align-center","14":"mobile-align-center","15":"ast-product-gallery-layout-vertical","16":"ast-product-single-variable","17":"ast-product-tabs-layout-horizontal","19":"first","20":"instock","21":"shipping-taxable","22":"purchasable","23":"product-type-variable","24":"wvs-archive-product-wrapper","25":"rtwpvg-product"},"yoast_head":"<!-- This site is optimized with the Yoast SEO plugin v25.8 - https:\/\/yoast.com\/wordpress\/plugins\/seo\/ -->\n<title>\u00c9gouttoir avec plateau - Erum home<\/title>\n<meta name=\"robots\" content=\"index, follow, max-snippet:-1, max-image-preview:large, max-video-preview:-1\" \/>\n<link rel=\"canonical\" href=\"https:\/\/erumhome.com\/fr\/producto\/egouttoir-avec-plateau\/\" \/>\n<meta property=\"og:locale\" content=\"fr_FR\" \/>\n<meta property=\"og:type\" content=\"article\" \/>\n<meta property=\"og:title\" content=\"\u00c9gouttoir avec plateau - Erum home\" \/>\n<meta property=\"og:description\" content=\"Cet \u00e9gouttoir \u00e0 vaisselle avec plateau est un accessoire pratique et fonctionnel pour organiser la vaisselle dans la cuisine. Sa conception permet de trier facilement les diff\u00e9rents types d&#039;ustensiles, notamment les assiettes, les verres et les couverts, ce qui rend le s\u00e9chage plus ordonn\u00e9 et plus rapide. Il est fabriqu\u00e9 dans des mat\u00e9riaux de haute qualit\u00e9, ce qui garantit sa durabilit\u00e9 et sa r\u00e9sistance \u00e0 l&#039;usage quotidien.  L&#039;\u00e9gouttoir \u00e0 vaisselle mesure 48 cm de long, 38 cm de large et 10,5 cm de haut, ce qui offre suffisamment d&#039;espace pour accueillir plusieurs pi\u00e8ces de vaisselle. Il comprend un plateau inf\u00e9rieur qui recueille l&#039;eau, l&#039;emp\u00eachant de se r\u00e9pandre sur la surface de cuisson et facilitant le nettoyage.  Ce mod\u00e8le est disponible en plusieurs couleurs, dont le vert, le gris, le blanc, le beige et d\u2019autres, ce qui vous permet de choisir celle qui convient le mieux \u00e0 la d\u00e9coration de votre espace. Sa conception avec des s\u00e9parations et des espaces sp\u00e9cifiques permet de s\u00e9cher la vaisselle de mani\u00e8re s\u00fbre et efficace, ce qui en fait un accessoire id\u00e9al pour toute maison.\" \/>\n<meta property=\"og:url\" content=\"https:\/\/erumhome.com\/fr\/producto\/egouttoir-avec-plateau\/\" \/>\n<meta property=\"og:site_name\" content=\"Erum home\" \/>\n<meta property=\"article:modified_time\" content=\"2025-08-29T08:47:03+00:00\" \/>\n<meta property=\"og:image\" content=\"https:\/\/erumhome.com\/wp-content\/uploads\/2024\/11\/escurreplatos-con-bandeja-565-10-blanco-foto-principal-scaled.jpg\" \/>\n\t<meta property=\"og:image:width\" content=\"2560\" \/>\n\t<meta property=\"og:image:height\" content=\"2560\" \/>\n\t<meta property=\"og:image:type\" content=\"image\/jpeg\" \/>\n<meta name=\"twitter:card\" content=\"summary_large_image\" \/>\n<script type=\"application\/ld+json\" class=\"yoast-schema-graph\">{\"@context\":\"https:\/\/schema.org\",\"@graph\":[{\"@type\":\"WebPage\",\"@id\":\"https:\/\/erumhome.com\/fr\/producto\/egouttoir-avec-plateau\/\",\"url\":\"https:\/\/erumhome.com\/fr\/producto\/egouttoir-avec-plateau\/\",\"name\":\"\u00c9gouttoir avec plateau - Erum home\",\"isPartOf\":{\"@id\":\"https:\/\/erumhome.com\/fr\/#website\"},\"primaryImageOfPage\":{\"@id\":\"https:\/\/erumhome.com\/fr\/producto\/egouttoir-avec-plateau\/#primaryimage\"},\"image\":{\"@id\":\"https:\/\/erumhome.com\/fr\/producto\/egouttoir-avec-plateau\/#primaryimage\"},\"thumbnailUrl\":\"https:\/\/erumhome.com\/wp-content\/uploads\/2024\/11\/escurreplatos-con-bandeja-565-10-blanco-foto-principal-scaled.jpg\",\"datePublished\":\"2024-11-14T08:57:59+00:00\",\"dateModified\":\"2025-08-29T08:47:03+00:00\",\"breadcrumb\":{\"@id\":\"https:\/\/erumhome.com\/fr\/producto\/egouttoir-avec-plateau\/#breadcrumb\"},\"inLanguage\":\"fr-FR\",\"potentialAction\":[{\"@type\":\"ReadAction\",\"target\":[\"https:\/\/erumhome.com\/fr\/producto\/egouttoir-avec-plateau\/\"]}]},{\"@type\":\"ImageObject\",\"inLanguage\":\"fr-FR\",\"@id\":\"https:\/\/erumhome.com\/fr\/producto\/egouttoir-avec-plateau\/#primaryimage\",\"url\":\"https:\/\/erumhome.com\/wp-content\/uploads\/2024\/11\/escurreplatos-con-bandeja-565-10-blanco-foto-principal-scaled.jpg\",\"contentUrl\":\"https:\/\/erumhome.com\/wp-content\/uploads\/2024\/11\/escurreplatos-con-bandeja-565-10-blanco-foto-principal-scaled.jpg\",\"width\":2560,\"height\":2560},{\"@type\":\"BreadcrumbList\",\"@id\":\"https:\/\/erumhome.com\/fr\/producto\/egouttoir-avec-plateau\/#breadcrumb\",\"itemListElement\":[{\"@type\":\"ListItem\",\"position\":1,\"name\":\"Portada\",\"item\":\"https:\/\/erumhome.com\/fr\/\"},{\"@type\":\"ListItem\",\"position\":2,\"name\":\"Boutique\",\"item\":\"https:\/\/erumhome.com\/catalogo\/\"},{\"@type\":\"ListItem\",\"position\":3,\"name\":\"\u00c9gouttoir avec plateau\"}]},{\"@type\":\"WebSite\",\"@id\":\"https:\/\/erumhome.com\/fr\/#website\",\"url\":\"https:\/\/erumhome.com\/fr\/\",\"name\":\"Erum home\",\"description\":\" \",\"publisher\":{\"@id\":\"https:\/\/erumhome.com\/fr\/#organization\"},\"potentialAction\":[{\"@type\":\"SearchAction\",\"target\":{\"@type\":\"EntryPoint\",\"urlTemplate\":\"https:\/\/erumhome.com\/fr\/?s={search_term_string}\"},\"query-input\":{\"@type\":\"PropertyValueSpecification\",\"valueRequired\":true,\"valueName\":\"search_term_string\"}}],\"inLanguage\":\"fr-FR\"},{\"@type\":\"Organization\",\"@id\":\"https:\/\/erumhome.com\/fr\/#organization\",\"name\":\"Erum home\",\"url\":\"https:\/\/erumhome.com\/fr\/\",\"logo\":{\"@type\":\"ImageObject\",\"inLanguage\":\"fr-FR\",\"@id\":\"https:\/\/erumhome.com\/fr\/#\/schema\/logo\/image\/\",\"url\":\"https:\/\/erumhome.com\/wp-content\/uploads\/2025\/01\/logotipo.svg\",\"contentUrl\":\"https:\/\/erumhome.com\/wp-content\/uploads\/2025\/01\/logotipo.svg\",\"width\":1287,\"height\":508,\"caption\":\"Erum home\"},\"image\":{\"@id\":\"https:\/\/erumhome.com\/fr\/#\/schema\/logo\/image\/\"}}]}<\/script>\n<!-- \/ Yoast SEO plugin. -->","yoast_head_json":{"title":"\u00c9gouttoir avec plateau - Erum home","robots":{"index":"index","follow":"follow","max-snippet":"max-snippet:-1","max-image-preview":"max-image-preview:large","max-video-preview":"max-video-preview:-1"},"canonical":"https:\/\/erumhome.com\/fr\/producto\/egouttoir-avec-plateau\/","og_locale":"fr_FR","og_type":"article","og_title":"\u00c9gouttoir avec plateau - Erum home","og_description":"Cet \u00e9gouttoir \u00e0 vaisselle avec plateau est un accessoire pratique et fonctionnel pour organiser la vaisselle dans la cuisine. Sa conception permet de trier facilement les diff\u00e9rents types d'ustensiles, notamment les assiettes, les verres et les couverts, ce qui rend le s\u00e9chage plus ordonn\u00e9 et plus rapide. Il est fabriqu\u00e9 dans des mat\u00e9riaux de haute qualit\u00e9, ce qui garantit sa durabilit\u00e9 et sa r\u00e9sistance \u00e0 l'usage quotidien.  L'\u00e9gouttoir \u00e0 vaisselle mesure 48 cm de long, 38 cm de large et 10,5 cm de haut, ce qui offre suffisamment d'espace pour accueillir plusieurs pi\u00e8ces de vaisselle. Il comprend un plateau inf\u00e9rieur qui recueille l'eau, l'emp\u00eachant de se r\u00e9pandre sur la surface de cuisson et facilitant le nettoyage.  Ce mod\u00e8le est disponible en plusieurs couleurs, dont le vert, le gris, le blanc, le beige et d\u2019autres, ce qui vous permet de choisir celle qui convient le mieux \u00e0 la d\u00e9coration de votre espace. Sa conception avec des s\u00e9parations et des espaces sp\u00e9cifiques permet de s\u00e9cher la vaisselle de mani\u00e8re s\u00fbre et efficace, ce qui en fait un accessoire id\u00e9al pour toute maison.","og_url":"https:\/\/erumhome.com\/fr\/producto\/egouttoir-avec-plateau\/","og_site_name":"Erum home","article_modified_time":"2025-08-29T08:47:03+00:00","og_image":[{"width":2560,"height":2560,"url":"https:\/\/erumhome.com\/wp-content\/uploads\/2024\/11\/escurreplatos-con-bandeja-565-10-blanco-foto-principal-scaled.jpg","type":"image\/jpeg"}],"twitter_card":"summary_large_image","schema":{"@context":"https:\/\/schema.org","@graph":[{"@type":"WebPage","@id":"https:\/\/erumhome.com\/fr\/producto\/egouttoir-avec-plateau\/","url":"https:\/\/erumhome.com\/fr\/producto\/egouttoir-avec-plateau\/","name":"\u00c9gouttoir avec plateau - Erum home","isPartOf":{"@id":"https:\/\/erumhome.com\/fr\/#website"},"primaryImageOfPage":{"@id":"https:\/\/erumhome.com\/fr\/producto\/egouttoir-avec-plateau\/#primaryimage"},"image":{"@id":"https:\/\/erumhome.com\/fr\/producto\/egouttoir-avec-plateau\/#primaryimage"},"thumbnailUrl":"https:\/\/erumhome.com\/wp-content\/uploads\/2024\/11\/escurreplatos-con-bandeja-565-10-blanco-foto-principal-scaled.jpg","datePublished":"2024-11-14T08:57:59+00:00","dateModified":"2025-08-29T08:47:03+00:00","breadcrumb":{"@id":"https:\/\/erumhome.com\/fr\/producto\/egouttoir-avec-plateau\/#breadcrumb"},"inLanguage":"fr-FR","potentialAction":[{"@type":"ReadAction","target":["https:\/\/erumhome.com\/fr\/producto\/egouttoir-avec-plateau\/"]}]},{"@type":"ImageObject","inLanguage":"fr-FR","@id":"https:\/\/erumhome.com\/fr\/producto\/egouttoir-avec-plateau\/#primaryimage","url":"https:\/\/erumhome.com\/wp-content\/uploads\/2024\/11\/escurreplatos-con-bandeja-565-10-blanco-foto-principal-scaled.jpg","contentUrl":"https:\/\/erumhome.com\/wp-content\/uploads\/2024\/11\/escurreplatos-con-bandeja-565-10-blanco-foto-principal-scaled.jpg","width":2560,"height":2560},{"@type":"BreadcrumbList","@id":"https:\/\/erumhome.com\/fr\/producto\/egouttoir-avec-plateau\/#breadcrumb","itemListElement":[{"@type":"ListItem","position":1,"name":"Portada","item":"https:\/\/erumhome.com\/fr\/"},{"@type":"ListItem","position":2,"name":"Boutique","item":"https:\/\/erumhome.com\/catalogo\/"},{"@type":"ListItem","position":3,"name":"\u00c9gouttoir avec plateau"}]},{"@type":"WebSite","@id":"https:\/\/erumhome.com\/fr\/#website","url":"https:\/\/erumhome.com\/fr\/","name":"Erum home","description":" ","publisher":{"@id":"https:\/\/erumhome.com\/fr\/#organization"},"potentialAction":[{"@type":"SearchAction","target":{"@type":"EntryPoint","urlTemplate":"https:\/\/erumhome.com\/fr\/?s={search_term_string}"},"query-input":{"@type":"PropertyValueSpecification","valueRequired":true,"valueName":"search_term_string"}}],"inLanguage":"fr-FR"},{"@type":"Organization","@id":"https:\/\/erumhome.com\/fr\/#organization","name":"Erum home","url":"https:\/\/erumhome.com\/fr\/","logo":{"@type":"ImageObject","inLanguage":"fr-FR","@id":"https:\/\/erumhome.com\/fr\/#\/schema\/logo\/image\/","url":"https:\/\/erumhome.com\/wp-content\/uploads\/2025\/01\/logotipo.svg","contentUrl":"https:\/\/erumhome.com\/wp-content\/uploads\/2025\/01\/logotipo.svg","width":1287,"height":508,"caption":"Erum home"},"image":{"@id":"https:\/\/erumhome.com\/fr\/#\/schema\/logo\/image\/"}}]}},"_links":{"self":[{"href":"https:\/\/erumhome.com\/fr\/wp-json\/wp\/v2\/product\/3911","targetHints":{"allow":["GET"]}}],"collection":[{"href":"https:\/\/erumhome.com\/fr\/wp-json\/wp\/v2\/product"}],"about":[{"href":"https:\/\/erumhome.com\/fr\/wp-json\/wp\/v2\/types\/product"}],"replies":[{"embeddable":true,"href":"https:\/\/erumhome.com\/fr\/wp-json\/wp\/v2\/comments?post=3911"}],"version-history":[{"count":2,"href":"https:\/\/erumhome.com\/fr\/wp-json\/wp\/v2\/product\/3911\/revisions"}],"predecessor-version":[{"id":7654,"href":"https:\/\/erumhome.com\/fr\/wp-json\/wp\/v2\/product\/3911\/revisions\/7654"}],"wp:featuredmedia":[{"embeddable":true,"href":"https:\/\/erumhome.com\/fr\/wp-json\/wp\/v2\/media\/5680"}],"wp:attachment":[{"href":"https:\/\/erumhome.com\/fr\/wp-json\/wp\/v2\/media?parent=3911"}],"wp:term":[{"taxonomy":"product_brand","embeddable":true,"href":"https:\/\/erumhome.com\/fr\/wp-json\/wp\/v2\/product_brand?post=3911"},{"taxonomy":"product_cat","embeddable":true,"href":"https:\/\/erumhome.com\/fr\/wp-json\/wp\/v2\/product_cat?post=3911"},{"taxonomy":"product_tag","embeddable":true,"href":"https:\/\/erumhome.com\/fr\/wp-json\/wp\/v2\/product_tag?post=3911"}],"curies":[{"name":"wp","href":"https:\/\/api.w.org\/{rel}","templated":true}]}}