{"id":3922,"date":"2024-11-14T09:23:50","date_gmt":"2024-11-14T08:23:50","guid":{"rendered":"https:\/\/erumhome.com\/producto\/egouttoir-blanc\/"},"modified":"2025-08-29T11:19:06","modified_gmt":"2025-08-29T09:19:06","slug":"egouttoir-blanc","status":"publish","type":"product","link":"https:\/\/erumhome.com\/fr\/producto\/egouttoir-blanc\/","title":{"rendered":"Planche d&rsquo;\u00e9gouttage blanche"},"content":{"rendered":"","protected":false},"excerpt":{"rendered":"<p>Cet \u00e9gouttoir \u00e0 couverts est un accessoire de cuisine con\u00e7u pour ranger et organiser les couverts apr\u00e8s le lavage, en leur permettant de s\u00e9cher correctement. De couleur blanche, il est fabriqu\u00e9 en polypropyl\u00e8ne, un mat\u00e9riau durable et r\u00e9sistant \u00e0 l&rsquo;humidit\u00e9, id\u00e9al pour les environnements de cuisine. <\/p>\n<p>Ses dimensions sont de 21 cm de long, 11 cm de large et 16 cm de haut, ce qui le rend compact et facile \u00e0 placer sur le plan de travail ou \u00e0 c\u00f4t\u00e9 de l&rsquo;\u00e9vier. Sa conception perfor\u00e9e permet la circulation de l&rsquo;air, ce qui acc\u00e9l\u00e8re le s\u00e9chage des couverts. L&rsquo;int\u00e9rieur est divis\u00e9 en compartiments, ce qui facilite l&rsquo;organisation des diff\u00e9rents types d&rsquo;ustensiles, tels que les couteaux, les fourchettes, les cuill\u00e8res, etc.  <\/p>\n<p>Ce produit est disponible pour la vente au d\u00e9tail et la vente en gros, \u00e0 raison de 8 unit\u00e9s par bo\u00eete. Chaque bo\u00eete mesure 43 x 23,5 x 54 cm et p\u00e8se 3,6 kg. Elle est id\u00e9ale pour une utilisation en cuisine int\u00e9rieure et constitue une solution pratique et fonctionnelle pour le stockage temporaire de couverts mouill\u00e9s.  <\/p>\n","protected":false},"featured_media":5623,"comment_status":"open","ping_status":"closed","template":"","meta":{"site-sidebar-layout":"default","site-content-layout":"","ast-site-content-layout":"default","site-content-style":"default","site-sidebar-style":"default","ast-global-header-display":"","ast-banner-title-visibility":"","ast-main-header-display":"","ast-hfb-above-header-display":"","ast-hfb-below-header-display":"","ast-hfb-mobile-header-display":"","site-post-title":"","ast-breadcrumbs-content":"","ast-featured-img":"","footer-sml-layout":"","theme-transparent-header-meta":"default","adv-header-id-meta":"","stick-header-meta":"default","header-above-stick-meta":"","header-main-stick-meta":"","header-below-stick-meta":"","astra-migrate-meta-layouts":"default","ast-page-background-enabled":"default","ast-page-background-meta":{"desktop":{"background-color":"","background-image":"","background-repeat":"repeat","background-position":"center center","background-size":"auto","background-attachment":"scroll","background-type":"","background-media":"","overlay-type":"","overlay-color":"","overlay-opacity":"","overlay-gradient":""},"tablet":{"background-color":"","background-image":"","background-repeat":"repeat","background-position":"center center","background-size":"auto","background-attachment":"scroll","background-type":"","background-media":"","overlay-type":"","overlay-color":"","overlay-opacity":"","overlay-gradient":""},"mobile":{"background-color":"","background-image":"","background-repeat":"repeat","background-position":"center center","background-size":"auto","background-attachment":"scroll","background-type":"","background-media":"","overlay-type":"","overlay-color":"","overlay-opacity":"","overlay-gradient":""}},"ast-content-background-meta":{"desktop":{"background-color":"var(--ast-global-color-5)","background-image":"","background-repeat":"repeat","background-position":"center center","background-size":"auto","background-attachment":"scroll","background-type":"","background-media":"","overlay-type":"","overlay-color":"","overlay-opacity":"","overlay-gradient":""},"tablet":{"background-color":"var(--ast-global-color-5)","background-image":"","background-repeat":"repeat","background-position":"center center","background-size":"auto","background-attachment":"scroll","background-type":"","background-media":"","overlay-type":"","overlay-color":"","overlay-opacity":"","overlay-gradient":""},"mobile":{"background-color":"var(--ast-global-color-5)","background-image":"","background-repeat":"repeat","background-position":"center center","background-size":"auto","background-attachment":"scroll","background-type":"","background-media":"","overlay-type":"","overlay-color":"","overlay-opacity":"","overlay-gradient":""}}},"product_brand":[],"product_cat":[948,1092],"product_tag":[],"class_list":{"0":"post-3922","1":"product","2":"type-product","3":"status-publish","4":"has-post-thumbnail","6":"product_cat-cuisine","7":"product_cat-draineurs","8":"pa_color-blanc","9":"desktop-align-center","10":"tablet-align-center","11":"mobile-align-center","12":"ast-product-gallery-layout-vertical","13":"ast-product-tabs-layout-horizontal","15":"first","16":"instock","17":"shipping-taxable","18":"purchasable","19":"product-type-simple"},"yoast_head":"<!-- This site is optimized with the Yoast SEO plugin v25.8 - https:\/\/yoast.com\/wordpress\/plugins\/seo\/ -->\n<title>Planche d&#039;\u00e9gouttage blanche - Erum home<\/title>\n<meta name=\"robots\" content=\"index, follow, max-snippet:-1, max-image-preview:large, max-video-preview:-1\" \/>\n<link rel=\"canonical\" href=\"https:\/\/erumhome.com\/fr\/producto\/egouttoir-blanc\/\" \/>\n<meta property=\"og:locale\" content=\"fr_FR\" \/>\n<meta property=\"og:type\" content=\"article\" \/>\n<meta property=\"og:title\" content=\"Planche d&#039;\u00e9gouttage blanche - Erum home\" \/>\n<meta property=\"og:description\" content=\"Cet \u00e9gouttoir \u00e0 couverts est un accessoire de cuisine con\u00e7u pour ranger et organiser les couverts apr\u00e8s le lavage, en leur permettant de s\u00e9cher correctement. De couleur blanche, il est fabriqu\u00e9 en polypropyl\u00e8ne, un mat\u00e9riau durable et r\u00e9sistant \u00e0 l&#039;humidit\u00e9, id\u00e9al pour les environnements de cuisine.  Ses dimensions sont de 21 cm de long, 11 cm de large et 16 cm de haut, ce qui le rend compact et facile \u00e0 placer sur le plan de travail ou \u00e0 c\u00f4t\u00e9 de l&#039;\u00e9vier. Sa conception perfor\u00e9e permet la circulation de l&#039;air, ce qui acc\u00e9l\u00e8re le s\u00e9chage des couverts. L&#039;int\u00e9rieur est divis\u00e9 en compartiments, ce qui facilite l&#039;organisation des diff\u00e9rents types d&#039;ustensiles, tels que les couteaux, les fourchettes, les cuill\u00e8res, etc.  Ce produit est disponible pour la vente au d\u00e9tail et la vente en gros, \u00e0 raison de 8 unit\u00e9s par bo\u00eete. Chaque bo\u00eete mesure 43 x 23,5 x 54 cm et p\u00e8se 3,6 kg. Elle est id\u00e9ale pour une utilisation en cuisine int\u00e9rieure et constitue une solution pratique et fonctionnelle pour le stockage temporaire de couverts mouill\u00e9s.\" \/>\n<meta property=\"og:url\" content=\"https:\/\/erumhome.com\/fr\/producto\/egouttoir-blanc\/\" \/>\n<meta property=\"og:site_name\" content=\"Erum home\" \/>\n<meta property=\"article:modified_time\" content=\"2025-08-29T09:19:06+00:00\" \/>\n<meta property=\"og:image\" content=\"https:\/\/erumhome.com\/wp-content\/uploads\/2024\/11\/escurrecubiertos-413-10-blanco-cocina-foto-principal-scaled.jpg\" \/>\n\t<meta property=\"og:image:width\" content=\"2560\" \/>\n\t<meta property=\"og:image:height\" content=\"2560\" \/>\n\t<meta property=\"og:image:type\" content=\"image\/jpeg\" \/>\n<meta name=\"twitter:card\" content=\"summary_large_image\" \/>\n<script type=\"application\/ld+json\" class=\"yoast-schema-graph\">{\"@context\":\"https:\/\/schema.org\",\"@graph\":[{\"@type\":\"WebPage\",\"@id\":\"https:\/\/erumhome.com\/fr\/producto\/egouttoir-blanc\/\",\"url\":\"https:\/\/erumhome.com\/fr\/producto\/egouttoir-blanc\/\",\"name\":\"Planche d'\u00e9gouttage blanche - Erum home\",\"isPartOf\":{\"@id\":\"https:\/\/erumhome.com\/fr\/#website\"},\"primaryImageOfPage\":{\"@id\":\"https:\/\/erumhome.com\/fr\/producto\/egouttoir-blanc\/#primaryimage\"},\"image\":{\"@id\":\"https:\/\/erumhome.com\/fr\/producto\/egouttoir-blanc\/#primaryimage\"},\"thumbnailUrl\":\"https:\/\/erumhome.com\/wp-content\/uploads\/2024\/11\/escurrecubiertos-413-10-blanco-cocina-foto-principal-scaled.jpg\",\"datePublished\":\"2024-11-14T08:23:50+00:00\",\"dateModified\":\"2025-08-29T09:19:06+00:00\",\"breadcrumb\":{\"@id\":\"https:\/\/erumhome.com\/fr\/producto\/egouttoir-blanc\/#breadcrumb\"},\"inLanguage\":\"fr-FR\",\"potentialAction\":[{\"@type\":\"ReadAction\",\"target\":[\"https:\/\/erumhome.com\/fr\/producto\/egouttoir-blanc\/\"]}]},{\"@type\":\"ImageObject\",\"inLanguage\":\"fr-FR\",\"@id\":\"https:\/\/erumhome.com\/fr\/producto\/egouttoir-blanc\/#primaryimage\",\"url\":\"https:\/\/erumhome.com\/wp-content\/uploads\/2024\/11\/escurrecubiertos-413-10-blanco-cocina-foto-principal-scaled.jpg\",\"contentUrl\":\"https:\/\/erumhome.com\/wp-content\/uploads\/2024\/11\/escurrecubiertos-413-10-blanco-cocina-foto-principal-scaled.jpg\",\"width\":2560,\"height\":2560},{\"@type\":\"BreadcrumbList\",\"@id\":\"https:\/\/erumhome.com\/fr\/producto\/egouttoir-blanc\/#breadcrumb\",\"itemListElement\":[{\"@type\":\"ListItem\",\"position\":1,\"name\":\"Portada\",\"item\":\"https:\/\/erumhome.com\/fr\/\"},{\"@type\":\"ListItem\",\"position\":2,\"name\":\"Boutique\",\"item\":\"https:\/\/erumhome.com\/catalogo\/\"},{\"@type\":\"ListItem\",\"position\":3,\"name\":\"Planche d&rsquo;\u00e9gouttage blanche\"}]},{\"@type\":\"WebSite\",\"@id\":\"https:\/\/erumhome.com\/fr\/#website\",\"url\":\"https:\/\/erumhome.com\/fr\/\",\"name\":\"Erum home\",\"description\":\" \",\"publisher\":{\"@id\":\"https:\/\/erumhome.com\/fr\/#organization\"},\"potentialAction\":[{\"@type\":\"SearchAction\",\"target\":{\"@type\":\"EntryPoint\",\"urlTemplate\":\"https:\/\/erumhome.com\/fr\/?s={search_term_string}\"},\"query-input\":{\"@type\":\"PropertyValueSpecification\",\"valueRequired\":true,\"valueName\":\"search_term_string\"}}],\"inLanguage\":\"fr-FR\"},{\"@type\":\"Organization\",\"@id\":\"https:\/\/erumhome.com\/fr\/#organization\",\"name\":\"Erum home\",\"url\":\"https:\/\/erumhome.com\/fr\/\",\"logo\":{\"@type\":\"ImageObject\",\"inLanguage\":\"fr-FR\",\"@id\":\"https:\/\/erumhome.com\/fr\/#\/schema\/logo\/image\/\",\"url\":\"https:\/\/erumhome.com\/wp-content\/uploads\/2025\/01\/logotipo.svg\",\"contentUrl\":\"https:\/\/erumhome.com\/wp-content\/uploads\/2025\/01\/logotipo.svg\",\"width\":1287,\"height\":508,\"caption\":\"Erum home\"},\"image\":{\"@id\":\"https:\/\/erumhome.com\/fr\/#\/schema\/logo\/image\/\"}}]}<\/script>\n<!-- \/ Yoast SEO plugin. -->","yoast_head_json":{"title":"Planche d'\u00e9gouttage blanche - Erum home","robots":{"index":"index","follow":"follow","max-snippet":"max-snippet:-1","max-image-preview":"max-image-preview:large","max-video-preview":"max-video-preview:-1"},"canonical":"https:\/\/erumhome.com\/fr\/producto\/egouttoir-blanc\/","og_locale":"fr_FR","og_type":"article","og_title":"Planche d'\u00e9gouttage blanche - Erum home","og_description":"Cet \u00e9gouttoir \u00e0 couverts est un accessoire de cuisine con\u00e7u pour ranger et organiser les couverts apr\u00e8s le lavage, en leur permettant de s\u00e9cher correctement. De couleur blanche, il est fabriqu\u00e9 en polypropyl\u00e8ne, un mat\u00e9riau durable et r\u00e9sistant \u00e0 l'humidit\u00e9, id\u00e9al pour les environnements de cuisine.  Ses dimensions sont de 21 cm de long, 11 cm de large et 16 cm de haut, ce qui le rend compact et facile \u00e0 placer sur le plan de travail ou \u00e0 c\u00f4t\u00e9 de l'\u00e9vier. Sa conception perfor\u00e9e permet la circulation de l'air, ce qui acc\u00e9l\u00e8re le s\u00e9chage des couverts. L'int\u00e9rieur est divis\u00e9 en compartiments, ce qui facilite l'organisation des diff\u00e9rents types d'ustensiles, tels que les couteaux, les fourchettes, les cuill\u00e8res, etc.  Ce produit est disponible pour la vente au d\u00e9tail et la vente en gros, \u00e0 raison de 8 unit\u00e9s par bo\u00eete. Chaque bo\u00eete mesure 43 x 23,5 x 54 cm et p\u00e8se 3,6 kg. Elle est id\u00e9ale pour une utilisation en cuisine int\u00e9rieure et constitue une solution pratique et fonctionnelle pour le stockage temporaire de couverts mouill\u00e9s.","og_url":"https:\/\/erumhome.com\/fr\/producto\/egouttoir-blanc\/","og_site_name":"Erum home","article_modified_time":"2025-08-29T09:19:06+00:00","og_image":[{"width":2560,"height":2560,"url":"https:\/\/erumhome.com\/wp-content\/uploads\/2024\/11\/escurrecubiertos-413-10-blanco-cocina-foto-principal-scaled.jpg","type":"image\/jpeg"}],"twitter_card":"summary_large_image","schema":{"@context":"https:\/\/schema.org","@graph":[{"@type":"WebPage","@id":"https:\/\/erumhome.com\/fr\/producto\/egouttoir-blanc\/","url":"https:\/\/erumhome.com\/fr\/producto\/egouttoir-blanc\/","name":"Planche d'\u00e9gouttage blanche - Erum home","isPartOf":{"@id":"https:\/\/erumhome.com\/fr\/#website"},"primaryImageOfPage":{"@id":"https:\/\/erumhome.com\/fr\/producto\/egouttoir-blanc\/#primaryimage"},"image":{"@id":"https:\/\/erumhome.com\/fr\/producto\/egouttoir-blanc\/#primaryimage"},"thumbnailUrl":"https:\/\/erumhome.com\/wp-content\/uploads\/2024\/11\/escurrecubiertos-413-10-blanco-cocina-foto-principal-scaled.jpg","datePublished":"2024-11-14T08:23:50+00:00","dateModified":"2025-08-29T09:19:06+00:00","breadcrumb":{"@id":"https:\/\/erumhome.com\/fr\/producto\/egouttoir-blanc\/#breadcrumb"},"inLanguage":"fr-FR","potentialAction":[{"@type":"ReadAction","target":["https:\/\/erumhome.com\/fr\/producto\/egouttoir-blanc\/"]}]},{"@type":"ImageObject","inLanguage":"fr-FR","@id":"https:\/\/erumhome.com\/fr\/producto\/egouttoir-blanc\/#primaryimage","url":"https:\/\/erumhome.com\/wp-content\/uploads\/2024\/11\/escurrecubiertos-413-10-blanco-cocina-foto-principal-scaled.jpg","contentUrl":"https:\/\/erumhome.com\/wp-content\/uploads\/2024\/11\/escurrecubiertos-413-10-blanco-cocina-foto-principal-scaled.jpg","width":2560,"height":2560},{"@type":"BreadcrumbList","@id":"https:\/\/erumhome.com\/fr\/producto\/egouttoir-blanc\/#breadcrumb","itemListElement":[{"@type":"ListItem","position":1,"name":"Portada","item":"https:\/\/erumhome.com\/fr\/"},{"@type":"ListItem","position":2,"name":"Boutique","item":"https:\/\/erumhome.com\/catalogo\/"},{"@type":"ListItem","position":3,"name":"Planche d&rsquo;\u00e9gouttage blanche"}]},{"@type":"WebSite","@id":"https:\/\/erumhome.com\/fr\/#website","url":"https:\/\/erumhome.com\/fr\/","name":"Erum home","description":" ","publisher":{"@id":"https:\/\/erumhome.com\/fr\/#organization"},"potentialAction":[{"@type":"SearchAction","target":{"@type":"EntryPoint","urlTemplate":"https:\/\/erumhome.com\/fr\/?s={search_term_string}"},"query-input":{"@type":"PropertyValueSpecification","valueRequired":true,"valueName":"search_term_string"}}],"inLanguage":"fr-FR"},{"@type":"Organization","@id":"https:\/\/erumhome.com\/fr\/#organization","name":"Erum home","url":"https:\/\/erumhome.com\/fr\/","logo":{"@type":"ImageObject","inLanguage":"fr-FR","@id":"https:\/\/erumhome.com\/fr\/#\/schema\/logo\/image\/","url":"https:\/\/erumhome.com\/wp-content\/uploads\/2025\/01\/logotipo.svg","contentUrl":"https:\/\/erumhome.com\/wp-content\/uploads\/2025\/01\/logotipo.svg","width":1287,"height":508,"caption":"Erum home"},"image":{"@id":"https:\/\/erumhome.com\/fr\/#\/schema\/logo\/image\/"}}]}},"_links":{"self":[{"href":"https:\/\/erumhome.com\/fr\/wp-json\/wp\/v2\/product\/3922","targetHints":{"allow":["GET"]}}],"collection":[{"href":"https:\/\/erumhome.com\/fr\/wp-json\/wp\/v2\/product"}],"about":[{"href":"https:\/\/erumhome.com\/fr\/wp-json\/wp\/v2\/types\/product"}],"replies":[{"embeddable":true,"href":"https:\/\/erumhome.com\/fr\/wp-json\/wp\/v2\/comments?post=3922"}],"version-history":[{"count":2,"href":"https:\/\/erumhome.com\/fr\/wp-json\/wp\/v2\/product\/3922\/revisions"}],"predecessor-version":[{"id":7038,"href":"https:\/\/erumhome.com\/fr\/wp-json\/wp\/v2\/product\/3922\/revisions\/7038"}],"wp:featuredmedia":[{"embeddable":true,"href":"https:\/\/erumhome.com\/fr\/wp-json\/wp\/v2\/media\/5623"}],"wp:attachment":[{"href":"https:\/\/erumhome.com\/fr\/wp-json\/wp\/v2\/media?parent=3922"}],"wp:term":[{"taxonomy":"product_brand","embeddable":true,"href":"https:\/\/erumhome.com\/fr\/wp-json\/wp\/v2\/product_brand?post=3922"},{"taxonomy":"product_cat","embeddable":true,"href":"https:\/\/erumhome.com\/fr\/wp-json\/wp\/v2\/product_cat?post=3922"},{"taxonomy":"product_tag","embeddable":true,"href":"https:\/\/erumhome.com\/fr\/wp-json\/wp\/v2\/product_tag?post=3922"}],"curies":[{"name":"wp","href":"https:\/\/api.w.org\/{rel}","templated":true}]}}