{"id":3943,"date":"2024-11-14T12:23:23","date_gmt":"2024-11-14T11:23:23","guid":{"rendered":"https:\/\/erumhome.com\/producto\/couvercle-viratortillas-28cm\/"},"modified":"2025-08-29T10:41:34","modified_gmt":"2025-08-29T08:41:34","slug":"couvercle-viratortillas-28cm","status":"publish","type":"product","link":"https:\/\/erumhome.com\/fr\/producto\/couvercle-viratortillas-28cm\/","title":{"rendered":"Couvercle en agglom\u00e9r\u00e9 28cm"},"content":{"rendered":"","protected":false},"excerpt":{"rendered":"<p>Ce produit est un retourneur de tortillas **28 cm**, con\u00e7u pour faciliter la pr\u00e9paration des tortillas de mani\u00e8re simple et s\u00fbre. Vous trouverez ci-dessous ses principales caract\u00e9ristiques : <\/p>\n<p>Ce retourneur d&rsquo;omelette est un outil utile dans la cuisine pour tous ceux qui souhaitent pr\u00e9parer des omelettes rapidement et avec des r\u00e9sultats constants. Sa conception le rend facile \u00e0 manipuler et r\u00e9duit le risque de briser les aliments lorsqu&rsquo;ils sont retourn\u00e9s. <\/p>\n","protected":false},"featured_media":6351,"comment_status":"open","ping_status":"closed","template":"","meta":{"site-sidebar-layout":"default","site-content-layout":"","ast-site-content-layout":"default","site-content-style":"default","site-sidebar-style":"default","ast-global-header-display":"","ast-banner-title-visibility":"","ast-main-header-display":"","ast-hfb-above-header-display":"","ast-hfb-below-header-display":"","ast-hfb-mobile-header-display":"","site-post-title":"","ast-breadcrumbs-content":"","ast-featured-img":"","footer-sml-layout":"","theme-transparent-header-meta":"default","adv-header-id-meta":"","stick-header-meta":"default","header-above-stick-meta":"","header-main-stick-meta":"","header-below-stick-meta":"","astra-migrate-meta-layouts":"default","ast-page-background-enabled":"default","ast-page-background-meta":{"desktop":{"background-color":"","background-image":"","background-repeat":"repeat","background-position":"center center","background-size":"auto","background-attachment":"scroll","background-type":"","background-media":"","overlay-type":"","overlay-color":"","overlay-opacity":"","overlay-gradient":""},"tablet":{"background-color":"","background-image":"","background-repeat":"repeat","background-position":"center center","background-size":"auto","background-attachment":"scroll","background-type":"","background-media":"","overlay-type":"","overlay-color":"","overlay-opacity":"","overlay-gradient":""},"mobile":{"background-color":"","background-image":"","background-repeat":"repeat","background-position":"center center","background-size":"auto","background-attachment":"scroll","background-type":"","background-media":"","overlay-type":"","overlay-color":"","overlay-opacity":"","overlay-gradient":""}},"ast-content-background-meta":{"desktop":{"background-color":"var(--ast-global-color-5)","background-image":"","background-repeat":"repeat","background-position":"center center","background-size":"auto","background-attachment":"scroll","background-type":"","background-media":"","overlay-type":"","overlay-color":"","overlay-opacity":"","overlay-gradient":""},"tablet":{"background-color":"var(--ast-global-color-5)","background-image":"","background-repeat":"repeat","background-position":"center center","background-size":"auto","background-attachment":"scroll","background-type":"","background-media":"","overlay-type":"","overlay-color":"","overlay-opacity":"","overlay-gradient":""},"mobile":{"background-color":"var(--ast-global-color-5)","background-image":"","background-repeat":"repeat","background-position":"center center","background-size":"auto","background-attachment":"scroll","background-type":"","background-media":"","overlay-type":"","overlay-color":"","overlay-opacity":"","overlay-gradient":""}}},"product_brand":[],"product_cat":[1137,948],"product_tag":[],"class_list":{"0":"post-3943","1":"product","2":"type-product","3":"status-publish","4":"has-post-thumbnail","6":"product_cat-couvertures","7":"product_cat-cuisine","8":"pa_color-blanc","9":"pa_color-gris-fr","10":"pa_color-vert","11":"desktop-align-center","12":"tablet-align-center","13":"mobile-align-center","14":"ast-product-gallery-layout-vertical","15":"ast-product-single-variable","16":"ast-product-tabs-layout-horizontal","18":"first","19":"instock","20":"shipping-taxable","21":"purchasable","22":"product-type-variable","23":"wvs-archive-product-wrapper","24":"rtwpvg-product"},"yoast_head":"<!-- This site is optimized with the Yoast SEO plugin v25.8 - https:\/\/yoast.com\/wordpress\/plugins\/seo\/ -->\n<title>Couvercle en agglom\u00e9r\u00e9 28cm - Erum home<\/title>\n<meta name=\"robots\" content=\"index, follow, max-snippet:-1, max-image-preview:large, max-video-preview:-1\" \/>\n<link rel=\"canonical\" href=\"https:\/\/erumhome.com\/fr\/producto\/couvercle-viratortillas-28cm\/\" \/>\n<meta property=\"og:locale\" content=\"fr_FR\" \/>\n<meta property=\"og:type\" content=\"article\" \/>\n<meta property=\"og:title\" content=\"Couvercle en agglom\u00e9r\u00e9 28cm - Erum home\" \/>\n<meta property=\"og:description\" content=\"Ce produit est un retourneur de tortillas **28 cm**, con\u00e7u pour faciliter la pr\u00e9paration des tortillas de mani\u00e8re simple et s\u00fbre. Vous trouverez ci-dessous ses principales caract\u00e9ristiques :  Ce retourneur d&#039;omelette est un outil utile dans la cuisine pour tous ceux qui souhaitent pr\u00e9parer des omelettes rapidement et avec des r\u00e9sultats constants. Sa conception le rend facile \u00e0 manipuler et r\u00e9duit le risque de briser les aliments lorsqu&#039;ils sont retourn\u00e9s.\" \/>\n<meta property=\"og:url\" content=\"https:\/\/erumhome.com\/fr\/producto\/couvercle-viratortillas-28cm\/\" \/>\n<meta property=\"og:site_name\" content=\"Erum home\" \/>\n<meta property=\"article:modified_time\" content=\"2025-08-29T08:41:34+00:00\" \/>\n<meta property=\"og:image\" content=\"https:\/\/erumhome.com\/wp-content\/uploads\/2024\/11\/tapa-viratortillas-345-10-blanco-foto-principal-scaled.jpg\" \/>\n\t<meta property=\"og:image:width\" content=\"2560\" \/>\n\t<meta property=\"og:image:height\" content=\"2560\" \/>\n\t<meta property=\"og:image:type\" content=\"image\/jpeg\" \/>\n<meta name=\"twitter:card\" content=\"summary_large_image\" \/>\n<script type=\"application\/ld+json\" class=\"yoast-schema-graph\">{\"@context\":\"https:\/\/schema.org\",\"@graph\":[{\"@type\":\"WebPage\",\"@id\":\"https:\/\/erumhome.com\/fr\/producto\/couvercle-viratortillas-28cm\/\",\"url\":\"https:\/\/erumhome.com\/fr\/producto\/couvercle-viratortillas-28cm\/\",\"name\":\"Couvercle en agglom\u00e9r\u00e9 28cm - Erum home\",\"isPartOf\":{\"@id\":\"https:\/\/erumhome.com\/fr\/#website\"},\"primaryImageOfPage\":{\"@id\":\"https:\/\/erumhome.com\/fr\/producto\/couvercle-viratortillas-28cm\/#primaryimage\"},\"image\":{\"@id\":\"https:\/\/erumhome.com\/fr\/producto\/couvercle-viratortillas-28cm\/#primaryimage\"},\"thumbnailUrl\":\"https:\/\/erumhome.com\/wp-content\/uploads\/2024\/11\/tapa-viratortillas-345-10-blanco-foto-principal-scaled.jpg\",\"datePublished\":\"2024-11-14T11:23:23+00:00\",\"dateModified\":\"2025-08-29T08:41:34+00:00\",\"breadcrumb\":{\"@id\":\"https:\/\/erumhome.com\/fr\/producto\/couvercle-viratortillas-28cm\/#breadcrumb\"},\"inLanguage\":\"fr-FR\",\"potentialAction\":[{\"@type\":\"ReadAction\",\"target\":[\"https:\/\/erumhome.com\/fr\/producto\/couvercle-viratortillas-28cm\/\"]}]},{\"@type\":\"ImageObject\",\"inLanguage\":\"fr-FR\",\"@id\":\"https:\/\/erumhome.com\/fr\/producto\/couvercle-viratortillas-28cm\/#primaryimage\",\"url\":\"https:\/\/erumhome.com\/wp-content\/uploads\/2024\/11\/tapa-viratortillas-345-10-blanco-foto-principal-scaled.jpg\",\"contentUrl\":\"https:\/\/erumhome.com\/wp-content\/uploads\/2024\/11\/tapa-viratortillas-345-10-blanco-foto-principal-scaled.jpg\",\"width\":2560,\"height\":2560},{\"@type\":\"BreadcrumbList\",\"@id\":\"https:\/\/erumhome.com\/fr\/producto\/couvercle-viratortillas-28cm\/#breadcrumb\",\"itemListElement\":[{\"@type\":\"ListItem\",\"position\":1,\"name\":\"Portada\",\"item\":\"https:\/\/erumhome.com\/fr\/\"},{\"@type\":\"ListItem\",\"position\":2,\"name\":\"Boutique\",\"item\":\"https:\/\/erumhome.com\/catalogo\/\"},{\"@type\":\"ListItem\",\"position\":3,\"name\":\"Couvercle en agglom\u00e9r\u00e9 28cm\"}]},{\"@type\":\"WebSite\",\"@id\":\"https:\/\/erumhome.com\/fr\/#website\",\"url\":\"https:\/\/erumhome.com\/fr\/\",\"name\":\"Erum home\",\"description\":\" \",\"publisher\":{\"@id\":\"https:\/\/erumhome.com\/fr\/#organization\"},\"potentialAction\":[{\"@type\":\"SearchAction\",\"target\":{\"@type\":\"EntryPoint\",\"urlTemplate\":\"https:\/\/erumhome.com\/fr\/?s={search_term_string}\"},\"query-input\":{\"@type\":\"PropertyValueSpecification\",\"valueRequired\":true,\"valueName\":\"search_term_string\"}}],\"inLanguage\":\"fr-FR\"},{\"@type\":\"Organization\",\"@id\":\"https:\/\/erumhome.com\/fr\/#organization\",\"name\":\"Erum home\",\"url\":\"https:\/\/erumhome.com\/fr\/\",\"logo\":{\"@type\":\"ImageObject\",\"inLanguage\":\"fr-FR\",\"@id\":\"https:\/\/erumhome.com\/fr\/#\/schema\/logo\/image\/\",\"url\":\"https:\/\/erumhome.com\/wp-content\/uploads\/2025\/01\/logotipo.svg\",\"contentUrl\":\"https:\/\/erumhome.com\/wp-content\/uploads\/2025\/01\/logotipo.svg\",\"width\":1287,\"height\":508,\"caption\":\"Erum home\"},\"image\":{\"@id\":\"https:\/\/erumhome.com\/fr\/#\/schema\/logo\/image\/\"}}]}<\/script>\n<!-- \/ Yoast SEO plugin. -->","yoast_head_json":{"title":"Couvercle en agglom\u00e9r\u00e9 28cm - Erum home","robots":{"index":"index","follow":"follow","max-snippet":"max-snippet:-1","max-image-preview":"max-image-preview:large","max-video-preview":"max-video-preview:-1"},"canonical":"https:\/\/erumhome.com\/fr\/producto\/couvercle-viratortillas-28cm\/","og_locale":"fr_FR","og_type":"article","og_title":"Couvercle en agglom\u00e9r\u00e9 28cm - Erum home","og_description":"Ce produit est un retourneur de tortillas **28 cm**, con\u00e7u pour faciliter la pr\u00e9paration des tortillas de mani\u00e8re simple et s\u00fbre. Vous trouverez ci-dessous ses principales caract\u00e9ristiques :  Ce retourneur d'omelette est un outil utile dans la cuisine pour tous ceux qui souhaitent pr\u00e9parer des omelettes rapidement et avec des r\u00e9sultats constants. Sa conception le rend facile \u00e0 manipuler et r\u00e9duit le risque de briser les aliments lorsqu'ils sont retourn\u00e9s.","og_url":"https:\/\/erumhome.com\/fr\/producto\/couvercle-viratortillas-28cm\/","og_site_name":"Erum home","article_modified_time":"2025-08-29T08:41:34+00:00","og_image":[{"width":2560,"height":2560,"url":"https:\/\/erumhome.com\/wp-content\/uploads\/2024\/11\/tapa-viratortillas-345-10-blanco-foto-principal-scaled.jpg","type":"image\/jpeg"}],"twitter_card":"summary_large_image","schema":{"@context":"https:\/\/schema.org","@graph":[{"@type":"WebPage","@id":"https:\/\/erumhome.com\/fr\/producto\/couvercle-viratortillas-28cm\/","url":"https:\/\/erumhome.com\/fr\/producto\/couvercle-viratortillas-28cm\/","name":"Couvercle en agglom\u00e9r\u00e9 28cm - Erum home","isPartOf":{"@id":"https:\/\/erumhome.com\/fr\/#website"},"primaryImageOfPage":{"@id":"https:\/\/erumhome.com\/fr\/producto\/couvercle-viratortillas-28cm\/#primaryimage"},"image":{"@id":"https:\/\/erumhome.com\/fr\/producto\/couvercle-viratortillas-28cm\/#primaryimage"},"thumbnailUrl":"https:\/\/erumhome.com\/wp-content\/uploads\/2024\/11\/tapa-viratortillas-345-10-blanco-foto-principal-scaled.jpg","datePublished":"2024-11-14T11:23:23+00:00","dateModified":"2025-08-29T08:41:34+00:00","breadcrumb":{"@id":"https:\/\/erumhome.com\/fr\/producto\/couvercle-viratortillas-28cm\/#breadcrumb"},"inLanguage":"fr-FR","potentialAction":[{"@type":"ReadAction","target":["https:\/\/erumhome.com\/fr\/producto\/couvercle-viratortillas-28cm\/"]}]},{"@type":"ImageObject","inLanguage":"fr-FR","@id":"https:\/\/erumhome.com\/fr\/producto\/couvercle-viratortillas-28cm\/#primaryimage","url":"https:\/\/erumhome.com\/wp-content\/uploads\/2024\/11\/tapa-viratortillas-345-10-blanco-foto-principal-scaled.jpg","contentUrl":"https:\/\/erumhome.com\/wp-content\/uploads\/2024\/11\/tapa-viratortillas-345-10-blanco-foto-principal-scaled.jpg","width":2560,"height":2560},{"@type":"BreadcrumbList","@id":"https:\/\/erumhome.com\/fr\/producto\/couvercle-viratortillas-28cm\/#breadcrumb","itemListElement":[{"@type":"ListItem","position":1,"name":"Portada","item":"https:\/\/erumhome.com\/fr\/"},{"@type":"ListItem","position":2,"name":"Boutique","item":"https:\/\/erumhome.com\/catalogo\/"},{"@type":"ListItem","position":3,"name":"Couvercle en agglom\u00e9r\u00e9 28cm"}]},{"@type":"WebSite","@id":"https:\/\/erumhome.com\/fr\/#website","url":"https:\/\/erumhome.com\/fr\/","name":"Erum home","description":" ","publisher":{"@id":"https:\/\/erumhome.com\/fr\/#organization"},"potentialAction":[{"@type":"SearchAction","target":{"@type":"EntryPoint","urlTemplate":"https:\/\/erumhome.com\/fr\/?s={search_term_string}"},"query-input":{"@type":"PropertyValueSpecification","valueRequired":true,"valueName":"search_term_string"}}],"inLanguage":"fr-FR"},{"@type":"Organization","@id":"https:\/\/erumhome.com\/fr\/#organization","name":"Erum home","url":"https:\/\/erumhome.com\/fr\/","logo":{"@type":"ImageObject","inLanguage":"fr-FR","@id":"https:\/\/erumhome.com\/fr\/#\/schema\/logo\/image\/","url":"https:\/\/erumhome.com\/wp-content\/uploads\/2025\/01\/logotipo.svg","contentUrl":"https:\/\/erumhome.com\/wp-content\/uploads\/2025\/01\/logotipo.svg","width":1287,"height":508,"caption":"Erum home"},"image":{"@id":"https:\/\/erumhome.com\/fr\/#\/schema\/logo\/image\/"}}]}},"_links":{"self":[{"href":"https:\/\/erumhome.com\/fr\/wp-json\/wp\/v2\/product\/3943","targetHints":{"allow":["GET"]}}],"collection":[{"href":"https:\/\/erumhome.com\/fr\/wp-json\/wp\/v2\/product"}],"about":[{"href":"https:\/\/erumhome.com\/fr\/wp-json\/wp\/v2\/types\/product"}],"replies":[{"embeddable":true,"href":"https:\/\/erumhome.com\/fr\/wp-json\/wp\/v2\/comments?post=3943"}],"version-history":[{"count":2,"href":"https:\/\/erumhome.com\/fr\/wp-json\/wp\/v2\/product\/3943\/revisions"}],"predecessor-version":[{"id":7049,"href":"https:\/\/erumhome.com\/fr\/wp-json\/wp\/v2\/product\/3943\/revisions\/7049"}],"wp:featuredmedia":[{"embeddable":true,"href":"https:\/\/erumhome.com\/fr\/wp-json\/wp\/v2\/media\/6351"}],"wp:attachment":[{"href":"https:\/\/erumhome.com\/fr\/wp-json\/wp\/v2\/media?parent=3943"}],"wp:term":[{"taxonomy":"product_brand","embeddable":true,"href":"https:\/\/erumhome.com\/fr\/wp-json\/wp\/v2\/product_brand?post=3943"},{"taxonomy":"product_cat","embeddable":true,"href":"https:\/\/erumhome.com\/fr\/wp-json\/wp\/v2\/product_cat?post=3943"},{"taxonomy":"product_tag","embeddable":true,"href":"https:\/\/erumhome.com\/fr\/wp-json\/wp\/v2\/product_tag?post=3943"}],"curies":[{"name":"wp","href":"https:\/\/api.w.org\/{rel}","templated":true}]}}