{"id":3964,"date":"2024-11-14T12:09:36","date_gmt":"2024-11-14T11:09:36","guid":{"rendered":"https:\/\/erumhome.com\/producto\/couvercle-rond-pour-micro-ondes\/"},"modified":"2025-08-29T10:41:10","modified_gmt":"2025-08-29T08:41:10","slug":"couvercle-rond-pour-micro-ondes","status":"publish","type":"product","link":"https:\/\/erumhome.com\/fr\/producto\/couvercle-rond-pour-micro-ondes\/","title":{"rendered":"Couvercle rond pour micro-ondes"},"content":{"rendered":"<p>&nbsp;<\/p>\n","protected":false},"excerpt":{"rendered":"<p>Ce produit est un <strong>couvercle rond pour micro-ondes<\/strong>, id\u00e9al pour couvrir les aliments et \u00e9viter les \u00e9claboussures pendant le processus de chauffage au micro-ondes. Voici ses principales caract\u00e9ristiques : <\/p>\n<p>Ce couvercle est un outil pratique pour toute cuisine, car il permet de garder le micro-ondes propre et d&rsquo;am\u00e9liorer l&rsquo;efficacit\u00e9 du chauffage en concentrant la chaleur sur le plat. En outre, sa conception permet une lib\u00e9ration contr\u00f4l\u00e9e de la vapeur, pr\u00e9servant ainsi la texture des aliments. <\/p>\n","protected":false},"featured_media":6333,"comment_status":"open","ping_status":"closed","template":"","meta":{"site-sidebar-layout":"default","site-content-layout":"","ast-site-content-layout":"default","site-content-style":"default","site-sidebar-style":"default","ast-global-header-display":"","ast-banner-title-visibility":"","ast-main-header-display":"","ast-hfb-above-header-display":"","ast-hfb-below-header-display":"","ast-hfb-mobile-header-display":"","site-post-title":"","ast-breadcrumbs-content":"","ast-featured-img":"","footer-sml-layout":"","theme-transparent-header-meta":"default","adv-header-id-meta":"","stick-header-meta":"default","header-above-stick-meta":"","header-main-stick-meta":"","header-below-stick-meta":"","astra-migrate-meta-layouts":"default","ast-page-background-enabled":"default","ast-page-background-meta":{"desktop":{"background-color":"","background-image":"","background-repeat":"repeat","background-position":"center center","background-size":"auto","background-attachment":"scroll","background-type":"","background-media":"","overlay-type":"","overlay-color":"","overlay-opacity":"","overlay-gradient":""},"tablet":{"background-color":"","background-image":"","background-repeat":"repeat","background-position":"center center","background-size":"auto","background-attachment":"scroll","background-type":"","background-media":"","overlay-type":"","overlay-color":"","overlay-opacity":"","overlay-gradient":""},"mobile":{"background-color":"","background-image":"","background-repeat":"repeat","background-position":"center center","background-size":"auto","background-attachment":"scroll","background-type":"","background-media":"","overlay-type":"","overlay-color":"","overlay-opacity":"","overlay-gradient":""}},"ast-content-background-meta":{"desktop":{"background-color":"var(--ast-global-color-5)","background-image":"","background-repeat":"repeat","background-position":"center center","background-size":"auto","background-attachment":"scroll","background-type":"","background-media":"","overlay-type":"","overlay-color":"","overlay-opacity":"","overlay-gradient":""},"tablet":{"background-color":"var(--ast-global-color-5)","background-image":"","background-repeat":"repeat","background-position":"center center","background-size":"auto","background-attachment":"scroll","background-type":"","background-media":"","overlay-type":"","overlay-color":"","overlay-opacity":"","overlay-gradient":""},"mobile":{"background-color":"var(--ast-global-color-5)","background-image":"","background-repeat":"repeat","background-position":"center center","background-size":"auto","background-attachment":"scroll","background-type":"","background-media":"","overlay-type":"","overlay-color":"","overlay-opacity":"","overlay-gradient":""}}},"product_brand":[],"product_cat":[1137,948],"product_tag":[],"class_list":{"0":"post-3964","1":"product","2":"type-product","3":"status-publish","4":"has-post-thumbnail","6":"product_cat-couvertures","7":"product_cat-cuisine","8":"pa_color-translucide","9":"desktop-align-center","10":"tablet-align-center","11":"mobile-align-center","12":"ast-product-gallery-layout-vertical","13":"ast-product-tabs-layout-horizontal","15":"first","16":"instock","17":"shipping-taxable","18":"purchasable","19":"product-type-simple"},"yoast_head":"<!-- This site is optimized with the Yoast SEO plugin v25.8 - https:\/\/yoast.com\/wordpress\/plugins\/seo\/ -->\n<title>Couvercle rond pour micro-ondes - Erum home<\/title>\n<meta name=\"robots\" content=\"index, follow, max-snippet:-1, max-image-preview:large, max-video-preview:-1\" \/>\n<link rel=\"canonical\" href=\"https:\/\/erumhome.com\/fr\/producto\/couvercle-rond-pour-micro-ondes\/\" \/>\n<meta property=\"og:locale\" content=\"fr_FR\" \/>\n<meta property=\"og:type\" content=\"article\" \/>\n<meta property=\"og:title\" content=\"Couvercle rond pour micro-ondes - Erum home\" \/>\n<meta property=\"og:description\" content=\"Ce produit est un couvercle rond pour micro-ondes, id\u00e9al pour couvrir les aliments et \u00e9viter les \u00e9claboussures pendant le processus de chauffage au micro-ondes. Voici ses principales caract\u00e9ristiques :  Ce couvercle est un outil pratique pour toute cuisine, car il permet de garder le micro-ondes propre et d&#039;am\u00e9liorer l&#039;efficacit\u00e9 du chauffage en concentrant la chaleur sur le plat. En outre, sa conception permet une lib\u00e9ration contr\u00f4l\u00e9e de la vapeur, pr\u00e9servant ainsi la texture des aliments.\" \/>\n<meta property=\"og:url\" content=\"https:\/\/erumhome.com\/fr\/producto\/couvercle-rond-pour-micro-ondes\/\" \/>\n<meta property=\"og:site_name\" content=\"Erum home\" \/>\n<meta property=\"article:modified_time\" content=\"2025-08-29T08:41:10+00:00\" \/>\n<meta property=\"og:image\" content=\"https:\/\/erumhome.com\/wp-content\/uploads\/2024\/11\/tapa-microondas-342-49-traslucido-ambiente-scaled.jpg\" \/>\n\t<meta property=\"og:image:width\" content=\"2560\" \/>\n\t<meta property=\"og:image:height\" content=\"2560\" \/>\n\t<meta property=\"og:image:type\" content=\"image\/jpeg\" \/>\n<meta name=\"twitter:card\" content=\"summary_large_image\" \/>\n<script type=\"application\/ld+json\" class=\"yoast-schema-graph\">{\"@context\":\"https:\/\/schema.org\",\"@graph\":[{\"@type\":\"WebPage\",\"@id\":\"https:\/\/erumhome.com\/fr\/producto\/couvercle-rond-pour-micro-ondes\/\",\"url\":\"https:\/\/erumhome.com\/fr\/producto\/couvercle-rond-pour-micro-ondes\/\",\"name\":\"Couvercle rond pour micro-ondes - Erum home\",\"isPartOf\":{\"@id\":\"https:\/\/erumhome.com\/fr\/#website\"},\"primaryImageOfPage\":{\"@id\":\"https:\/\/erumhome.com\/fr\/producto\/couvercle-rond-pour-micro-ondes\/#primaryimage\"},\"image\":{\"@id\":\"https:\/\/erumhome.com\/fr\/producto\/couvercle-rond-pour-micro-ondes\/#primaryimage\"},\"thumbnailUrl\":\"https:\/\/erumhome.com\/wp-content\/uploads\/2024\/11\/tapa-microondas-342-49-traslucido-ambiente-scaled.jpg\",\"datePublished\":\"2024-11-14T11:09:36+00:00\",\"dateModified\":\"2025-08-29T08:41:10+00:00\",\"breadcrumb\":{\"@id\":\"https:\/\/erumhome.com\/fr\/producto\/couvercle-rond-pour-micro-ondes\/#breadcrumb\"},\"inLanguage\":\"fr-FR\",\"potentialAction\":[{\"@type\":\"ReadAction\",\"target\":[\"https:\/\/erumhome.com\/fr\/producto\/couvercle-rond-pour-micro-ondes\/\"]}]},{\"@type\":\"ImageObject\",\"inLanguage\":\"fr-FR\",\"@id\":\"https:\/\/erumhome.com\/fr\/producto\/couvercle-rond-pour-micro-ondes\/#primaryimage\",\"url\":\"https:\/\/erumhome.com\/wp-content\/uploads\/2024\/11\/tapa-microondas-342-49-traslucido-ambiente-scaled.jpg\",\"contentUrl\":\"https:\/\/erumhome.com\/wp-content\/uploads\/2024\/11\/tapa-microondas-342-49-traslucido-ambiente-scaled.jpg\",\"width\":2560,\"height\":2560},{\"@type\":\"BreadcrumbList\",\"@id\":\"https:\/\/erumhome.com\/fr\/producto\/couvercle-rond-pour-micro-ondes\/#breadcrumb\",\"itemListElement\":[{\"@type\":\"ListItem\",\"position\":1,\"name\":\"Portada\",\"item\":\"https:\/\/erumhome.com\/fr\/\"},{\"@type\":\"ListItem\",\"position\":2,\"name\":\"Boutique\",\"item\":\"https:\/\/erumhome.com\/catalogo\/\"},{\"@type\":\"ListItem\",\"position\":3,\"name\":\"Couvercle rond pour micro-ondes\"}]},{\"@type\":\"WebSite\",\"@id\":\"https:\/\/erumhome.com\/fr\/#website\",\"url\":\"https:\/\/erumhome.com\/fr\/\",\"name\":\"Erum home\",\"description\":\" \",\"publisher\":{\"@id\":\"https:\/\/erumhome.com\/fr\/#organization\"},\"potentialAction\":[{\"@type\":\"SearchAction\",\"target\":{\"@type\":\"EntryPoint\",\"urlTemplate\":\"https:\/\/erumhome.com\/fr\/?s={search_term_string}\"},\"query-input\":{\"@type\":\"PropertyValueSpecification\",\"valueRequired\":true,\"valueName\":\"search_term_string\"}}],\"inLanguage\":\"fr-FR\"},{\"@type\":\"Organization\",\"@id\":\"https:\/\/erumhome.com\/fr\/#organization\",\"name\":\"Erum home\",\"url\":\"https:\/\/erumhome.com\/fr\/\",\"logo\":{\"@type\":\"ImageObject\",\"inLanguage\":\"fr-FR\",\"@id\":\"https:\/\/erumhome.com\/fr\/#\/schema\/logo\/image\/\",\"url\":\"https:\/\/erumhome.com\/wp-content\/uploads\/2025\/01\/logotipo.svg\",\"contentUrl\":\"https:\/\/erumhome.com\/wp-content\/uploads\/2025\/01\/logotipo.svg\",\"width\":1287,\"height\":508,\"caption\":\"Erum home\"},\"image\":{\"@id\":\"https:\/\/erumhome.com\/fr\/#\/schema\/logo\/image\/\"}}]}<\/script>\n<!-- \/ Yoast SEO plugin. -->","yoast_head_json":{"title":"Couvercle rond pour micro-ondes - Erum home","robots":{"index":"index","follow":"follow","max-snippet":"max-snippet:-1","max-image-preview":"max-image-preview:large","max-video-preview":"max-video-preview:-1"},"canonical":"https:\/\/erumhome.com\/fr\/producto\/couvercle-rond-pour-micro-ondes\/","og_locale":"fr_FR","og_type":"article","og_title":"Couvercle rond pour micro-ondes - Erum home","og_description":"Ce produit est un couvercle rond pour micro-ondes, id\u00e9al pour couvrir les aliments et \u00e9viter les \u00e9claboussures pendant le processus de chauffage au micro-ondes. Voici ses principales caract\u00e9ristiques :  Ce couvercle est un outil pratique pour toute cuisine, car il permet de garder le micro-ondes propre et d'am\u00e9liorer l'efficacit\u00e9 du chauffage en concentrant la chaleur sur le plat. En outre, sa conception permet une lib\u00e9ration contr\u00f4l\u00e9e de la vapeur, pr\u00e9servant ainsi la texture des aliments.","og_url":"https:\/\/erumhome.com\/fr\/producto\/couvercle-rond-pour-micro-ondes\/","og_site_name":"Erum home","article_modified_time":"2025-08-29T08:41:10+00:00","og_image":[{"width":2560,"height":2560,"url":"https:\/\/erumhome.com\/wp-content\/uploads\/2024\/11\/tapa-microondas-342-49-traslucido-ambiente-scaled.jpg","type":"image\/jpeg"}],"twitter_card":"summary_large_image","schema":{"@context":"https:\/\/schema.org","@graph":[{"@type":"WebPage","@id":"https:\/\/erumhome.com\/fr\/producto\/couvercle-rond-pour-micro-ondes\/","url":"https:\/\/erumhome.com\/fr\/producto\/couvercle-rond-pour-micro-ondes\/","name":"Couvercle rond pour micro-ondes - Erum home","isPartOf":{"@id":"https:\/\/erumhome.com\/fr\/#website"},"primaryImageOfPage":{"@id":"https:\/\/erumhome.com\/fr\/producto\/couvercle-rond-pour-micro-ondes\/#primaryimage"},"image":{"@id":"https:\/\/erumhome.com\/fr\/producto\/couvercle-rond-pour-micro-ondes\/#primaryimage"},"thumbnailUrl":"https:\/\/erumhome.com\/wp-content\/uploads\/2024\/11\/tapa-microondas-342-49-traslucido-ambiente-scaled.jpg","datePublished":"2024-11-14T11:09:36+00:00","dateModified":"2025-08-29T08:41:10+00:00","breadcrumb":{"@id":"https:\/\/erumhome.com\/fr\/producto\/couvercle-rond-pour-micro-ondes\/#breadcrumb"},"inLanguage":"fr-FR","potentialAction":[{"@type":"ReadAction","target":["https:\/\/erumhome.com\/fr\/producto\/couvercle-rond-pour-micro-ondes\/"]}]},{"@type":"ImageObject","inLanguage":"fr-FR","@id":"https:\/\/erumhome.com\/fr\/producto\/couvercle-rond-pour-micro-ondes\/#primaryimage","url":"https:\/\/erumhome.com\/wp-content\/uploads\/2024\/11\/tapa-microondas-342-49-traslucido-ambiente-scaled.jpg","contentUrl":"https:\/\/erumhome.com\/wp-content\/uploads\/2024\/11\/tapa-microondas-342-49-traslucido-ambiente-scaled.jpg","width":2560,"height":2560},{"@type":"BreadcrumbList","@id":"https:\/\/erumhome.com\/fr\/producto\/couvercle-rond-pour-micro-ondes\/#breadcrumb","itemListElement":[{"@type":"ListItem","position":1,"name":"Portada","item":"https:\/\/erumhome.com\/fr\/"},{"@type":"ListItem","position":2,"name":"Boutique","item":"https:\/\/erumhome.com\/catalogo\/"},{"@type":"ListItem","position":3,"name":"Couvercle rond pour micro-ondes"}]},{"@type":"WebSite","@id":"https:\/\/erumhome.com\/fr\/#website","url":"https:\/\/erumhome.com\/fr\/","name":"Erum home","description":" ","publisher":{"@id":"https:\/\/erumhome.com\/fr\/#organization"},"potentialAction":[{"@type":"SearchAction","target":{"@type":"EntryPoint","urlTemplate":"https:\/\/erumhome.com\/fr\/?s={search_term_string}"},"query-input":{"@type":"PropertyValueSpecification","valueRequired":true,"valueName":"search_term_string"}}],"inLanguage":"fr-FR"},{"@type":"Organization","@id":"https:\/\/erumhome.com\/fr\/#organization","name":"Erum home","url":"https:\/\/erumhome.com\/fr\/","logo":{"@type":"ImageObject","inLanguage":"fr-FR","@id":"https:\/\/erumhome.com\/fr\/#\/schema\/logo\/image\/","url":"https:\/\/erumhome.com\/wp-content\/uploads\/2025\/01\/logotipo.svg","contentUrl":"https:\/\/erumhome.com\/wp-content\/uploads\/2025\/01\/logotipo.svg","width":1287,"height":508,"caption":"Erum home"},"image":{"@id":"https:\/\/erumhome.com\/fr\/#\/schema\/logo\/image\/"}}]}},"_links":{"self":[{"href":"https:\/\/erumhome.com\/fr\/wp-json\/wp\/v2\/product\/3964","targetHints":{"allow":["GET"]}}],"collection":[{"href":"https:\/\/erumhome.com\/fr\/wp-json\/wp\/v2\/product"}],"about":[{"href":"https:\/\/erumhome.com\/fr\/wp-json\/wp\/v2\/types\/product"}],"replies":[{"embeddable":true,"href":"https:\/\/erumhome.com\/fr\/wp-json\/wp\/v2\/comments?post=3964"}],"version-history":[{"count":1,"href":"https:\/\/erumhome.com\/fr\/wp-json\/wp\/v2\/product\/3964\/revisions"}],"predecessor-version":[{"id":6336,"href":"https:\/\/erumhome.com\/fr\/wp-json\/wp\/v2\/product\/3964\/revisions\/6336"}],"wp:featuredmedia":[{"embeddable":true,"href":"https:\/\/erumhome.com\/fr\/wp-json\/wp\/v2\/media\/6333"}],"wp:attachment":[{"href":"https:\/\/erumhome.com\/fr\/wp-json\/wp\/v2\/media?parent=3964"}],"wp:term":[{"taxonomy":"product_brand","embeddable":true,"href":"https:\/\/erumhome.com\/fr\/wp-json\/wp\/v2\/product_brand?post=3964"},{"taxonomy":"product_cat","embeddable":true,"href":"https:\/\/erumhome.com\/fr\/wp-json\/wp\/v2\/product_cat?post=3964"},{"taxonomy":"product_tag","embeddable":true,"href":"https:\/\/erumhome.com\/fr\/wp-json\/wp\/v2\/product_tag?post=3964"}],"curies":[{"name":"wp","href":"https:\/\/api.w.org\/{rel}","templated":true}]}}