{"id":4013,"date":"2024-11-15T10:44:45","date_gmt":"2024-11-15T09:44:45","guid":{"rendered":"https:\/\/erumhome.com\/producto\/grand-seau-polyvalent-5l\/"},"modified":"2025-10-20T15:45:15","modified_gmt":"2025-10-20T13:45:15","slug":"grand-seau-polyvalent-5l","status":"publish","type":"product","link":"https:\/\/erumhome.com\/fr\/producto\/grand-seau-polyvalent-5l\/","title":{"rendered":"Grand bac multiusage 5L"},"content":{"rendered":"","protected":false},"excerpt":{"rendered":"<p>Bac indispensable dans tout foyer ainsi que dans les industries chimiques, alimentaires et les laboratoires.<br \/>\nId\u00e9al pour la cuisine lors de la manipulation du poisson, de la viande, des p\u00e2tisseries, des l\u00e9gumes et des produits surgel\u00e9s.<\/p>\n<p>Ce bac est une solution pratique pour de multiples t\u00e2ches de stockage et de manipulation des aliments, offrant une alternative hygi\u00e9nique et r\u00e9sistante pour une utilisation quotidienne.<\/p>\n","protected":false},"featured_media":5389,"comment_status":"open","ping_status":"closed","template":"","meta":{"site-sidebar-layout":"default","site-content-layout":"","ast-site-content-layout":"default","site-content-style":"default","site-sidebar-style":"default","ast-global-header-display":"","ast-banner-title-visibility":"","ast-main-header-display":"","ast-hfb-above-header-display":"","ast-hfb-below-header-display":"","ast-hfb-mobile-header-display":"","site-post-title":"","ast-breadcrumbs-content":"","ast-featured-img":"","footer-sml-layout":"","theme-transparent-header-meta":"default","adv-header-id-meta":"","stick-header-meta":"default","header-above-stick-meta":"","header-main-stick-meta":"","header-below-stick-meta":"","astra-migrate-meta-layouts":"default","ast-page-background-enabled":"default","ast-page-background-meta":{"desktop":{"background-color":"","background-image":"","background-repeat":"repeat","background-position":"center center","background-size":"auto","background-attachment":"scroll","background-type":"","background-media":"","overlay-type":"","overlay-color":"","overlay-opacity":"","overlay-gradient":""},"tablet":{"background-color":"","background-image":"","background-repeat":"repeat","background-position":"center center","background-size":"auto","background-attachment":"scroll","background-type":"","background-media":"","overlay-type":"","overlay-color":"","overlay-opacity":"","overlay-gradient":""},"mobile":{"background-color":"","background-image":"","background-repeat":"repeat","background-position":"center center","background-size":"auto","background-attachment":"scroll","background-type":"","background-media":"","overlay-type":"","overlay-color":"","overlay-opacity":"","overlay-gradient":""}},"ast-content-background-meta":{"desktop":{"background-color":"var(--ast-global-color-5)","background-image":"","background-repeat":"repeat","background-position":"center center","background-size":"auto","background-attachment":"scroll","background-type":"","background-media":"","overlay-type":"","overlay-color":"","overlay-opacity":"","overlay-gradient":""},"tablet":{"background-color":"var(--ast-global-color-5)","background-image":"","background-repeat":"repeat","background-position":"center center","background-size":"auto","background-attachment":"scroll","background-type":"","background-media":"","overlay-type":"","overlay-color":"","overlay-opacity":"","overlay-gradient":""},"mobile":{"background-color":"var(--ast-global-color-5)","background-image":"","background-repeat":"repeat","background-position":"center center","background-size":"auto","background-attachment":"scroll","background-type":"","background-media":"","overlay-type":"","overlay-color":"","overlay-opacity":"","overlay-gradient":""}}},"product_brand":[],"product_cat":[948,1210],"product_tag":[],"class_list":{"0":"post-4013","1":"product","2":"type-product","3":"status-publish","4":"has-post-thumbnail","6":"product_cat-cuisine","7":"product_cat-organisateurs","8":"pa_color-blanc","9":"desktop-align-center","10":"tablet-align-center","11":"mobile-align-center","12":"ast-product-gallery-layout-vertical","13":"ast-product-tabs-layout-horizontal","15":"first","16":"instock","17":"shipping-taxable","18":"purchasable","19":"product-type-simple"},"yoast_head":"<!-- This site is optimized with the Yoast SEO plugin v25.8 - https:\/\/yoast.com\/wordpress\/plugins\/seo\/ -->\n<title>Grand bac multiusage 5L - Erum home<\/title>\n<meta name=\"robots\" content=\"index, follow, max-snippet:-1, max-image-preview:large, max-video-preview:-1\" \/>\n<link rel=\"canonical\" href=\"https:\/\/erumhome.com\/fr\/producto\/grand-seau-polyvalent-5l\/\" \/>\n<meta property=\"og:locale\" content=\"fr_FR\" \/>\n<meta property=\"og:type\" content=\"article\" \/>\n<meta property=\"og:title\" content=\"Grand bac multiusage 5L - Erum home\" \/>\n<meta property=\"og:description\" content=\"Bac indispensable dans tout foyer ainsi que dans les industries chimiques, alimentaires et les laboratoires. Id\u00e9al pour la cuisine lors de la manipulation du poisson, de la viande, des p\u00e2tisseries, des l\u00e9gumes et des produits surgel\u00e9s. Ce bac est une solution pratique pour de multiples t\u00e2ches de stockage et de manipulation des aliments, offrant une alternative hygi\u00e9nique et r\u00e9sistante pour une utilisation quotidienne.\" \/>\n<meta property=\"og:url\" content=\"https:\/\/erumhome.com\/fr\/producto\/grand-seau-polyvalent-5l\/\" \/>\n<meta property=\"og:site_name\" content=\"Erum home\" \/>\n<meta property=\"article:modified_time\" content=\"2025-10-20T13:45:15+00:00\" \/>\n<meta property=\"og:image\" content=\"https:\/\/erumhome.com\/wp-content\/uploads\/2024\/11\/cubeta-pequena-120-10-blanco-ambiente-scaled.jpg\" \/>\n\t<meta property=\"og:image:width\" content=\"2560\" \/>\n\t<meta property=\"og:image:height\" content=\"2560\" \/>\n\t<meta property=\"og:image:type\" content=\"image\/jpeg\" \/>\n<meta name=\"twitter:card\" content=\"summary_large_image\" \/>\n<script type=\"application\/ld+json\" class=\"yoast-schema-graph\">{\"@context\":\"https:\/\/schema.org\",\"@graph\":[{\"@type\":\"WebPage\",\"@id\":\"https:\/\/erumhome.com\/fr\/producto\/grand-seau-polyvalent-5l\/\",\"url\":\"https:\/\/erumhome.com\/fr\/producto\/grand-seau-polyvalent-5l\/\",\"name\":\"Grand bac multiusage 5L - Erum home\",\"isPartOf\":{\"@id\":\"https:\/\/erumhome.com\/fr\/#website\"},\"primaryImageOfPage\":{\"@id\":\"https:\/\/erumhome.com\/fr\/producto\/grand-seau-polyvalent-5l\/#primaryimage\"},\"image\":{\"@id\":\"https:\/\/erumhome.com\/fr\/producto\/grand-seau-polyvalent-5l\/#primaryimage\"},\"thumbnailUrl\":\"https:\/\/erumhome.com\/wp-content\/uploads\/2024\/11\/cubeta-pequena-120-10-blanco-ambiente-scaled.jpg\",\"datePublished\":\"2024-11-15T09:44:45+00:00\",\"dateModified\":\"2025-10-20T13:45:15+00:00\",\"breadcrumb\":{\"@id\":\"https:\/\/erumhome.com\/fr\/producto\/grand-seau-polyvalent-5l\/#breadcrumb\"},\"inLanguage\":\"fr-FR\",\"potentialAction\":[{\"@type\":\"ReadAction\",\"target\":[\"https:\/\/erumhome.com\/fr\/producto\/grand-seau-polyvalent-5l\/\"]}]},{\"@type\":\"ImageObject\",\"inLanguage\":\"fr-FR\",\"@id\":\"https:\/\/erumhome.com\/fr\/producto\/grand-seau-polyvalent-5l\/#primaryimage\",\"url\":\"https:\/\/erumhome.com\/wp-content\/uploads\/2024\/11\/cubeta-pequena-120-10-blanco-ambiente-scaled.jpg\",\"contentUrl\":\"https:\/\/erumhome.com\/wp-content\/uploads\/2024\/11\/cubeta-pequena-120-10-blanco-ambiente-scaled.jpg\",\"width\":2560,\"height\":2560},{\"@type\":\"BreadcrumbList\",\"@id\":\"https:\/\/erumhome.com\/fr\/producto\/grand-seau-polyvalent-5l\/#breadcrumb\",\"itemListElement\":[{\"@type\":\"ListItem\",\"position\":1,\"name\":\"Portada\",\"item\":\"https:\/\/erumhome.com\/fr\/\"},{\"@type\":\"ListItem\",\"position\":2,\"name\":\"Boutique\",\"item\":\"https:\/\/erumhome.com\/catalogo\/\"},{\"@type\":\"ListItem\",\"position\":3,\"name\":\"Grand bac multiusage 5L\"}]},{\"@type\":\"WebSite\",\"@id\":\"https:\/\/erumhome.com\/fr\/#website\",\"url\":\"https:\/\/erumhome.com\/fr\/\",\"name\":\"Erum home\",\"description\":\" \",\"publisher\":{\"@id\":\"https:\/\/erumhome.com\/fr\/#organization\"},\"potentialAction\":[{\"@type\":\"SearchAction\",\"target\":{\"@type\":\"EntryPoint\",\"urlTemplate\":\"https:\/\/erumhome.com\/fr\/?s={search_term_string}\"},\"query-input\":{\"@type\":\"PropertyValueSpecification\",\"valueRequired\":true,\"valueName\":\"search_term_string\"}}],\"inLanguage\":\"fr-FR\"},{\"@type\":\"Organization\",\"@id\":\"https:\/\/erumhome.com\/fr\/#organization\",\"name\":\"Erum home\",\"url\":\"https:\/\/erumhome.com\/fr\/\",\"logo\":{\"@type\":\"ImageObject\",\"inLanguage\":\"fr-FR\",\"@id\":\"https:\/\/erumhome.com\/fr\/#\/schema\/logo\/image\/\",\"url\":\"https:\/\/erumhome.com\/wp-content\/uploads\/2025\/01\/logotipo.svg\",\"contentUrl\":\"https:\/\/erumhome.com\/wp-content\/uploads\/2025\/01\/logotipo.svg\",\"width\":1287,\"height\":508,\"caption\":\"Erum home\"},\"image\":{\"@id\":\"https:\/\/erumhome.com\/fr\/#\/schema\/logo\/image\/\"}}]}<\/script>\n<!-- \/ Yoast SEO plugin. -->","yoast_head_json":{"title":"Grand bac multiusage 5L - Erum home","robots":{"index":"index","follow":"follow","max-snippet":"max-snippet:-1","max-image-preview":"max-image-preview:large","max-video-preview":"max-video-preview:-1"},"canonical":"https:\/\/erumhome.com\/fr\/producto\/grand-seau-polyvalent-5l\/","og_locale":"fr_FR","og_type":"article","og_title":"Grand bac multiusage 5L - Erum home","og_description":"Bac indispensable dans tout foyer ainsi que dans les industries chimiques, alimentaires et les laboratoires. Id\u00e9al pour la cuisine lors de la manipulation du poisson, de la viande, des p\u00e2tisseries, des l\u00e9gumes et des produits surgel\u00e9s. Ce bac est une solution pratique pour de multiples t\u00e2ches de stockage et de manipulation des aliments, offrant une alternative hygi\u00e9nique et r\u00e9sistante pour une utilisation quotidienne.","og_url":"https:\/\/erumhome.com\/fr\/producto\/grand-seau-polyvalent-5l\/","og_site_name":"Erum home","article_modified_time":"2025-10-20T13:45:15+00:00","og_image":[{"width":2560,"height":2560,"url":"https:\/\/erumhome.com\/wp-content\/uploads\/2024\/11\/cubeta-pequena-120-10-blanco-ambiente-scaled.jpg","type":"image\/jpeg"}],"twitter_card":"summary_large_image","schema":{"@context":"https:\/\/schema.org","@graph":[{"@type":"WebPage","@id":"https:\/\/erumhome.com\/fr\/producto\/grand-seau-polyvalent-5l\/","url":"https:\/\/erumhome.com\/fr\/producto\/grand-seau-polyvalent-5l\/","name":"Grand bac multiusage 5L - Erum home","isPartOf":{"@id":"https:\/\/erumhome.com\/fr\/#website"},"primaryImageOfPage":{"@id":"https:\/\/erumhome.com\/fr\/producto\/grand-seau-polyvalent-5l\/#primaryimage"},"image":{"@id":"https:\/\/erumhome.com\/fr\/producto\/grand-seau-polyvalent-5l\/#primaryimage"},"thumbnailUrl":"https:\/\/erumhome.com\/wp-content\/uploads\/2024\/11\/cubeta-pequena-120-10-blanco-ambiente-scaled.jpg","datePublished":"2024-11-15T09:44:45+00:00","dateModified":"2025-10-20T13:45:15+00:00","breadcrumb":{"@id":"https:\/\/erumhome.com\/fr\/producto\/grand-seau-polyvalent-5l\/#breadcrumb"},"inLanguage":"fr-FR","potentialAction":[{"@type":"ReadAction","target":["https:\/\/erumhome.com\/fr\/producto\/grand-seau-polyvalent-5l\/"]}]},{"@type":"ImageObject","inLanguage":"fr-FR","@id":"https:\/\/erumhome.com\/fr\/producto\/grand-seau-polyvalent-5l\/#primaryimage","url":"https:\/\/erumhome.com\/wp-content\/uploads\/2024\/11\/cubeta-pequena-120-10-blanco-ambiente-scaled.jpg","contentUrl":"https:\/\/erumhome.com\/wp-content\/uploads\/2024\/11\/cubeta-pequena-120-10-blanco-ambiente-scaled.jpg","width":2560,"height":2560},{"@type":"BreadcrumbList","@id":"https:\/\/erumhome.com\/fr\/producto\/grand-seau-polyvalent-5l\/#breadcrumb","itemListElement":[{"@type":"ListItem","position":1,"name":"Portada","item":"https:\/\/erumhome.com\/fr\/"},{"@type":"ListItem","position":2,"name":"Boutique","item":"https:\/\/erumhome.com\/catalogo\/"},{"@type":"ListItem","position":3,"name":"Grand bac multiusage 5L"}]},{"@type":"WebSite","@id":"https:\/\/erumhome.com\/fr\/#website","url":"https:\/\/erumhome.com\/fr\/","name":"Erum home","description":" ","publisher":{"@id":"https:\/\/erumhome.com\/fr\/#organization"},"potentialAction":[{"@type":"SearchAction","target":{"@type":"EntryPoint","urlTemplate":"https:\/\/erumhome.com\/fr\/?s={search_term_string}"},"query-input":{"@type":"PropertyValueSpecification","valueRequired":true,"valueName":"search_term_string"}}],"inLanguage":"fr-FR"},{"@type":"Organization","@id":"https:\/\/erumhome.com\/fr\/#organization","name":"Erum home","url":"https:\/\/erumhome.com\/fr\/","logo":{"@type":"ImageObject","inLanguage":"fr-FR","@id":"https:\/\/erumhome.com\/fr\/#\/schema\/logo\/image\/","url":"https:\/\/erumhome.com\/wp-content\/uploads\/2025\/01\/logotipo.svg","contentUrl":"https:\/\/erumhome.com\/wp-content\/uploads\/2025\/01\/logotipo.svg","width":1287,"height":508,"caption":"Erum home"},"image":{"@id":"https:\/\/erumhome.com\/fr\/#\/schema\/logo\/image\/"}}]}},"_links":{"self":[{"href":"https:\/\/erumhome.com\/fr\/wp-json\/wp\/v2\/product\/4013","targetHints":{"allow":["GET"]}}],"collection":[{"href":"https:\/\/erumhome.com\/fr\/wp-json\/wp\/v2\/product"}],"about":[{"href":"https:\/\/erumhome.com\/fr\/wp-json\/wp\/v2\/types\/product"}],"replies":[{"embeddable":true,"href":"https:\/\/erumhome.com\/fr\/wp-json\/wp\/v2\/comments?post=4013"}],"version-history":[{"count":2,"href":"https:\/\/erumhome.com\/fr\/wp-json\/wp\/v2\/product\/4013\/revisions"}],"predecessor-version":[{"id":8084,"href":"https:\/\/erumhome.com\/fr\/wp-json\/wp\/v2\/product\/4013\/revisions\/8084"}],"wp:featuredmedia":[{"embeddable":true,"href":"https:\/\/erumhome.com\/fr\/wp-json\/wp\/v2\/media\/5389"}],"wp:attachment":[{"href":"https:\/\/erumhome.com\/fr\/wp-json\/wp\/v2\/media?parent=4013"}],"wp:term":[{"taxonomy":"product_brand","embeddable":true,"href":"https:\/\/erumhome.com\/fr\/wp-json\/wp\/v2\/product_brand?post=4013"},{"taxonomy":"product_cat","embeddable":true,"href":"https:\/\/erumhome.com\/fr\/wp-json\/wp\/v2\/product_cat?post=4013"},{"taxonomy":"product_tag","embeddable":true,"href":"https:\/\/erumhome.com\/fr\/wp-json\/wp\/v2\/product_tag?post=4013"}],"curies":[{"name":"wp","href":"https:\/\/api.w.org\/{rel}","templated":true}]}}