{"id":4017,"date":"2024-11-04T18:19:14","date_gmt":"2024-11-04T17:19:14","guid":{"rendered":"https:\/\/erumhome.com\/producto\/ensemble-daccessoires-de-salle-de-bains-4-pieces-gaudi-collection\/"},"modified":"2025-08-29T11:57:17","modified_gmt":"2025-08-29T09:57:17","slug":"ensemble-daccessoires-de-salle-de-bains-4-pieces-gaudi-collection","status":"publish","type":"product","link":"https:\/\/erumhome.com\/fr\/producto\/ensemble-daccessoires-de-salle-de-bains-4-pieces-gaudi-collection\/","title":{"rendered":"Ensemble d&rsquo;accessoires de salle de bains \u00ab\u00a0Gaud\u00ed\u00a0\u00bb 4 pi\u00e8ces"},"content":{"rendered":"","protected":false},"excerpt":{"rendered":"<p>Transformez votre salle de bains avec l&rsquo;\u00e9l\u00e9gant et pratique ensemble de salle de bains \u00ab\u00a0Gaud\u00ed\u00a0\u00bb, compos\u00e9 de quatre pi\u00e8ces essentielles qui allient fonctionnalit\u00e9 et design ergonomique. Cet ensemble comprend un porte-rouleau, un anneau porte-serviettes, un porte-manteau et un porte-serviettes, couvrant ainsi tous les besoins d&rsquo;organisation de votre salle de bains avec une touche de style moderne et minimaliste. <\/p>\n<p>Chaque accessoire a \u00e9t\u00e9 fabriqu\u00e9 avec des mat\u00e9riaux de haute qualit\u00e9, ce qui garantit sa durabilit\u00e9 et sa r\u00e9sistance \u00e0 l&rsquo;usage quotidien. De plus, son design ergonomique assure confort et facilit\u00e9 d&rsquo;utilisation, tandis que l&rsquo;installation est simple gr\u00e2ce au syst\u00e8me d&rsquo;assemblage inclus dans chaque pi\u00e8ce. Avec des dimensions totales de 84,5 x 8 x 47 cm, l&rsquo;ensemble de salle de bains \u00ab\u00a0Gaud\u00ed\u00a0\u00bb s&rsquo;adapte parfaitement \u00e0 tout style de d\u00e9coration, en optimisant l&rsquo;espace et en gardant tout \u00e0 sa place.  <\/p>\n<p>Id\u00e9al pour ceux qui recherchent un environnement ordonn\u00e9 et \u00e9l\u00e9gant, cet ensemble est la solution compl\u00e8te pour une salle de bains organis\u00e9e et \u00e9l\u00e9gante.<\/p>\n","protected":false},"featured_media":2650,"comment_status":"open","ping_status":"closed","template":"","meta":{"site-sidebar-layout":"default","site-content-layout":"","ast-site-content-layout":"default","site-content-style":"default","site-sidebar-style":"default","ast-global-header-display":"","ast-banner-title-visibility":"","ast-main-header-display":"","ast-hfb-above-header-display":"","ast-hfb-below-header-display":"","ast-hfb-mobile-header-display":"","site-post-title":"","ast-breadcrumbs-content":"","ast-featured-img":"","footer-sml-layout":"","theme-transparent-header-meta":"default","adv-header-id-meta":"","stick-header-meta":"default","header-above-stick-meta":"","header-main-stick-meta":"","header-below-stick-meta":"","astra-migrate-meta-layouts":"default","ast-page-background-enabled":"default","ast-page-background-meta":{"desktop":{"background-color":"","background-image":"","background-repeat":"repeat","background-position":"center center","background-size":"auto","background-attachment":"scroll","background-type":"","background-media":"","overlay-type":"","overlay-color":"","overlay-opacity":"","overlay-gradient":""},"tablet":{"background-color":"","background-image":"","background-repeat":"repeat","background-position":"center center","background-size":"auto","background-attachment":"scroll","background-type":"","background-media":"","overlay-type":"","overlay-color":"","overlay-opacity":"","overlay-gradient":""},"mobile":{"background-color":"","background-image":"","background-repeat":"repeat","background-position":"center center","background-size":"auto","background-attachment":"scroll","background-type":"","background-media":"","overlay-type":"","overlay-color":"","overlay-opacity":"","overlay-gradient":""}},"ast-content-background-meta":{"desktop":{"background-color":"var(--ast-global-color-5)","background-image":"","background-repeat":"repeat","background-position":"center center","background-size":"auto","background-attachment":"scroll","background-type":"","background-media":"","overlay-type":"","overlay-color":"","overlay-opacity":"","overlay-gradient":""},"tablet":{"background-color":"var(--ast-global-color-5)","background-image":"","background-repeat":"repeat","background-position":"center center","background-size":"auto","background-attachment":"scroll","background-type":"","background-media":"","overlay-type":"","overlay-color":"","overlay-opacity":"","overlay-gradient":""},"mobile":{"background-color":"var(--ast-global-color-5)","background-image":"","background-repeat":"repeat","background-position":"center center","background-size":"auto","background-attachment":"scroll","background-type":"","background-media":"","overlay-type":"","overlay-color":"","overlay-opacity":"","overlay-gradient":""}}},"product_brand":[],"product_cat":[746,1279],"product_tag":[],"class_list":{"0":"post-4017","1":"product","2":"type-product","3":"status-publish","4":"has-post-thumbnail","6":"product_cat-bain","7":"product_cat-cintres-et-porte-serviettes","8":"pa_color-blanc","9":"desktop-align-center","10":"tablet-align-center","11":"mobile-align-center","12":"ast-product-gallery-layout-vertical","13":"ast-product-tabs-layout-horizontal","15":"first","16":"instock","17":"shipping-taxable","18":"purchasable","19":"product-type-simple"},"yoast_head":"<!-- This site is optimized with the Yoast SEO plugin v25.8 - https:\/\/yoast.com\/wordpress\/plugins\/seo\/ -->\n<title>Ensemble d&#039;accessoires de salle de bains &quot;Gaud\u00ed&quot; 4 pi\u00e8ces - Erum home<\/title>\n<meta name=\"robots\" content=\"index, follow, max-snippet:-1, max-image-preview:large, max-video-preview:-1\" \/>\n<link rel=\"canonical\" href=\"https:\/\/erumhome.com\/fr\/producto\/ensemble-daccessoires-de-salle-de-bains-4-pieces-gaudi-collection\/\" \/>\n<meta property=\"og:locale\" content=\"fr_FR\" \/>\n<meta property=\"og:type\" content=\"article\" \/>\n<meta property=\"og:title\" content=\"Ensemble d&#039;accessoires de salle de bains &quot;Gaud\u00ed&quot; 4 pi\u00e8ces - Erum home\" \/>\n<meta property=\"og:description\" content=\"Transformez votre salle de bains avec l&#039;\u00e9l\u00e9gant et pratique ensemble de salle de bains &quot;Gaud\u00ed&quot;, compos\u00e9 de quatre pi\u00e8ces essentielles qui allient fonctionnalit\u00e9 et design ergonomique. Cet ensemble comprend un porte-rouleau, un anneau porte-serviettes, un porte-manteau et un porte-serviettes, couvrant ainsi tous les besoins d&#039;organisation de votre salle de bains avec une touche de style moderne et minimaliste.  Chaque accessoire a \u00e9t\u00e9 fabriqu\u00e9 avec des mat\u00e9riaux de haute qualit\u00e9, ce qui garantit sa durabilit\u00e9 et sa r\u00e9sistance \u00e0 l&#039;usage quotidien. De plus, son design ergonomique assure confort et facilit\u00e9 d&#039;utilisation, tandis que l&#039;installation est simple gr\u00e2ce au syst\u00e8me d&#039;assemblage inclus dans chaque pi\u00e8ce. Avec des dimensions totales de 84,5 x 8 x 47 cm, l&#039;ensemble de salle de bains &quot;Gaud\u00ed&quot; s&#039;adapte parfaitement \u00e0 tout style de d\u00e9coration, en optimisant l&#039;espace et en gardant tout \u00e0 sa place.  Id\u00e9al pour ceux qui recherchent un environnement ordonn\u00e9 et \u00e9l\u00e9gant, cet ensemble est la solution compl\u00e8te pour une salle de bains organis\u00e9e et \u00e9l\u00e9gante.\" \/>\n<meta property=\"og:url\" content=\"https:\/\/erumhome.com\/fr\/producto\/ensemble-daccessoires-de-salle-de-bains-4-pieces-gaudi-collection\/\" \/>\n<meta property=\"og:site_name\" content=\"Erum home\" \/>\n<meta property=\"article:modified_time\" content=\"2025-08-29T09:57:17+00:00\" \/>\n<meta property=\"og:image\" content=\"https:\/\/erumhome.com\/wp-content\/uploads\/2024\/11\/portarrollos-bano-660-wc.jpg\" \/>\n\t<meta property=\"og:image:width\" content=\"524\" \/>\n\t<meta property=\"og:image:height\" content=\"639\" \/>\n\t<meta property=\"og:image:type\" content=\"image\/jpeg\" \/>\n<meta name=\"twitter:card\" content=\"summary_large_image\" \/>\n<script type=\"application\/ld+json\" class=\"yoast-schema-graph\">{\"@context\":\"https:\/\/schema.org\",\"@graph\":[{\"@type\":\"WebPage\",\"@id\":\"https:\/\/erumhome.com\/fr\/producto\/ensemble-daccessoires-de-salle-de-bains-4-pieces-gaudi-collection\/\",\"url\":\"https:\/\/erumhome.com\/fr\/producto\/ensemble-daccessoires-de-salle-de-bains-4-pieces-gaudi-collection\/\",\"name\":\"Ensemble d'accessoires de salle de bains \\\"Gaud\u00ed\\\" 4 pi\u00e8ces - Erum home\",\"isPartOf\":{\"@id\":\"https:\/\/erumhome.com\/fr\/#website\"},\"primaryImageOfPage\":{\"@id\":\"https:\/\/erumhome.com\/fr\/producto\/ensemble-daccessoires-de-salle-de-bains-4-pieces-gaudi-collection\/#primaryimage\"},\"image\":{\"@id\":\"https:\/\/erumhome.com\/fr\/producto\/ensemble-daccessoires-de-salle-de-bains-4-pieces-gaudi-collection\/#primaryimage\"},\"thumbnailUrl\":\"https:\/\/erumhome.com\/wp-content\/uploads\/2024\/11\/portarrollos-bano-660-wc.jpg\",\"datePublished\":\"2024-11-04T17:19:14+00:00\",\"dateModified\":\"2025-08-29T09:57:17+00:00\",\"breadcrumb\":{\"@id\":\"https:\/\/erumhome.com\/fr\/producto\/ensemble-daccessoires-de-salle-de-bains-4-pieces-gaudi-collection\/#breadcrumb\"},\"inLanguage\":\"fr-FR\",\"potentialAction\":[{\"@type\":\"ReadAction\",\"target\":[\"https:\/\/erumhome.com\/fr\/producto\/ensemble-daccessoires-de-salle-de-bains-4-pieces-gaudi-collection\/\"]}]},{\"@type\":\"ImageObject\",\"inLanguage\":\"fr-FR\",\"@id\":\"https:\/\/erumhome.com\/fr\/producto\/ensemble-daccessoires-de-salle-de-bains-4-pieces-gaudi-collection\/#primaryimage\",\"url\":\"https:\/\/erumhome.com\/wp-content\/uploads\/2024\/11\/portarrollos-bano-660-wc.jpg\",\"contentUrl\":\"https:\/\/erumhome.com\/wp-content\/uploads\/2024\/11\/portarrollos-bano-660-wc.jpg\",\"width\":524,\"height\":639,\"caption\":\"porte-rouleau de toilette-660-wc\"},{\"@type\":\"BreadcrumbList\",\"@id\":\"https:\/\/erumhome.com\/fr\/producto\/ensemble-daccessoires-de-salle-de-bains-4-pieces-gaudi-collection\/#breadcrumb\",\"itemListElement\":[{\"@type\":\"ListItem\",\"position\":1,\"name\":\"Portada\",\"item\":\"https:\/\/erumhome.com\/fr\/\"},{\"@type\":\"ListItem\",\"position\":2,\"name\":\"Boutique\",\"item\":\"https:\/\/erumhome.com\/catalogo\/\"},{\"@type\":\"ListItem\",\"position\":3,\"name\":\"Ensemble d&#8217;accessoires de salle de bains \u00abGaud\u00ed\u00bb 4 pi\u00e8ces\"}]},{\"@type\":\"WebSite\",\"@id\":\"https:\/\/erumhome.com\/fr\/#website\",\"url\":\"https:\/\/erumhome.com\/fr\/\",\"name\":\"Erum home\",\"description\":\" \",\"publisher\":{\"@id\":\"https:\/\/erumhome.com\/fr\/#organization\"},\"potentialAction\":[{\"@type\":\"SearchAction\",\"target\":{\"@type\":\"EntryPoint\",\"urlTemplate\":\"https:\/\/erumhome.com\/fr\/?s={search_term_string}\"},\"query-input\":{\"@type\":\"PropertyValueSpecification\",\"valueRequired\":true,\"valueName\":\"search_term_string\"}}],\"inLanguage\":\"fr-FR\"},{\"@type\":\"Organization\",\"@id\":\"https:\/\/erumhome.com\/fr\/#organization\",\"name\":\"Erum home\",\"url\":\"https:\/\/erumhome.com\/fr\/\",\"logo\":{\"@type\":\"ImageObject\",\"inLanguage\":\"fr-FR\",\"@id\":\"https:\/\/erumhome.com\/fr\/#\/schema\/logo\/image\/\",\"url\":\"https:\/\/erumhome.com\/wp-content\/uploads\/2025\/01\/logotipo.svg\",\"contentUrl\":\"https:\/\/erumhome.com\/wp-content\/uploads\/2025\/01\/logotipo.svg\",\"width\":1287,\"height\":508,\"caption\":\"Erum home\"},\"image\":{\"@id\":\"https:\/\/erumhome.com\/fr\/#\/schema\/logo\/image\/\"}}]}<\/script>\n<!-- \/ Yoast SEO plugin. -->","yoast_head_json":{"title":"Ensemble d'accessoires de salle de bains \"Gaud\u00ed\" 4 pi\u00e8ces - Erum home","robots":{"index":"index","follow":"follow","max-snippet":"max-snippet:-1","max-image-preview":"max-image-preview:large","max-video-preview":"max-video-preview:-1"},"canonical":"https:\/\/erumhome.com\/fr\/producto\/ensemble-daccessoires-de-salle-de-bains-4-pieces-gaudi-collection\/","og_locale":"fr_FR","og_type":"article","og_title":"Ensemble d'accessoires de salle de bains \"Gaud\u00ed\" 4 pi\u00e8ces - Erum home","og_description":"Transformez votre salle de bains avec l'\u00e9l\u00e9gant et pratique ensemble de salle de bains \"Gaud\u00ed\", compos\u00e9 de quatre pi\u00e8ces essentielles qui allient fonctionnalit\u00e9 et design ergonomique. Cet ensemble comprend un porte-rouleau, un anneau porte-serviettes, un porte-manteau et un porte-serviettes, couvrant ainsi tous les besoins d'organisation de votre salle de bains avec une touche de style moderne et minimaliste.  Chaque accessoire a \u00e9t\u00e9 fabriqu\u00e9 avec des mat\u00e9riaux de haute qualit\u00e9, ce qui garantit sa durabilit\u00e9 et sa r\u00e9sistance \u00e0 l'usage quotidien. De plus, son design ergonomique assure confort et facilit\u00e9 d'utilisation, tandis que l'installation est simple gr\u00e2ce au syst\u00e8me d'assemblage inclus dans chaque pi\u00e8ce. Avec des dimensions totales de 84,5 x 8 x 47 cm, l'ensemble de salle de bains \"Gaud\u00ed\" s'adapte parfaitement \u00e0 tout style de d\u00e9coration, en optimisant l'espace et en gardant tout \u00e0 sa place.  Id\u00e9al pour ceux qui recherchent un environnement ordonn\u00e9 et \u00e9l\u00e9gant, cet ensemble est la solution compl\u00e8te pour une salle de bains organis\u00e9e et \u00e9l\u00e9gante.","og_url":"https:\/\/erumhome.com\/fr\/producto\/ensemble-daccessoires-de-salle-de-bains-4-pieces-gaudi-collection\/","og_site_name":"Erum home","article_modified_time":"2025-08-29T09:57:17+00:00","og_image":[{"width":524,"height":639,"url":"https:\/\/erumhome.com\/wp-content\/uploads\/2024\/11\/portarrollos-bano-660-wc.jpg","type":"image\/jpeg"}],"twitter_card":"summary_large_image","schema":{"@context":"https:\/\/schema.org","@graph":[{"@type":"WebPage","@id":"https:\/\/erumhome.com\/fr\/producto\/ensemble-daccessoires-de-salle-de-bains-4-pieces-gaudi-collection\/","url":"https:\/\/erumhome.com\/fr\/producto\/ensemble-daccessoires-de-salle-de-bains-4-pieces-gaudi-collection\/","name":"Ensemble d'accessoires de salle de bains \"Gaud\u00ed\" 4 pi\u00e8ces - Erum home","isPartOf":{"@id":"https:\/\/erumhome.com\/fr\/#website"},"primaryImageOfPage":{"@id":"https:\/\/erumhome.com\/fr\/producto\/ensemble-daccessoires-de-salle-de-bains-4-pieces-gaudi-collection\/#primaryimage"},"image":{"@id":"https:\/\/erumhome.com\/fr\/producto\/ensemble-daccessoires-de-salle-de-bains-4-pieces-gaudi-collection\/#primaryimage"},"thumbnailUrl":"https:\/\/erumhome.com\/wp-content\/uploads\/2024\/11\/portarrollos-bano-660-wc.jpg","datePublished":"2024-11-04T17:19:14+00:00","dateModified":"2025-08-29T09:57:17+00:00","breadcrumb":{"@id":"https:\/\/erumhome.com\/fr\/producto\/ensemble-daccessoires-de-salle-de-bains-4-pieces-gaudi-collection\/#breadcrumb"},"inLanguage":"fr-FR","potentialAction":[{"@type":"ReadAction","target":["https:\/\/erumhome.com\/fr\/producto\/ensemble-daccessoires-de-salle-de-bains-4-pieces-gaudi-collection\/"]}]},{"@type":"ImageObject","inLanguage":"fr-FR","@id":"https:\/\/erumhome.com\/fr\/producto\/ensemble-daccessoires-de-salle-de-bains-4-pieces-gaudi-collection\/#primaryimage","url":"https:\/\/erumhome.com\/wp-content\/uploads\/2024\/11\/portarrollos-bano-660-wc.jpg","contentUrl":"https:\/\/erumhome.com\/wp-content\/uploads\/2024\/11\/portarrollos-bano-660-wc.jpg","width":524,"height":639,"caption":"porte-rouleau de toilette-660-wc"},{"@type":"BreadcrumbList","@id":"https:\/\/erumhome.com\/fr\/producto\/ensemble-daccessoires-de-salle-de-bains-4-pieces-gaudi-collection\/#breadcrumb","itemListElement":[{"@type":"ListItem","position":1,"name":"Portada","item":"https:\/\/erumhome.com\/fr\/"},{"@type":"ListItem","position":2,"name":"Boutique","item":"https:\/\/erumhome.com\/catalogo\/"},{"@type":"ListItem","position":3,"name":"Ensemble d&#8217;accessoires de salle de bains \u00abGaud\u00ed\u00bb 4 pi\u00e8ces"}]},{"@type":"WebSite","@id":"https:\/\/erumhome.com\/fr\/#website","url":"https:\/\/erumhome.com\/fr\/","name":"Erum home","description":" ","publisher":{"@id":"https:\/\/erumhome.com\/fr\/#organization"},"potentialAction":[{"@type":"SearchAction","target":{"@type":"EntryPoint","urlTemplate":"https:\/\/erumhome.com\/fr\/?s={search_term_string}"},"query-input":{"@type":"PropertyValueSpecification","valueRequired":true,"valueName":"search_term_string"}}],"inLanguage":"fr-FR"},{"@type":"Organization","@id":"https:\/\/erumhome.com\/fr\/#organization","name":"Erum home","url":"https:\/\/erumhome.com\/fr\/","logo":{"@type":"ImageObject","inLanguage":"fr-FR","@id":"https:\/\/erumhome.com\/fr\/#\/schema\/logo\/image\/","url":"https:\/\/erumhome.com\/wp-content\/uploads\/2025\/01\/logotipo.svg","contentUrl":"https:\/\/erumhome.com\/wp-content\/uploads\/2025\/01\/logotipo.svg","width":1287,"height":508,"caption":"Erum home"},"image":{"@id":"https:\/\/erumhome.com\/fr\/#\/schema\/logo\/image\/"}}]}},"_links":{"self":[{"href":"https:\/\/erumhome.com\/fr\/wp-json\/wp\/v2\/product\/4017","targetHints":{"allow":["GET"]}}],"collection":[{"href":"https:\/\/erumhome.com\/fr\/wp-json\/wp\/v2\/product"}],"about":[{"href":"https:\/\/erumhome.com\/fr\/wp-json\/wp\/v2\/types\/product"}],"replies":[{"embeddable":true,"href":"https:\/\/erumhome.com\/fr\/wp-json\/wp\/v2\/comments?post=4017"}],"version-history":[{"count":2,"href":"https:\/\/erumhome.com\/fr\/wp-json\/wp\/v2\/product\/4017\/revisions"}],"predecessor-version":[{"id":7445,"href":"https:\/\/erumhome.com\/fr\/wp-json\/wp\/v2\/product\/4017\/revisions\/7445"}],"wp:featuredmedia":[{"embeddable":true,"href":"https:\/\/erumhome.com\/fr\/wp-json\/wp\/v2\/media\/2650"}],"wp:attachment":[{"href":"https:\/\/erumhome.com\/fr\/wp-json\/wp\/v2\/media?parent=4017"}],"wp:term":[{"taxonomy":"product_brand","embeddable":true,"href":"https:\/\/erumhome.com\/fr\/wp-json\/wp\/v2\/product_brand?post=4017"},{"taxonomy":"product_cat","embeddable":true,"href":"https:\/\/erumhome.com\/fr\/wp-json\/wp\/v2\/product_cat?post=4017"},{"taxonomy":"product_tag","embeddable":true,"href":"https:\/\/erumhome.com\/fr\/wp-json\/wp\/v2\/product_tag?post=4017"}],"curies":[{"name":"wp","href":"https:\/\/api.w.org\/{rel}","templated":true}]}}