{"id":4034,"date":"2024-11-04T22:21:35","date_gmt":"2024-11-04T21:21:35","guid":{"rendered":"https:\/\/erumhome.com\/producto\/paquet-de-5-cintres-gris-unisexes\/"},"modified":"2025-08-29T11:50:33","modified_gmt":"2025-08-29T09:50:33","slug":"paquet-de-5-cintres-gris-unisexes","status":"publish","type":"product","link":"https:\/\/erumhome.com\/fr\/producto\/paquet-de-5-cintres-gris-unisexes\/","title":{"rendered":"Lot de 5 cintres unisexes gris"},"content":{"rendered":"","protected":false},"excerpt":{"rendered":"<p>Organisez efficacement votre garde-robe gr\u00e2ce \u00e0 cet ensemble de cintres unisexes. Id\u00e9aux pour suspendre chemises, cravates, pantalons, jupes et autres v\u00eatements, ces cintres sont fabriqu\u00e9s dans des mat\u00e9riaux de qualit\u00e9 sup\u00e9rieure, garantissant solidit\u00e9 et durabilit\u00e9. <\/p>\n<p>D&rsquo;une dimension polyvalente de 39 x 17 cm, ils conviennent \u00e0 tout type de v\u00eatement, \u00e9vitent les d\u00e9formations et conservent vos v\u00eatements en parfait \u00e9tat. Disponibles dans une gamme de couleurs pour s&rsquo;adapter \u00e0 votre style, ces cintres sont l&rsquo;accessoire parfait pour garder vos v\u00eatements organis\u00e9s et accessibles. <\/p>\n","protected":false},"featured_media":4764,"comment_status":"open","ping_status":"closed","template":"","meta":{"site-sidebar-layout":"default","site-content-layout":"","ast-site-content-layout":"default","site-content-style":"default","site-sidebar-style":"default","ast-global-header-display":"","ast-banner-title-visibility":"","ast-main-header-display":"","ast-hfb-above-header-display":"","ast-hfb-below-header-display":"","ast-hfb-mobile-header-display":"","site-post-title":"","ast-breadcrumbs-content":"","ast-featured-img":"","footer-sml-layout":"","theme-transparent-header-meta":"default","adv-header-id-meta":"","stick-header-meta":"default","header-above-stick-meta":"","header-main-stick-meta":"","header-below-stick-meta":"","astra-migrate-meta-layouts":"default","ast-page-background-enabled":"default","ast-page-background-meta":{"desktop":{"background-color":"","background-image":"","background-repeat":"repeat","background-position":"center center","background-size":"auto","background-attachment":"scroll","background-type":"","background-media":"","overlay-type":"","overlay-color":"","overlay-opacity":"","overlay-gradient":""},"tablet":{"background-color":"","background-image":"","background-repeat":"repeat","background-position":"center center","background-size":"auto","background-attachment":"scroll","background-type":"","background-media":"","overlay-type":"","overlay-color":"","overlay-opacity":"","overlay-gradient":""},"mobile":{"background-color":"","background-image":"","background-repeat":"repeat","background-position":"center center","background-size":"auto","background-attachment":"scroll","background-type":"","background-media":"","overlay-type":"","overlay-color":"","overlay-opacity":"","overlay-gradient":""}},"ast-content-background-meta":{"desktop":{"background-color":"var(--ast-global-color-5)","background-image":"","background-repeat":"repeat","background-position":"center center","background-size":"auto","background-attachment":"scroll","background-type":"","background-media":"","overlay-type":"","overlay-color":"","overlay-opacity":"","overlay-gradient":""},"tablet":{"background-color":"var(--ast-global-color-5)","background-image":"","background-repeat":"repeat","background-position":"center center","background-size":"auto","background-attachment":"scroll","background-type":"","background-media":"","overlay-type":"","overlay-color":"","overlay-opacity":"","overlay-gradient":""},"mobile":{"background-color":"var(--ast-global-color-5)","background-image":"","background-repeat":"repeat","background-position":"center center","background-size":"auto","background-attachment":"scroll","background-type":"","background-media":"","overlay-type":"","overlay-color":"","overlay-opacity":"","overlay-gradient":""}}},"product_brand":[],"product_cat":[748,1368],"product_tag":[],"class_list":{"0":"post-4034","1":"product","2":"type-product","3":"status-publish","4":"has-post-thumbnail","6":"product_cat-accueil","7":"product_cat-cintres","8":"pa_color-blanc","9":"pa_color-gris-fr","10":"desktop-align-center","11":"tablet-align-center","12":"mobile-align-center","13":"ast-product-gallery-layout-vertical","14":"ast-product-single-variable","15":"ast-product-tabs-layout-horizontal","17":"first","18":"instock","19":"shipping-taxable","20":"purchasable","21":"product-type-variable","22":"wvs-archive-product-wrapper","23":"rtwpvg-product"},"yoast_head":"<!-- This site is optimized with the Yoast SEO plugin v25.8 - https:\/\/yoast.com\/wordpress\/plugins\/seo\/ -->\n<title>Lot de 5 cintres unisexes gris - Erum home<\/title>\n<meta name=\"robots\" content=\"index, follow, max-snippet:-1, max-image-preview:large, max-video-preview:-1\" \/>\n<link rel=\"canonical\" href=\"https:\/\/erumhome.com\/fr\/producto\/paquet-de-5-cintres-gris-unisexes\/\" \/>\n<meta property=\"og:locale\" content=\"fr_FR\" \/>\n<meta property=\"og:type\" content=\"article\" \/>\n<meta property=\"og:title\" content=\"Lot de 5 cintres unisexes gris - Erum home\" \/>\n<meta property=\"og:description\" content=\"Organisez efficacement votre garde-robe gr\u00e2ce \u00e0 cet ensemble de cintres unisexes. Id\u00e9aux pour suspendre chemises, cravates, pantalons, jupes et autres v\u00eatements, ces cintres sont fabriqu\u00e9s dans des mat\u00e9riaux de qualit\u00e9 sup\u00e9rieure, garantissant solidit\u00e9 et durabilit\u00e9.  D&#039;une dimension polyvalente de 39 x 17 cm, ils conviennent \u00e0 tout type de v\u00eatement, \u00e9vitent les d\u00e9formations et conservent vos v\u00eatements en parfait \u00e9tat. Disponibles dans une gamme de couleurs pour s&#039;adapter \u00e0 votre style, ces cintres sont l&#039;accessoire parfait pour garder vos v\u00eatements organis\u00e9s et accessibles.\" \/>\n<meta property=\"og:url\" content=\"https:\/\/erumhome.com\/fr\/producto\/paquet-de-5-cintres-gris-unisexes\/\" \/>\n<meta property=\"og:site_name\" content=\"Erum home\" \/>\n<meta property=\"article:modified_time\" content=\"2025-08-29T09:50:33+00:00\" \/>\n<meta property=\"og:image\" content=\"https:\/\/erumhome.com\/wp-content\/uploads\/2024\/11\/perchas-unisex-272-10-blanco-packaging-scaled.jpg\" \/>\n\t<meta property=\"og:image:width\" content=\"2560\" \/>\n\t<meta property=\"og:image:height\" content=\"2560\" \/>\n\t<meta property=\"og:image:type\" content=\"image\/jpeg\" \/>\n<meta name=\"twitter:card\" content=\"summary_large_image\" \/>\n<script type=\"application\/ld+json\" class=\"yoast-schema-graph\">{\"@context\":\"https:\/\/schema.org\",\"@graph\":[{\"@type\":\"WebPage\",\"@id\":\"https:\/\/erumhome.com\/fr\/producto\/paquet-de-5-cintres-gris-unisexes\/\",\"url\":\"https:\/\/erumhome.com\/fr\/producto\/paquet-de-5-cintres-gris-unisexes\/\",\"name\":\"Lot de 5 cintres unisexes gris - Erum home\",\"isPartOf\":{\"@id\":\"https:\/\/erumhome.com\/fr\/#website\"},\"primaryImageOfPage\":{\"@id\":\"https:\/\/erumhome.com\/fr\/producto\/paquet-de-5-cintres-gris-unisexes\/#primaryimage\"},\"image\":{\"@id\":\"https:\/\/erumhome.com\/fr\/producto\/paquet-de-5-cintres-gris-unisexes\/#primaryimage\"},\"thumbnailUrl\":\"https:\/\/erumhome.com\/wp-content\/uploads\/2024\/11\/perchas-unisex-272-10-blanco-packaging-scaled.jpg\",\"datePublished\":\"2024-11-04T21:21:35+00:00\",\"dateModified\":\"2025-08-29T09:50:33+00:00\",\"breadcrumb\":{\"@id\":\"https:\/\/erumhome.com\/fr\/producto\/paquet-de-5-cintres-gris-unisexes\/#breadcrumb\"},\"inLanguage\":\"fr-FR\",\"potentialAction\":[{\"@type\":\"ReadAction\",\"target\":[\"https:\/\/erumhome.com\/fr\/producto\/paquet-de-5-cintres-gris-unisexes\/\"]}]},{\"@type\":\"ImageObject\",\"inLanguage\":\"fr-FR\",\"@id\":\"https:\/\/erumhome.com\/fr\/producto\/paquet-de-5-cintres-gris-unisexes\/#primaryimage\",\"url\":\"https:\/\/erumhome.com\/wp-content\/uploads\/2024\/11\/perchas-unisex-272-10-blanco-packaging-scaled.jpg\",\"contentUrl\":\"https:\/\/erumhome.com\/wp-content\/uploads\/2024\/11\/perchas-unisex-272-10-blanco-packaging-scaled.jpg\",\"width\":2560,\"height\":2560},{\"@type\":\"BreadcrumbList\",\"@id\":\"https:\/\/erumhome.com\/fr\/producto\/paquet-de-5-cintres-gris-unisexes\/#breadcrumb\",\"itemListElement\":[{\"@type\":\"ListItem\",\"position\":1,\"name\":\"Portada\",\"item\":\"https:\/\/erumhome.com\/fr\/\"},{\"@type\":\"ListItem\",\"position\":2,\"name\":\"Boutique\",\"item\":\"https:\/\/erumhome.com\/catalogo\/\"},{\"@type\":\"ListItem\",\"position\":3,\"name\":\"Lot de 5 cintres unisexes gris\"}]},{\"@type\":\"WebSite\",\"@id\":\"https:\/\/erumhome.com\/fr\/#website\",\"url\":\"https:\/\/erumhome.com\/fr\/\",\"name\":\"Erum home\",\"description\":\" \",\"publisher\":{\"@id\":\"https:\/\/erumhome.com\/fr\/#organization\"},\"potentialAction\":[{\"@type\":\"SearchAction\",\"target\":{\"@type\":\"EntryPoint\",\"urlTemplate\":\"https:\/\/erumhome.com\/fr\/?s={search_term_string}\"},\"query-input\":{\"@type\":\"PropertyValueSpecification\",\"valueRequired\":true,\"valueName\":\"search_term_string\"}}],\"inLanguage\":\"fr-FR\"},{\"@type\":\"Organization\",\"@id\":\"https:\/\/erumhome.com\/fr\/#organization\",\"name\":\"Erum home\",\"url\":\"https:\/\/erumhome.com\/fr\/\",\"logo\":{\"@type\":\"ImageObject\",\"inLanguage\":\"fr-FR\",\"@id\":\"https:\/\/erumhome.com\/fr\/#\/schema\/logo\/image\/\",\"url\":\"https:\/\/erumhome.com\/wp-content\/uploads\/2025\/01\/logotipo.svg\",\"contentUrl\":\"https:\/\/erumhome.com\/wp-content\/uploads\/2025\/01\/logotipo.svg\",\"width\":1287,\"height\":508,\"caption\":\"Erum home\"},\"image\":{\"@id\":\"https:\/\/erumhome.com\/fr\/#\/schema\/logo\/image\/\"}}]}<\/script>\n<!-- \/ Yoast SEO plugin. -->","yoast_head_json":{"title":"Lot de 5 cintres unisexes gris - Erum home","robots":{"index":"index","follow":"follow","max-snippet":"max-snippet:-1","max-image-preview":"max-image-preview:large","max-video-preview":"max-video-preview:-1"},"canonical":"https:\/\/erumhome.com\/fr\/producto\/paquet-de-5-cintres-gris-unisexes\/","og_locale":"fr_FR","og_type":"article","og_title":"Lot de 5 cintres unisexes gris - Erum home","og_description":"Organisez efficacement votre garde-robe gr\u00e2ce \u00e0 cet ensemble de cintres unisexes. Id\u00e9aux pour suspendre chemises, cravates, pantalons, jupes et autres v\u00eatements, ces cintres sont fabriqu\u00e9s dans des mat\u00e9riaux de qualit\u00e9 sup\u00e9rieure, garantissant solidit\u00e9 et durabilit\u00e9.  D'une dimension polyvalente de 39 x 17 cm, ils conviennent \u00e0 tout type de v\u00eatement, \u00e9vitent les d\u00e9formations et conservent vos v\u00eatements en parfait \u00e9tat. Disponibles dans une gamme de couleurs pour s'adapter \u00e0 votre style, ces cintres sont l'accessoire parfait pour garder vos v\u00eatements organis\u00e9s et accessibles.","og_url":"https:\/\/erumhome.com\/fr\/producto\/paquet-de-5-cintres-gris-unisexes\/","og_site_name":"Erum home","article_modified_time":"2025-08-29T09:50:33+00:00","og_image":[{"width":2560,"height":2560,"url":"https:\/\/erumhome.com\/wp-content\/uploads\/2024\/11\/perchas-unisex-272-10-blanco-packaging-scaled.jpg","type":"image\/jpeg"}],"twitter_card":"summary_large_image","schema":{"@context":"https:\/\/schema.org","@graph":[{"@type":"WebPage","@id":"https:\/\/erumhome.com\/fr\/producto\/paquet-de-5-cintres-gris-unisexes\/","url":"https:\/\/erumhome.com\/fr\/producto\/paquet-de-5-cintres-gris-unisexes\/","name":"Lot de 5 cintres unisexes gris - Erum home","isPartOf":{"@id":"https:\/\/erumhome.com\/fr\/#website"},"primaryImageOfPage":{"@id":"https:\/\/erumhome.com\/fr\/producto\/paquet-de-5-cintres-gris-unisexes\/#primaryimage"},"image":{"@id":"https:\/\/erumhome.com\/fr\/producto\/paquet-de-5-cintres-gris-unisexes\/#primaryimage"},"thumbnailUrl":"https:\/\/erumhome.com\/wp-content\/uploads\/2024\/11\/perchas-unisex-272-10-blanco-packaging-scaled.jpg","datePublished":"2024-11-04T21:21:35+00:00","dateModified":"2025-08-29T09:50:33+00:00","breadcrumb":{"@id":"https:\/\/erumhome.com\/fr\/producto\/paquet-de-5-cintres-gris-unisexes\/#breadcrumb"},"inLanguage":"fr-FR","potentialAction":[{"@type":"ReadAction","target":["https:\/\/erumhome.com\/fr\/producto\/paquet-de-5-cintres-gris-unisexes\/"]}]},{"@type":"ImageObject","inLanguage":"fr-FR","@id":"https:\/\/erumhome.com\/fr\/producto\/paquet-de-5-cintres-gris-unisexes\/#primaryimage","url":"https:\/\/erumhome.com\/wp-content\/uploads\/2024\/11\/perchas-unisex-272-10-blanco-packaging-scaled.jpg","contentUrl":"https:\/\/erumhome.com\/wp-content\/uploads\/2024\/11\/perchas-unisex-272-10-blanco-packaging-scaled.jpg","width":2560,"height":2560},{"@type":"BreadcrumbList","@id":"https:\/\/erumhome.com\/fr\/producto\/paquet-de-5-cintres-gris-unisexes\/#breadcrumb","itemListElement":[{"@type":"ListItem","position":1,"name":"Portada","item":"https:\/\/erumhome.com\/fr\/"},{"@type":"ListItem","position":2,"name":"Boutique","item":"https:\/\/erumhome.com\/catalogo\/"},{"@type":"ListItem","position":3,"name":"Lot de 5 cintres unisexes gris"}]},{"@type":"WebSite","@id":"https:\/\/erumhome.com\/fr\/#website","url":"https:\/\/erumhome.com\/fr\/","name":"Erum home","description":" ","publisher":{"@id":"https:\/\/erumhome.com\/fr\/#organization"},"potentialAction":[{"@type":"SearchAction","target":{"@type":"EntryPoint","urlTemplate":"https:\/\/erumhome.com\/fr\/?s={search_term_string}"},"query-input":{"@type":"PropertyValueSpecification","valueRequired":true,"valueName":"search_term_string"}}],"inLanguage":"fr-FR"},{"@type":"Organization","@id":"https:\/\/erumhome.com\/fr\/#organization","name":"Erum home","url":"https:\/\/erumhome.com\/fr\/","logo":{"@type":"ImageObject","inLanguage":"fr-FR","@id":"https:\/\/erumhome.com\/fr\/#\/schema\/logo\/image\/","url":"https:\/\/erumhome.com\/wp-content\/uploads\/2025\/01\/logotipo.svg","contentUrl":"https:\/\/erumhome.com\/wp-content\/uploads\/2025\/01\/logotipo.svg","width":1287,"height":508,"caption":"Erum home"},"image":{"@id":"https:\/\/erumhome.com\/fr\/#\/schema\/logo\/image\/"}}]}},"_links":{"self":[{"href":"https:\/\/erumhome.com\/fr\/wp-json\/wp\/v2\/product\/4034","targetHints":{"allow":["GET"]}}],"collection":[{"href":"https:\/\/erumhome.com\/fr\/wp-json\/wp\/v2\/product"}],"about":[{"href":"https:\/\/erumhome.com\/fr\/wp-json\/wp\/v2\/types\/product"}],"replies":[{"embeddable":true,"href":"https:\/\/erumhome.com\/fr\/wp-json\/wp\/v2\/comments?post=4034"}],"version-history":[{"count":2,"href":"https:\/\/erumhome.com\/fr\/wp-json\/wp\/v2\/product\/4034\/revisions"}],"predecessor-version":[{"id":7062,"href":"https:\/\/erumhome.com\/fr\/wp-json\/wp\/v2\/product\/4034\/revisions\/7062"}],"wp:featuredmedia":[{"embeddable":true,"href":"https:\/\/erumhome.com\/fr\/wp-json\/wp\/v2\/media\/4764"}],"wp:attachment":[{"href":"https:\/\/erumhome.com\/fr\/wp-json\/wp\/v2\/media?parent=4034"}],"wp:term":[{"taxonomy":"product_brand","embeddable":true,"href":"https:\/\/erumhome.com\/fr\/wp-json\/wp\/v2\/product_brand?post=4034"},{"taxonomy":"product_cat","embeddable":true,"href":"https:\/\/erumhome.com\/fr\/wp-json\/wp\/v2\/product_cat?post=4034"},{"taxonomy":"product_tag","embeddable":true,"href":"https:\/\/erumhome.com\/fr\/wp-json\/wp\/v2\/product_tag?post=4034"}],"curies":[{"name":"wp","href":"https:\/\/api.w.org\/{rel}","templated":true}]}}