{"id":4046,"date":"2024-11-04T23:08:59","date_gmt":"2024-11-04T22:08:59","guid":{"rendered":"https:\/\/erumhome.com\/producto\/corde-a-linge-extensible-4-brins-blanc\/"},"modified":"2025-08-29T11:49:42","modified_gmt":"2025-08-29T09:49:42","slug":"corde-a-linge-extensible-4-brins-blanc","status":"publish","type":"product","link":"https:\/\/erumhome.com\/fr\/producto\/corde-a-linge-extensible-4-brins-blanc\/","title":{"rendered":"Corde \u00e0 linge extensible 4 cordes blanc"},"content":{"rendered":"","protected":false},"excerpt":{"rendered":"<p>Gagnez de la place dans votre maison gr\u00e2ce \u00e0 cette corde \u00e0 linge \u00e0 4 brins, id\u00e9ale pour suspendre des v\u00eatements \u00e0 l&rsquo;int\u00e9rieur comme \u00e0 l&rsquo;ext\u00e9rieur. Chacune des quatre cordes en nylon s&rsquo;\u00e9tend jusqu&rsquo;\u00e0 5 m\u00e8tres, offrant ainsi une grande capacit\u00e9 de s\u00e9chage. De plus, il est dot\u00e9 d&rsquo;un syst\u00e8me de tension r\u00e9glable qui assure la stabilit\u00e9 et emp\u00eache les cordes de se d\u00e9tendre pendant l&rsquo;utilisation.  <\/p>\n<p>Cet \u00e9tendoir comprend un gabarit d&rsquo;installation, ainsi que des vis et des chevilles, pour un montage rapide et s\u00fbr. Mesurant 40 x 6,8 x 11 cm, il constitue une solution pratique et compacte pour le s\u00e9chage du linge, vous permettant de tirer le meilleur parti de chaque recoin de votre maison. <\/p>\n","protected":false},"featured_media":7811,"comment_status":"open","ping_status":"closed","template":"","meta":{"site-sidebar-layout":"default","site-content-layout":"","ast-site-content-layout":"default","site-content-style":"default","site-sidebar-style":"default","ast-global-header-display":"","ast-banner-title-visibility":"","ast-main-header-display":"","ast-hfb-above-header-display":"","ast-hfb-below-header-display":"","ast-hfb-mobile-header-display":"","site-post-title":"","ast-breadcrumbs-content":"","ast-featured-img":"","footer-sml-layout":"","theme-transparent-header-meta":"default","adv-header-id-meta":"","stick-header-meta":"default","header-above-stick-meta":"","header-main-stick-meta":"","header-below-stick-meta":"","astra-migrate-meta-layouts":"default","ast-page-background-enabled":"default","ast-page-background-meta":{"desktop":{"background-color":"","background-image":"","background-repeat":"repeat","background-position":"center center","background-size":"auto","background-attachment":"scroll","background-type":"","background-media":"","overlay-type":"","overlay-color":"","overlay-opacity":"","overlay-gradient":""},"tablet":{"background-color":"","background-image":"","background-repeat":"repeat","background-position":"center center","background-size":"auto","background-attachment":"scroll","background-type":"","background-media":"","overlay-type":"","overlay-color":"","overlay-opacity":"","overlay-gradient":""},"mobile":{"background-color":"","background-image":"","background-repeat":"repeat","background-position":"center center","background-size":"auto","background-attachment":"scroll","background-type":"","background-media":"","overlay-type":"","overlay-color":"","overlay-opacity":"","overlay-gradient":""}},"ast-content-background-meta":{"desktop":{"background-color":"var(--ast-global-color-5)","background-image":"","background-repeat":"repeat","background-position":"center center","background-size":"auto","background-attachment":"scroll","background-type":"","background-media":"","overlay-type":"","overlay-color":"","overlay-opacity":"","overlay-gradient":""},"tablet":{"background-color":"var(--ast-global-color-5)","background-image":"","background-repeat":"repeat","background-position":"center center","background-size":"auto","background-attachment":"scroll","background-type":"","background-media":"","overlay-type":"","overlay-color":"","overlay-opacity":"","overlay-gradient":""},"mobile":{"background-color":"var(--ast-global-color-5)","background-image":"","background-repeat":"repeat","background-position":"center center","background-size":"auto","background-attachment":"scroll","background-type":"","background-media":"","overlay-type":"","overlay-color":"","overlay-opacity":"","overlay-gradient":""}}},"product_brand":[],"product_cat":[748,694],"product_tag":[],"class_list":{"0":"post-4046","1":"product","2":"type-product","3":"status-publish","4":"has-post-thumbnail","6":"product_cat-accueil","7":"product_cat-non-classifiee","8":"pa_color-blanc","9":"desktop-align-center","10":"tablet-align-center","11":"mobile-align-center","12":"ast-product-gallery-layout-vertical","13":"ast-product-tabs-layout-horizontal","15":"first","16":"instock","17":"shipping-taxable","18":"purchasable","19":"product-type-simple"},"yoast_head":"<!-- This site is optimized with the Yoast SEO plugin v25.8 - https:\/\/yoast.com\/wordpress\/plugins\/seo\/ -->\n<title>Corde \u00e0 linge extensible 4 cordes blanc - Erum home<\/title>\n<meta name=\"robots\" content=\"index, follow, max-snippet:-1, max-image-preview:large, max-video-preview:-1\" \/>\n<link rel=\"canonical\" href=\"https:\/\/erumhome.com\/fr\/producto\/corde-a-linge-extensible-4-brins-blanc\/\" \/>\n<meta property=\"og:locale\" content=\"fr_FR\" \/>\n<meta property=\"og:type\" content=\"article\" \/>\n<meta property=\"og:title\" content=\"Corde \u00e0 linge extensible 4 cordes blanc - Erum home\" \/>\n<meta property=\"og:description\" content=\"Gagnez de la place dans votre maison gr\u00e2ce \u00e0 cette corde \u00e0 linge \u00e0 4 brins, id\u00e9ale pour suspendre des v\u00eatements \u00e0 l&#039;int\u00e9rieur comme \u00e0 l&#039;ext\u00e9rieur. Chacune des quatre cordes en nylon s&#039;\u00e9tend jusqu&#039;\u00e0 5 m\u00e8tres, offrant ainsi une grande capacit\u00e9 de s\u00e9chage. De plus, il est dot\u00e9 d&#039;un syst\u00e8me de tension r\u00e9glable qui assure la stabilit\u00e9 et emp\u00eache les cordes de se d\u00e9tendre pendant l&#039;utilisation.  Cet \u00e9tendoir comprend un gabarit d&#039;installation, ainsi que des vis et des chevilles, pour un montage rapide et s\u00fbr. Mesurant 40 x 6,8 x 11 cm, il constitue une solution pratique et compacte pour le s\u00e9chage du linge, vous permettant de tirer le meilleur parti de chaque recoin de votre maison.\" \/>\n<meta property=\"og:url\" content=\"https:\/\/erumhome.com\/fr\/producto\/corde-a-linge-extensible-4-brins-blanc\/\" \/>\n<meta property=\"og:site_name\" content=\"Erum home\" \/>\n<meta property=\"article:modified_time\" content=\"2025-08-29T09:49:42+00:00\" \/>\n<meta property=\"og:image\" content=\"https:\/\/erumhome.com\/wp-content\/uploads\/2024\/11\/tendedero-cuatro-cuerdas-762-10-blanco-foto-principal.jpg\" \/>\n\t<meta property=\"og:image:width\" content=\"2560\" \/>\n\t<meta property=\"og:image:height\" content=\"2560\" \/>\n\t<meta property=\"og:image:type\" content=\"image\/jpeg\" \/>\n<meta name=\"twitter:card\" content=\"summary_large_image\" \/>\n<script type=\"application\/ld+json\" class=\"yoast-schema-graph\">{\"@context\":\"https:\/\/schema.org\",\"@graph\":[{\"@type\":\"WebPage\",\"@id\":\"https:\/\/erumhome.com\/fr\/producto\/corde-a-linge-extensible-4-brins-blanc\/\",\"url\":\"https:\/\/erumhome.com\/fr\/producto\/corde-a-linge-extensible-4-brins-blanc\/\",\"name\":\"Corde \u00e0 linge extensible 4 cordes blanc - Erum home\",\"isPartOf\":{\"@id\":\"https:\/\/erumhome.com\/fr\/#website\"},\"primaryImageOfPage\":{\"@id\":\"https:\/\/erumhome.com\/fr\/producto\/corde-a-linge-extensible-4-brins-blanc\/#primaryimage\"},\"image\":{\"@id\":\"https:\/\/erumhome.com\/fr\/producto\/corde-a-linge-extensible-4-brins-blanc\/#primaryimage\"},\"thumbnailUrl\":\"https:\/\/erumhome.com\/wp-content\/uploads\/2024\/11\/tendedero-cuatro-cuerdas-762-10-blanco-foto-principal.jpg\",\"datePublished\":\"2024-11-04T22:08:59+00:00\",\"dateModified\":\"2025-08-29T09:49:42+00:00\",\"breadcrumb\":{\"@id\":\"https:\/\/erumhome.com\/fr\/producto\/corde-a-linge-extensible-4-brins-blanc\/#breadcrumb\"},\"inLanguage\":\"fr-FR\",\"potentialAction\":[{\"@type\":\"ReadAction\",\"target\":[\"https:\/\/erumhome.com\/fr\/producto\/corde-a-linge-extensible-4-brins-blanc\/\"]}]},{\"@type\":\"ImageObject\",\"inLanguage\":\"fr-FR\",\"@id\":\"https:\/\/erumhome.com\/fr\/producto\/corde-a-linge-extensible-4-brins-blanc\/#primaryimage\",\"url\":\"https:\/\/erumhome.com\/wp-content\/uploads\/2024\/11\/tendedero-cuatro-cuerdas-762-10-blanco-foto-principal.jpg\",\"contentUrl\":\"https:\/\/erumhome.com\/wp-content\/uploads\/2024\/11\/tendedero-cuatro-cuerdas-762-10-blanco-foto-principal.jpg\",\"width\":2560,\"height\":2560},{\"@type\":\"BreadcrumbList\",\"@id\":\"https:\/\/erumhome.com\/fr\/producto\/corde-a-linge-extensible-4-brins-blanc\/#breadcrumb\",\"itemListElement\":[{\"@type\":\"ListItem\",\"position\":1,\"name\":\"Portada\",\"item\":\"https:\/\/erumhome.com\/fr\/\"},{\"@type\":\"ListItem\",\"position\":2,\"name\":\"Boutique\",\"item\":\"https:\/\/erumhome.com\/catalogo\/\"},{\"@type\":\"ListItem\",\"position\":3,\"name\":\"Corde \u00e0 linge extensible 4 cordes blanc\"}]},{\"@type\":\"WebSite\",\"@id\":\"https:\/\/erumhome.com\/fr\/#website\",\"url\":\"https:\/\/erumhome.com\/fr\/\",\"name\":\"Erum home\",\"description\":\" \",\"publisher\":{\"@id\":\"https:\/\/erumhome.com\/fr\/#organization\"},\"potentialAction\":[{\"@type\":\"SearchAction\",\"target\":{\"@type\":\"EntryPoint\",\"urlTemplate\":\"https:\/\/erumhome.com\/fr\/?s={search_term_string}\"},\"query-input\":{\"@type\":\"PropertyValueSpecification\",\"valueRequired\":true,\"valueName\":\"search_term_string\"}}],\"inLanguage\":\"fr-FR\"},{\"@type\":\"Organization\",\"@id\":\"https:\/\/erumhome.com\/fr\/#organization\",\"name\":\"Erum home\",\"url\":\"https:\/\/erumhome.com\/fr\/\",\"logo\":{\"@type\":\"ImageObject\",\"inLanguage\":\"fr-FR\",\"@id\":\"https:\/\/erumhome.com\/fr\/#\/schema\/logo\/image\/\",\"url\":\"https:\/\/erumhome.com\/wp-content\/uploads\/2025\/01\/logotipo.svg\",\"contentUrl\":\"https:\/\/erumhome.com\/wp-content\/uploads\/2025\/01\/logotipo.svg\",\"width\":1287,\"height\":508,\"caption\":\"Erum home\"},\"image\":{\"@id\":\"https:\/\/erumhome.com\/fr\/#\/schema\/logo\/image\/\"}}]}<\/script>\n<!-- \/ Yoast SEO plugin. -->","yoast_head_json":{"title":"Corde \u00e0 linge extensible 4 cordes blanc - Erum home","robots":{"index":"index","follow":"follow","max-snippet":"max-snippet:-1","max-image-preview":"max-image-preview:large","max-video-preview":"max-video-preview:-1"},"canonical":"https:\/\/erumhome.com\/fr\/producto\/corde-a-linge-extensible-4-brins-blanc\/","og_locale":"fr_FR","og_type":"article","og_title":"Corde \u00e0 linge extensible 4 cordes blanc - Erum home","og_description":"Gagnez de la place dans votre maison gr\u00e2ce \u00e0 cette corde \u00e0 linge \u00e0 4 brins, id\u00e9ale pour suspendre des v\u00eatements \u00e0 l'int\u00e9rieur comme \u00e0 l'ext\u00e9rieur. Chacune des quatre cordes en nylon s'\u00e9tend jusqu'\u00e0 5 m\u00e8tres, offrant ainsi une grande capacit\u00e9 de s\u00e9chage. De plus, il est dot\u00e9 d'un syst\u00e8me de tension r\u00e9glable qui assure la stabilit\u00e9 et emp\u00eache les cordes de se d\u00e9tendre pendant l'utilisation.  Cet \u00e9tendoir comprend un gabarit d'installation, ainsi que des vis et des chevilles, pour un montage rapide et s\u00fbr. Mesurant 40 x 6,8 x 11 cm, il constitue une solution pratique et compacte pour le s\u00e9chage du linge, vous permettant de tirer le meilleur parti de chaque recoin de votre maison.","og_url":"https:\/\/erumhome.com\/fr\/producto\/corde-a-linge-extensible-4-brins-blanc\/","og_site_name":"Erum home","article_modified_time":"2025-08-29T09:49:42+00:00","og_image":[{"width":2560,"height":2560,"url":"https:\/\/erumhome.com\/wp-content\/uploads\/2024\/11\/tendedero-cuatro-cuerdas-762-10-blanco-foto-principal.jpg","type":"image\/jpeg"}],"twitter_card":"summary_large_image","schema":{"@context":"https:\/\/schema.org","@graph":[{"@type":"WebPage","@id":"https:\/\/erumhome.com\/fr\/producto\/corde-a-linge-extensible-4-brins-blanc\/","url":"https:\/\/erumhome.com\/fr\/producto\/corde-a-linge-extensible-4-brins-blanc\/","name":"Corde \u00e0 linge extensible 4 cordes blanc - Erum home","isPartOf":{"@id":"https:\/\/erumhome.com\/fr\/#website"},"primaryImageOfPage":{"@id":"https:\/\/erumhome.com\/fr\/producto\/corde-a-linge-extensible-4-brins-blanc\/#primaryimage"},"image":{"@id":"https:\/\/erumhome.com\/fr\/producto\/corde-a-linge-extensible-4-brins-blanc\/#primaryimage"},"thumbnailUrl":"https:\/\/erumhome.com\/wp-content\/uploads\/2024\/11\/tendedero-cuatro-cuerdas-762-10-blanco-foto-principal.jpg","datePublished":"2024-11-04T22:08:59+00:00","dateModified":"2025-08-29T09:49:42+00:00","breadcrumb":{"@id":"https:\/\/erumhome.com\/fr\/producto\/corde-a-linge-extensible-4-brins-blanc\/#breadcrumb"},"inLanguage":"fr-FR","potentialAction":[{"@type":"ReadAction","target":["https:\/\/erumhome.com\/fr\/producto\/corde-a-linge-extensible-4-brins-blanc\/"]}]},{"@type":"ImageObject","inLanguage":"fr-FR","@id":"https:\/\/erumhome.com\/fr\/producto\/corde-a-linge-extensible-4-brins-blanc\/#primaryimage","url":"https:\/\/erumhome.com\/wp-content\/uploads\/2024\/11\/tendedero-cuatro-cuerdas-762-10-blanco-foto-principal.jpg","contentUrl":"https:\/\/erumhome.com\/wp-content\/uploads\/2024\/11\/tendedero-cuatro-cuerdas-762-10-blanco-foto-principal.jpg","width":2560,"height":2560},{"@type":"BreadcrumbList","@id":"https:\/\/erumhome.com\/fr\/producto\/corde-a-linge-extensible-4-brins-blanc\/#breadcrumb","itemListElement":[{"@type":"ListItem","position":1,"name":"Portada","item":"https:\/\/erumhome.com\/fr\/"},{"@type":"ListItem","position":2,"name":"Boutique","item":"https:\/\/erumhome.com\/catalogo\/"},{"@type":"ListItem","position":3,"name":"Corde \u00e0 linge extensible 4 cordes blanc"}]},{"@type":"WebSite","@id":"https:\/\/erumhome.com\/fr\/#website","url":"https:\/\/erumhome.com\/fr\/","name":"Erum home","description":" ","publisher":{"@id":"https:\/\/erumhome.com\/fr\/#organization"},"potentialAction":[{"@type":"SearchAction","target":{"@type":"EntryPoint","urlTemplate":"https:\/\/erumhome.com\/fr\/?s={search_term_string}"},"query-input":{"@type":"PropertyValueSpecification","valueRequired":true,"valueName":"search_term_string"}}],"inLanguage":"fr-FR"},{"@type":"Organization","@id":"https:\/\/erumhome.com\/fr\/#organization","name":"Erum home","url":"https:\/\/erumhome.com\/fr\/","logo":{"@type":"ImageObject","inLanguage":"fr-FR","@id":"https:\/\/erumhome.com\/fr\/#\/schema\/logo\/image\/","url":"https:\/\/erumhome.com\/wp-content\/uploads\/2025\/01\/logotipo.svg","contentUrl":"https:\/\/erumhome.com\/wp-content\/uploads\/2025\/01\/logotipo.svg","width":1287,"height":508,"caption":"Erum home"},"image":{"@id":"https:\/\/erumhome.com\/fr\/#\/schema\/logo\/image\/"}}]}},"_links":{"self":[{"href":"https:\/\/erumhome.com\/fr\/wp-json\/wp\/v2\/product\/4046","targetHints":{"allow":["GET"]}}],"collection":[{"href":"https:\/\/erumhome.com\/fr\/wp-json\/wp\/v2\/product"}],"about":[{"href":"https:\/\/erumhome.com\/fr\/wp-json\/wp\/v2\/types\/product"}],"replies":[{"embeddable":true,"href":"https:\/\/erumhome.com\/fr\/wp-json\/wp\/v2\/comments?post=4046"}],"version-history":[{"count":2,"href":"https:\/\/erumhome.com\/fr\/wp-json\/wp\/v2\/product\/4046\/revisions"}],"predecessor-version":[{"id":7075,"href":"https:\/\/erumhome.com\/fr\/wp-json\/wp\/v2\/product\/4046\/revisions\/7075"}],"wp:featuredmedia":[{"embeddable":true,"href":"https:\/\/erumhome.com\/fr\/wp-json\/wp\/v2\/media\/7811"}],"wp:attachment":[{"href":"https:\/\/erumhome.com\/fr\/wp-json\/wp\/v2\/media?parent=4046"}],"wp:term":[{"taxonomy":"product_brand","embeddable":true,"href":"https:\/\/erumhome.com\/fr\/wp-json\/wp\/v2\/product_brand?post=4046"},{"taxonomy":"product_cat","embeddable":true,"href":"https:\/\/erumhome.com\/fr\/wp-json\/wp\/v2\/product_cat?post=4046"},{"taxonomy":"product_tag","embeddable":true,"href":"https:\/\/erumhome.com\/fr\/wp-json\/wp\/v2\/product_tag?post=4046"}],"curies":[{"name":"wp","href":"https:\/\/api.w.org\/{rel}","templated":true}]}}