{"id":4049,"date":"2024-11-04T23:35:34","date_gmt":"2024-11-04T22:35:34","guid":{"rendered":"https:\/\/erumhome.com\/producto\/panier-polyvalent-35l-machine-a-laver-bois-de-chauffage-courses-jouets\/"},"modified":"2025-08-29T11:49:06","modified_gmt":"2025-08-29T09:49:06","slug":"panier-polyvalent-35l-machine-a-laver-bois-de-chauffage-courses-jouets","status":"publish","type":"product","link":"https:\/\/erumhome.com\/fr\/producto\/panier-polyvalent-35l-machine-a-laver-bois-de-chauffage-courses-jouets\/","title":{"rendered":"Panier polyvalent 35L : machine \u00e0 laver, bois de chauffage, courses, jouets&#8230;"},"content":{"rendered":"<p>&nbsp;<\/p>\n","protected":false},"excerpt":{"rendered":"<p>Organisez votre maison avec le panier polyvalent de 35 litres, pratique et polyvalent, con\u00e7u pour faciliter le stockage et le transport des v\u00eatements, des jouets ou de tout autre article m\u00e9nager. Gr\u00e2ce \u00e0 sa conception perfor\u00e9e qui permet une bonne ventilation, ce panier emp\u00eache l&rsquo;accumulation d&rsquo;odeurs et est id\u00e9al pour tous les types d&rsquo;environnements, de la salle de bains \u00e0 la buanderie. <\/p>\n<p>Fabriqu\u00e9 avec des mat\u00e9riaux de haute qualit\u00e9, il garantit r\u00e9sistance et durabilit\u00e9 dans l&rsquo;usage quotidien. Ses dimensions de \u00d840 x 40 cm et ses poign\u00e9es confortables facilitent son transport, faisant de ce panier un outil indispensable pour maintenir l&rsquo;ordre dans tous les espaces. <\/p>\n","protected":false},"featured_media":4491,"comment_status":"open","ping_status":"closed","template":"","meta":{"site-sidebar-layout":"default","site-content-layout":"","ast-site-content-layout":"default","site-content-style":"default","site-sidebar-style":"default","ast-global-header-display":"","ast-banner-title-visibility":"","ast-main-header-display":"","ast-hfb-above-header-display":"","ast-hfb-below-header-display":"","ast-hfb-mobile-header-display":"","site-post-title":"","ast-breadcrumbs-content":"","ast-featured-img":"","footer-sml-layout":"","theme-transparent-header-meta":"default","adv-header-id-meta":"","stick-header-meta":"default","header-above-stick-meta":"","header-main-stick-meta":"","header-below-stick-meta":"","astra-migrate-meta-layouts":"default","ast-page-background-enabled":"default","ast-page-background-meta":{"desktop":{"background-color":"","background-image":"","background-repeat":"repeat","background-position":"center center","background-size":"auto","background-attachment":"scroll","background-type":"","background-media":"","overlay-type":"","overlay-color":"","overlay-opacity":"","overlay-gradient":""},"tablet":{"background-color":"","background-image":"","background-repeat":"repeat","background-position":"center center","background-size":"auto","background-attachment":"scroll","background-type":"","background-media":"","overlay-type":"","overlay-color":"","overlay-opacity":"","overlay-gradient":""},"mobile":{"background-color":"","background-image":"","background-repeat":"repeat","background-position":"center center","background-size":"auto","background-attachment":"scroll","background-type":"","background-media":"","overlay-type":"","overlay-color":"","overlay-opacity":"","overlay-gradient":""}},"ast-content-background-meta":{"desktop":{"background-color":"var(--ast-global-color-5)","background-image":"","background-repeat":"repeat","background-position":"center center","background-size":"auto","background-attachment":"scroll","background-type":"","background-media":"","overlay-type":"","overlay-color":"","overlay-opacity":"","overlay-gradient":""},"tablet":{"background-color":"var(--ast-global-color-5)","background-image":"","background-repeat":"repeat","background-position":"center center","background-size":"auto","background-attachment":"scroll","background-type":"","background-media":"","overlay-type":"","overlay-color":"","overlay-opacity":"","overlay-gradient":""},"mobile":{"background-color":"var(--ast-global-color-5)","background-image":"","background-repeat":"repeat","background-position":"center center","background-size":"auto","background-attachment":"scroll","background-type":"","background-media":"","overlay-type":"","overlay-color":"","overlay-opacity":"","overlay-gradient":""}}},"product_brand":[],"product_cat":[748,1427],"product_tag":[],"class_list":{"0":"post-4049","1":"product","2":"type-product","3":"status-publish","4":"has-post-thumbnail","6":"product_cat-accueil","7":"product_cat-paniers","8":"pa_color-beige-fr","9":"pa_color-blanc","10":"pa_color-gris-fr","11":"desktop-align-center","12":"tablet-align-center","13":"mobile-align-center","14":"ast-product-gallery-layout-vertical","15":"ast-product-single-variable","16":"ast-product-tabs-layout-horizontal","18":"first","19":"instock","20":"shipping-taxable","21":"purchasable","22":"product-type-variable","23":"wvs-archive-product-wrapper","24":"rtwpvg-product"},"yoast_head":"<!-- This site is optimized with the Yoast SEO plugin v25.8 - https:\/\/yoast.com\/wordpress\/plugins\/seo\/ -->\n<title>Panier polyvalent 35L : machine \u00e0 laver, bois de chauffage, courses, jouets... - Erum home<\/title>\n<meta name=\"robots\" content=\"index, follow, max-snippet:-1, max-image-preview:large, max-video-preview:-1\" \/>\n<link rel=\"canonical\" href=\"https:\/\/erumhome.com\/fr\/producto\/panier-polyvalent-35l-machine-a-laver-bois-de-chauffage-courses-jouets\/\" \/>\n<meta property=\"og:locale\" content=\"fr_FR\" \/>\n<meta property=\"og:type\" content=\"article\" \/>\n<meta property=\"og:title\" content=\"Panier polyvalent 35L : machine \u00e0 laver, bois de chauffage, courses, jouets... - Erum home\" \/>\n<meta property=\"og:description\" content=\"Organisez votre maison avec le panier polyvalent de 35 litres, pratique et polyvalent, con\u00e7u pour faciliter le stockage et le transport des v\u00eatements, des jouets ou de tout autre article m\u00e9nager. Gr\u00e2ce \u00e0 sa conception perfor\u00e9e qui permet une bonne ventilation, ce panier emp\u00eache l&#039;accumulation d&#039;odeurs et est id\u00e9al pour tous les types d&#039;environnements, de la salle de bains \u00e0 la buanderie.  Fabriqu\u00e9 avec des mat\u00e9riaux de haute qualit\u00e9, il garantit r\u00e9sistance et durabilit\u00e9 dans l&#039;usage quotidien. Ses dimensions de \u00d840 x 40 cm et ses poign\u00e9es confortables facilitent son transport, faisant de ce panier un outil indispensable pour maintenir l&#039;ordre dans tous les espaces.\" \/>\n<meta property=\"og:url\" content=\"https:\/\/erumhome.com\/fr\/producto\/panier-polyvalent-35l-machine-a-laver-bois-de-chauffage-courses-jouets\/\" \/>\n<meta property=\"og:site_name\" content=\"Erum home\" \/>\n<meta property=\"article:modified_time\" content=\"2025-08-29T09:49:06+00:00\" \/>\n<meta property=\"og:image\" content=\"https:\/\/erumhome.com\/wp-content\/uploads\/2025\/04\/cesto-ropa-930-09-gris-foto-principal-scaled.jpg\" \/>\n\t<meta property=\"og:image:width\" content=\"2560\" \/>\n\t<meta property=\"og:image:height\" content=\"2560\" \/>\n\t<meta property=\"og:image:type\" content=\"image\/jpeg\" \/>\n<meta name=\"twitter:card\" content=\"summary_large_image\" \/>\n<script type=\"application\/ld+json\" class=\"yoast-schema-graph\">{\"@context\":\"https:\/\/schema.org\",\"@graph\":[{\"@type\":\"WebPage\",\"@id\":\"https:\/\/erumhome.com\/fr\/producto\/panier-polyvalent-35l-machine-a-laver-bois-de-chauffage-courses-jouets\/\",\"url\":\"https:\/\/erumhome.com\/fr\/producto\/panier-polyvalent-35l-machine-a-laver-bois-de-chauffage-courses-jouets\/\",\"name\":\"Panier polyvalent 35L : machine \u00e0 laver, bois de chauffage, courses, jouets... - Erum home\",\"isPartOf\":{\"@id\":\"https:\/\/erumhome.com\/fr\/#website\"},\"primaryImageOfPage\":{\"@id\":\"https:\/\/erumhome.com\/fr\/producto\/panier-polyvalent-35l-machine-a-laver-bois-de-chauffage-courses-jouets\/#primaryimage\"},\"image\":{\"@id\":\"https:\/\/erumhome.com\/fr\/producto\/panier-polyvalent-35l-machine-a-laver-bois-de-chauffage-courses-jouets\/#primaryimage\"},\"thumbnailUrl\":\"https:\/\/erumhome.com\/wp-content\/uploads\/2025\/04\/cesto-ropa-930-10-blanco-ambiente-scaled.jpg\",\"datePublished\":\"2024-11-04T22:35:34+00:00\",\"dateModified\":\"2025-08-29T09:49:06+00:00\",\"breadcrumb\":{\"@id\":\"https:\/\/erumhome.com\/fr\/producto\/panier-polyvalent-35l-machine-a-laver-bois-de-chauffage-courses-jouets\/#breadcrumb\"},\"inLanguage\":\"fr-FR\",\"potentialAction\":[{\"@type\":\"ReadAction\",\"target\":[\"https:\/\/erumhome.com\/fr\/producto\/panier-polyvalent-35l-machine-a-laver-bois-de-chauffage-courses-jouets\/\"]}]},{\"@type\":\"ImageObject\",\"inLanguage\":\"fr-FR\",\"@id\":\"https:\/\/erumhome.com\/fr\/producto\/panier-polyvalent-35l-machine-a-laver-bois-de-chauffage-courses-jouets\/#primaryimage\",\"url\":\"https:\/\/erumhome.com\/wp-content\/uploads\/2025\/04\/cesto-ropa-930-10-blanco-ambiente-scaled.jpg\",\"contentUrl\":\"https:\/\/erumhome.com\/wp-content\/uploads\/2025\/04\/cesto-ropa-930-10-blanco-ambiente-scaled.jpg\",\"width\":2560,\"height\":2560,\"caption\":\"cesto ropa 930 10 blanco ambiente\"},{\"@type\":\"BreadcrumbList\",\"@id\":\"https:\/\/erumhome.com\/fr\/producto\/panier-polyvalent-35l-machine-a-laver-bois-de-chauffage-courses-jouets\/#breadcrumb\",\"itemListElement\":[{\"@type\":\"ListItem\",\"position\":1,\"name\":\"Portada\",\"item\":\"https:\/\/erumhome.com\/fr\/\"},{\"@type\":\"ListItem\",\"position\":2,\"name\":\"Boutique\",\"item\":\"https:\/\/erumhome.com\/catalogo\/\"},{\"@type\":\"ListItem\",\"position\":3,\"name\":\"Panier polyvalent 35L : machine \u00e0 laver, bois de chauffage, courses, jouets&#8230;\"}]},{\"@type\":\"WebSite\",\"@id\":\"https:\/\/erumhome.com\/fr\/#website\",\"url\":\"https:\/\/erumhome.com\/fr\/\",\"name\":\"Erum home\",\"description\":\" \",\"publisher\":{\"@id\":\"https:\/\/erumhome.com\/fr\/#organization\"},\"potentialAction\":[{\"@type\":\"SearchAction\",\"target\":{\"@type\":\"EntryPoint\",\"urlTemplate\":\"https:\/\/erumhome.com\/fr\/?s={search_term_string}\"},\"query-input\":{\"@type\":\"PropertyValueSpecification\",\"valueRequired\":true,\"valueName\":\"search_term_string\"}}],\"inLanguage\":\"fr-FR\"},{\"@type\":\"Organization\",\"@id\":\"https:\/\/erumhome.com\/fr\/#organization\",\"name\":\"Erum home\",\"url\":\"https:\/\/erumhome.com\/fr\/\",\"logo\":{\"@type\":\"ImageObject\",\"inLanguage\":\"fr-FR\",\"@id\":\"https:\/\/erumhome.com\/fr\/#\/schema\/logo\/image\/\",\"url\":\"https:\/\/erumhome.com\/wp-content\/uploads\/2025\/01\/logotipo.svg\",\"contentUrl\":\"https:\/\/erumhome.com\/wp-content\/uploads\/2025\/01\/logotipo.svg\",\"width\":1287,\"height\":508,\"caption\":\"Erum home\"},\"image\":{\"@id\":\"https:\/\/erumhome.com\/fr\/#\/schema\/logo\/image\/\"}}]}<\/script>\n<!-- \/ Yoast SEO plugin. -->","yoast_head_json":{"title":"Panier polyvalent 35L : machine \u00e0 laver, bois de chauffage, courses, jouets... - Erum home","robots":{"index":"index","follow":"follow","max-snippet":"max-snippet:-1","max-image-preview":"max-image-preview:large","max-video-preview":"max-video-preview:-1"},"canonical":"https:\/\/erumhome.com\/fr\/producto\/panier-polyvalent-35l-machine-a-laver-bois-de-chauffage-courses-jouets\/","og_locale":"fr_FR","og_type":"article","og_title":"Panier polyvalent 35L : machine \u00e0 laver, bois de chauffage, courses, jouets... - Erum home","og_description":"Organisez votre maison avec le panier polyvalent de 35 litres, pratique et polyvalent, con\u00e7u pour faciliter le stockage et le transport des v\u00eatements, des jouets ou de tout autre article m\u00e9nager. Gr\u00e2ce \u00e0 sa conception perfor\u00e9e qui permet une bonne ventilation, ce panier emp\u00eache l'accumulation d'odeurs et est id\u00e9al pour tous les types d'environnements, de la salle de bains \u00e0 la buanderie.  Fabriqu\u00e9 avec des mat\u00e9riaux de haute qualit\u00e9, il garantit r\u00e9sistance et durabilit\u00e9 dans l'usage quotidien. Ses dimensions de \u00d840 x 40 cm et ses poign\u00e9es confortables facilitent son transport, faisant de ce panier un outil indispensable pour maintenir l'ordre dans tous les espaces.","og_url":"https:\/\/erumhome.com\/fr\/producto\/panier-polyvalent-35l-machine-a-laver-bois-de-chauffage-courses-jouets\/","og_site_name":"Erum home","article_modified_time":"2025-08-29T09:49:06+00:00","og_image":[{"width":2560,"height":2560,"url":"https:\/\/erumhome.com\/wp-content\/uploads\/2025\/04\/cesto-ropa-930-09-gris-foto-principal-scaled.jpg","type":"image\/jpeg"}],"twitter_card":"summary_large_image","schema":{"@context":"https:\/\/schema.org","@graph":[{"@type":"WebPage","@id":"https:\/\/erumhome.com\/fr\/producto\/panier-polyvalent-35l-machine-a-laver-bois-de-chauffage-courses-jouets\/","url":"https:\/\/erumhome.com\/fr\/producto\/panier-polyvalent-35l-machine-a-laver-bois-de-chauffage-courses-jouets\/","name":"Panier polyvalent 35L : machine \u00e0 laver, bois de chauffage, courses, jouets... - Erum home","isPartOf":{"@id":"https:\/\/erumhome.com\/fr\/#website"},"primaryImageOfPage":{"@id":"https:\/\/erumhome.com\/fr\/producto\/panier-polyvalent-35l-machine-a-laver-bois-de-chauffage-courses-jouets\/#primaryimage"},"image":{"@id":"https:\/\/erumhome.com\/fr\/producto\/panier-polyvalent-35l-machine-a-laver-bois-de-chauffage-courses-jouets\/#primaryimage"},"thumbnailUrl":"https:\/\/erumhome.com\/wp-content\/uploads\/2025\/04\/cesto-ropa-930-10-blanco-ambiente-scaled.jpg","datePublished":"2024-11-04T22:35:34+00:00","dateModified":"2025-08-29T09:49:06+00:00","breadcrumb":{"@id":"https:\/\/erumhome.com\/fr\/producto\/panier-polyvalent-35l-machine-a-laver-bois-de-chauffage-courses-jouets\/#breadcrumb"},"inLanguage":"fr-FR","potentialAction":[{"@type":"ReadAction","target":["https:\/\/erumhome.com\/fr\/producto\/panier-polyvalent-35l-machine-a-laver-bois-de-chauffage-courses-jouets\/"]}]},{"@type":"ImageObject","inLanguage":"fr-FR","@id":"https:\/\/erumhome.com\/fr\/producto\/panier-polyvalent-35l-machine-a-laver-bois-de-chauffage-courses-jouets\/#primaryimage","url":"https:\/\/erumhome.com\/wp-content\/uploads\/2025\/04\/cesto-ropa-930-10-blanco-ambiente-scaled.jpg","contentUrl":"https:\/\/erumhome.com\/wp-content\/uploads\/2025\/04\/cesto-ropa-930-10-blanco-ambiente-scaled.jpg","width":2560,"height":2560,"caption":"cesto ropa 930 10 blanco ambiente"},{"@type":"BreadcrumbList","@id":"https:\/\/erumhome.com\/fr\/producto\/panier-polyvalent-35l-machine-a-laver-bois-de-chauffage-courses-jouets\/#breadcrumb","itemListElement":[{"@type":"ListItem","position":1,"name":"Portada","item":"https:\/\/erumhome.com\/fr\/"},{"@type":"ListItem","position":2,"name":"Boutique","item":"https:\/\/erumhome.com\/catalogo\/"},{"@type":"ListItem","position":3,"name":"Panier polyvalent 35L : machine \u00e0 laver, bois de chauffage, courses, jouets&#8230;"}]},{"@type":"WebSite","@id":"https:\/\/erumhome.com\/fr\/#website","url":"https:\/\/erumhome.com\/fr\/","name":"Erum home","description":" ","publisher":{"@id":"https:\/\/erumhome.com\/fr\/#organization"},"potentialAction":[{"@type":"SearchAction","target":{"@type":"EntryPoint","urlTemplate":"https:\/\/erumhome.com\/fr\/?s={search_term_string}"},"query-input":{"@type":"PropertyValueSpecification","valueRequired":true,"valueName":"search_term_string"}}],"inLanguage":"fr-FR"},{"@type":"Organization","@id":"https:\/\/erumhome.com\/fr\/#organization","name":"Erum home","url":"https:\/\/erumhome.com\/fr\/","logo":{"@type":"ImageObject","inLanguage":"fr-FR","@id":"https:\/\/erumhome.com\/fr\/#\/schema\/logo\/image\/","url":"https:\/\/erumhome.com\/wp-content\/uploads\/2025\/01\/logotipo.svg","contentUrl":"https:\/\/erumhome.com\/wp-content\/uploads\/2025\/01\/logotipo.svg","width":1287,"height":508,"caption":"Erum home"},"image":{"@id":"https:\/\/erumhome.com\/fr\/#\/schema\/logo\/image\/"}}]}},"_links":{"self":[{"href":"https:\/\/erumhome.com\/fr\/wp-json\/wp\/v2\/product\/4049","targetHints":{"allow":["GET"]}}],"collection":[{"href":"https:\/\/erumhome.com\/fr\/wp-json\/wp\/v2\/product"}],"about":[{"href":"https:\/\/erumhome.com\/fr\/wp-json\/wp\/v2\/types\/product"}],"replies":[{"embeddable":true,"href":"https:\/\/erumhome.com\/fr\/wp-json\/wp\/v2\/comments?post=4049"}],"version-history":[{"count":3,"href":"https:\/\/erumhome.com\/fr\/wp-json\/wp\/v2\/product\/4049\/revisions"}],"predecessor-version":[{"id":6601,"href":"https:\/\/erumhome.com\/fr\/wp-json\/wp\/v2\/product\/4049\/revisions\/6601"}],"wp:featuredmedia":[{"embeddable":true,"href":"https:\/\/erumhome.com\/fr\/wp-json\/wp\/v2\/media\/4491"}],"wp:attachment":[{"href":"https:\/\/erumhome.com\/fr\/wp-json\/wp\/v2\/media?parent=4049"}],"wp:term":[{"taxonomy":"product_brand","embeddable":true,"href":"https:\/\/erumhome.com\/fr\/wp-json\/wp\/v2\/product_brand?post=4049"},{"taxonomy":"product_cat","embeddable":true,"href":"https:\/\/erumhome.com\/fr\/wp-json\/wp\/v2\/product_cat?post=4049"},{"taxonomy":"product_tag","embeddable":true,"href":"https:\/\/erumhome.com\/fr\/wp-json\/wp\/v2\/product_tag?post=4049"}],"curies":[{"name":"wp","href":"https:\/\/api.w.org\/{rel}","templated":true}]}}