{"id":4080,"date":"2024-11-12T12:50:32","date_gmt":"2024-11-12T11:50:32","guid":{"rendered":"https:\/\/erumhome.com\/producto\/porte-assiettes-315-x-28-cm-fruit-collection\/"},"modified":"2025-08-29T11:46:55","modified_gmt":"2025-08-29T09:46:55","slug":"porte-assiettes-315-x-28-cm-fruit-collection","status":"publish","type":"product","link":"https:\/\/erumhome.com\/fr\/producto\/porte-assiettes-315-x-28-cm-fruit-collection\/","title":{"rendered":"Tapis d&rsquo;\u00e9vier 31,5 x 28 cm \u00ab\u00a0Frutal\u00a0\u00bb"},"content":{"rendered":"","protected":false},"excerpt":{"rendered":"<p>Ce prot\u00e8ge-assiette au design fruit\u00e9 est id\u00e9al pour prot\u00e9ger votre vaisselle et votre \u00e9vier. Ses dimensions sont de 31,5 x 28 cm, ce qui vous permet d&rsquo;\u00e9viter les dommages et de maintenir la propret\u00e9. Fabriqu\u00e9 dans un mat\u00e9riau r\u00e9sistant aux huiles et aux graisses, il facilite l&rsquo;hygi\u00e8ne et l&rsquo;entretien. Sa surface pr\u00e9sente un dessin de pommes et de trous qui permet une bonne \u00e9vacuation de l&rsquo;eau, ce qui contribue \u00e0 \u00e9viter l&rsquo;accumulation d&rsquo;humidit\u00e9. Facile \u00e0 nettoyer et tr\u00e8s hygi\u00e9nique, il est parfait pour un usage quotidien \u00e0 la maison.    <\/p>\n","protected":false},"featured_media":7889,"comment_status":"open","ping_status":"closed","template":"","meta":{"site-sidebar-layout":"default","site-content-layout":"","ast-site-content-layout":"default","site-content-style":"default","site-sidebar-style":"default","ast-global-header-display":"","ast-banner-title-visibility":"","ast-main-header-display":"","ast-hfb-above-header-display":"","ast-hfb-below-header-display":"","ast-hfb-mobile-header-display":"","site-post-title":"","ast-breadcrumbs-content":"","ast-featured-img":"","footer-sml-layout":"","theme-transparent-header-meta":"default","adv-header-id-meta":"","stick-header-meta":"default","header-above-stick-meta":"","header-main-stick-meta":"","header-below-stick-meta":"","astra-migrate-meta-layouts":"default","ast-page-background-enabled":"default","ast-page-background-meta":{"desktop":{"background-color":"","background-image":"","background-repeat":"repeat","background-position":"center center","background-size":"auto","background-attachment":"scroll","background-type":"","background-media":"","overlay-type":"","overlay-color":"","overlay-opacity":"","overlay-gradient":""},"tablet":{"background-color":"","background-image":"","background-repeat":"repeat","background-position":"center center","background-size":"auto","background-attachment":"scroll","background-type":"","background-media":"","overlay-type":"","overlay-color":"","overlay-opacity":"","overlay-gradient":""},"mobile":{"background-color":"","background-image":"","background-repeat":"repeat","background-position":"center center","background-size":"auto","background-attachment":"scroll","background-type":"","background-media":"","overlay-type":"","overlay-color":"","overlay-opacity":"","overlay-gradient":""}},"ast-content-background-meta":{"desktop":{"background-color":"var(--ast-global-color-5)","background-image":"","background-repeat":"repeat","background-position":"center center","background-size":"auto","background-attachment":"scroll","background-type":"","background-media":"","overlay-type":"","overlay-color":"","overlay-opacity":"","overlay-gradient":""},"tablet":{"background-color":"var(--ast-global-color-5)","background-image":"","background-repeat":"repeat","background-position":"center center","background-size":"auto","background-attachment":"scroll","background-type":"","background-media":"","overlay-type":"","overlay-color":"","overlay-opacity":"","overlay-gradient":""},"mobile":{"background-color":"var(--ast-global-color-5)","background-image":"","background-repeat":"repeat","background-position":"center center","background-size":"auto","background-attachment":"scroll","background-type":"","background-media":"","overlay-type":"","overlay-color":"","overlay-opacity":"","overlay-gradient":""}}},"product_brand":[],"product_cat":[948,1468],"product_tag":[],"class_list":{"0":"post-4080","1":"product","2":"type-product","3":"status-publish","4":"has-post-thumbnail","6":"product_cat-cuisine","7":"product_cat-lave-vaisselle","8":"pa_color-beige-fr","9":"pa_color-blanc","10":"pa_color-gris-fr","11":"pa_color-vert","12":"desktop-align-center","13":"tablet-align-center","14":"mobile-align-center","15":"ast-product-gallery-layout-vertical","16":"ast-product-single-variable","17":"ast-product-tabs-layout-horizontal","19":"first","20":"instock","21":"shipping-taxable","22":"purchasable","23":"product-type-variable","24":"wvs-archive-product-wrapper","25":"rtwpvg-product"},"yoast_head":"<!-- This site is optimized with the Yoast SEO plugin v25.8 - https:\/\/yoast.com\/wordpress\/plugins\/seo\/ -->\n<title>Tapis d&#039;\u00e9vier 31,5 x 28 cm &quot;Frutal&quot; - Erum home<\/title>\n<meta name=\"robots\" content=\"index, follow, max-snippet:-1, max-image-preview:large, max-video-preview:-1\" \/>\n<link rel=\"canonical\" href=\"https:\/\/erumhome.com\/fr\/producto\/porte-assiettes-315-x-28-cm-fruit-collection\/\" \/>\n<meta property=\"og:locale\" content=\"fr_FR\" \/>\n<meta property=\"og:type\" content=\"article\" \/>\n<meta property=\"og:title\" content=\"Tapis d&#039;\u00e9vier 31,5 x 28 cm &quot;Frutal&quot; - Erum home\" \/>\n<meta property=\"og:description\" content=\"Ce prot\u00e8ge-assiette au design fruit\u00e9 est id\u00e9al pour prot\u00e9ger votre vaisselle et votre \u00e9vier. Ses dimensions sont de 31,5 x 28 cm, ce qui vous permet d&#039;\u00e9viter les dommages et de maintenir la propret\u00e9. Fabriqu\u00e9 dans un mat\u00e9riau r\u00e9sistant aux huiles et aux graisses, il facilite l&#039;hygi\u00e8ne et l&#039;entretien. Sa surface pr\u00e9sente un dessin de pommes et de trous qui permet une bonne \u00e9vacuation de l&#039;eau, ce qui contribue \u00e0 \u00e9viter l&#039;accumulation d&#039;humidit\u00e9. Facile \u00e0 nettoyer et tr\u00e8s hygi\u00e9nique, il est parfait pour un usage quotidien \u00e0 la maison.\" \/>\n<meta property=\"og:url\" content=\"https:\/\/erumhome.com\/fr\/producto\/porte-assiettes-315-x-28-cm-fruit-collection\/\" \/>\n<meta property=\"og:site_name\" content=\"Erum home\" \/>\n<meta property=\"article:modified_time\" content=\"2025-08-29T09:46:55+00:00\" \/>\n<meta property=\"og:image\" content=\"https:\/\/erumhome.com\/wp-content\/uploads\/2024\/11\/salvaplatos-25-09-gris-foto-principal.jpg\" \/>\n\t<meta property=\"og:image:width\" content=\"1500\" \/>\n\t<meta property=\"og:image:height\" content=\"1500\" \/>\n\t<meta property=\"og:image:type\" content=\"image\/jpeg\" \/>\n<meta name=\"twitter:card\" content=\"summary_large_image\" \/>\n<script type=\"application\/ld+json\" class=\"yoast-schema-graph\">{\"@context\":\"https:\/\/schema.org\",\"@graph\":[{\"@type\":\"WebPage\",\"@id\":\"https:\/\/erumhome.com\/fr\/producto\/porte-assiettes-315-x-28-cm-fruit-collection\/\",\"url\":\"https:\/\/erumhome.com\/fr\/producto\/porte-assiettes-315-x-28-cm-fruit-collection\/\",\"name\":\"Tapis d'\u00e9vier 31,5 x 28 cm \\\"Frutal\\\" - Erum home\",\"isPartOf\":{\"@id\":\"https:\/\/erumhome.com\/fr\/#website\"},\"primaryImageOfPage\":{\"@id\":\"https:\/\/erumhome.com\/fr\/producto\/porte-assiettes-315-x-28-cm-fruit-collection\/#primaryimage\"},\"image\":{\"@id\":\"https:\/\/erumhome.com\/fr\/producto\/porte-assiettes-315-x-28-cm-fruit-collection\/#primaryimage\"},\"thumbnailUrl\":\"https:\/\/erumhome.com\/wp-content\/uploads\/2024\/11\/salvaplatos-25-09-gris-foto-principal.jpg\",\"datePublished\":\"2024-11-12T11:50:32+00:00\",\"dateModified\":\"2025-08-29T09:46:55+00:00\",\"breadcrumb\":{\"@id\":\"https:\/\/erumhome.com\/fr\/producto\/porte-assiettes-315-x-28-cm-fruit-collection\/#breadcrumb\"},\"inLanguage\":\"fr-FR\",\"potentialAction\":[{\"@type\":\"ReadAction\",\"target\":[\"https:\/\/erumhome.com\/fr\/producto\/porte-assiettes-315-x-28-cm-fruit-collection\/\"]}]},{\"@type\":\"ImageObject\",\"inLanguage\":\"fr-FR\",\"@id\":\"https:\/\/erumhome.com\/fr\/producto\/porte-assiettes-315-x-28-cm-fruit-collection\/#primaryimage\",\"url\":\"https:\/\/erumhome.com\/wp-content\/uploads\/2024\/11\/salvaplatos-25-09-gris-foto-principal.jpg\",\"contentUrl\":\"https:\/\/erumhome.com\/wp-content\/uploads\/2024\/11\/salvaplatos-25-09-gris-foto-principal.jpg\",\"width\":1500,\"height\":1500},{\"@type\":\"BreadcrumbList\",\"@id\":\"https:\/\/erumhome.com\/fr\/producto\/porte-assiettes-315-x-28-cm-fruit-collection\/#breadcrumb\",\"itemListElement\":[{\"@type\":\"ListItem\",\"position\":1,\"name\":\"Portada\",\"item\":\"https:\/\/erumhome.com\/fr\/\"},{\"@type\":\"ListItem\",\"position\":2,\"name\":\"Boutique\",\"item\":\"https:\/\/erumhome.com\/catalogo\/\"},{\"@type\":\"ListItem\",\"position\":3,\"name\":\"Tapis d&#8217;\u00e9vier 31,5 x 28 cm \u00abFrutal\u00bb\"}]},{\"@type\":\"WebSite\",\"@id\":\"https:\/\/erumhome.com\/fr\/#website\",\"url\":\"https:\/\/erumhome.com\/fr\/\",\"name\":\"Erum home\",\"description\":\" \",\"publisher\":{\"@id\":\"https:\/\/erumhome.com\/fr\/#organization\"},\"potentialAction\":[{\"@type\":\"SearchAction\",\"target\":{\"@type\":\"EntryPoint\",\"urlTemplate\":\"https:\/\/erumhome.com\/fr\/?s={search_term_string}\"},\"query-input\":{\"@type\":\"PropertyValueSpecification\",\"valueRequired\":true,\"valueName\":\"search_term_string\"}}],\"inLanguage\":\"fr-FR\"},{\"@type\":\"Organization\",\"@id\":\"https:\/\/erumhome.com\/fr\/#organization\",\"name\":\"Erum home\",\"url\":\"https:\/\/erumhome.com\/fr\/\",\"logo\":{\"@type\":\"ImageObject\",\"inLanguage\":\"fr-FR\",\"@id\":\"https:\/\/erumhome.com\/fr\/#\/schema\/logo\/image\/\",\"url\":\"https:\/\/erumhome.com\/wp-content\/uploads\/2025\/01\/logotipo.svg\",\"contentUrl\":\"https:\/\/erumhome.com\/wp-content\/uploads\/2025\/01\/logotipo.svg\",\"width\":1287,\"height\":508,\"caption\":\"Erum home\"},\"image\":{\"@id\":\"https:\/\/erumhome.com\/fr\/#\/schema\/logo\/image\/\"}}]}<\/script>\n<!-- \/ Yoast SEO plugin. -->","yoast_head_json":{"title":"Tapis d'\u00e9vier 31,5 x 28 cm \"Frutal\" - Erum home","robots":{"index":"index","follow":"follow","max-snippet":"max-snippet:-1","max-image-preview":"max-image-preview:large","max-video-preview":"max-video-preview:-1"},"canonical":"https:\/\/erumhome.com\/fr\/producto\/porte-assiettes-315-x-28-cm-fruit-collection\/","og_locale":"fr_FR","og_type":"article","og_title":"Tapis d'\u00e9vier 31,5 x 28 cm \"Frutal\" - Erum home","og_description":"Ce prot\u00e8ge-assiette au design fruit\u00e9 est id\u00e9al pour prot\u00e9ger votre vaisselle et votre \u00e9vier. Ses dimensions sont de 31,5 x 28 cm, ce qui vous permet d'\u00e9viter les dommages et de maintenir la propret\u00e9. Fabriqu\u00e9 dans un mat\u00e9riau r\u00e9sistant aux huiles et aux graisses, il facilite l'hygi\u00e8ne et l'entretien. Sa surface pr\u00e9sente un dessin de pommes et de trous qui permet une bonne \u00e9vacuation de l'eau, ce qui contribue \u00e0 \u00e9viter l'accumulation d'humidit\u00e9. Facile \u00e0 nettoyer et tr\u00e8s hygi\u00e9nique, il est parfait pour un usage quotidien \u00e0 la maison.","og_url":"https:\/\/erumhome.com\/fr\/producto\/porte-assiettes-315-x-28-cm-fruit-collection\/","og_site_name":"Erum home","article_modified_time":"2025-08-29T09:46:55+00:00","og_image":[{"width":1500,"height":1500,"url":"https:\/\/erumhome.com\/wp-content\/uploads\/2024\/11\/salvaplatos-25-09-gris-foto-principal.jpg","type":"image\/jpeg"}],"twitter_card":"summary_large_image","schema":{"@context":"https:\/\/schema.org","@graph":[{"@type":"WebPage","@id":"https:\/\/erumhome.com\/fr\/producto\/porte-assiettes-315-x-28-cm-fruit-collection\/","url":"https:\/\/erumhome.com\/fr\/producto\/porte-assiettes-315-x-28-cm-fruit-collection\/","name":"Tapis d'\u00e9vier 31,5 x 28 cm \"Frutal\" - Erum home","isPartOf":{"@id":"https:\/\/erumhome.com\/fr\/#website"},"primaryImageOfPage":{"@id":"https:\/\/erumhome.com\/fr\/producto\/porte-assiettes-315-x-28-cm-fruit-collection\/#primaryimage"},"image":{"@id":"https:\/\/erumhome.com\/fr\/producto\/porte-assiettes-315-x-28-cm-fruit-collection\/#primaryimage"},"thumbnailUrl":"https:\/\/erumhome.com\/wp-content\/uploads\/2024\/11\/salvaplatos-25-09-gris-foto-principal.jpg","datePublished":"2024-11-12T11:50:32+00:00","dateModified":"2025-08-29T09:46:55+00:00","breadcrumb":{"@id":"https:\/\/erumhome.com\/fr\/producto\/porte-assiettes-315-x-28-cm-fruit-collection\/#breadcrumb"},"inLanguage":"fr-FR","potentialAction":[{"@type":"ReadAction","target":["https:\/\/erumhome.com\/fr\/producto\/porte-assiettes-315-x-28-cm-fruit-collection\/"]}]},{"@type":"ImageObject","inLanguage":"fr-FR","@id":"https:\/\/erumhome.com\/fr\/producto\/porte-assiettes-315-x-28-cm-fruit-collection\/#primaryimage","url":"https:\/\/erumhome.com\/wp-content\/uploads\/2024\/11\/salvaplatos-25-09-gris-foto-principal.jpg","contentUrl":"https:\/\/erumhome.com\/wp-content\/uploads\/2024\/11\/salvaplatos-25-09-gris-foto-principal.jpg","width":1500,"height":1500},{"@type":"BreadcrumbList","@id":"https:\/\/erumhome.com\/fr\/producto\/porte-assiettes-315-x-28-cm-fruit-collection\/#breadcrumb","itemListElement":[{"@type":"ListItem","position":1,"name":"Portada","item":"https:\/\/erumhome.com\/fr\/"},{"@type":"ListItem","position":2,"name":"Boutique","item":"https:\/\/erumhome.com\/catalogo\/"},{"@type":"ListItem","position":3,"name":"Tapis d&#8217;\u00e9vier 31,5 x 28 cm \u00abFrutal\u00bb"}]},{"@type":"WebSite","@id":"https:\/\/erumhome.com\/fr\/#website","url":"https:\/\/erumhome.com\/fr\/","name":"Erum home","description":" ","publisher":{"@id":"https:\/\/erumhome.com\/fr\/#organization"},"potentialAction":[{"@type":"SearchAction","target":{"@type":"EntryPoint","urlTemplate":"https:\/\/erumhome.com\/fr\/?s={search_term_string}"},"query-input":{"@type":"PropertyValueSpecification","valueRequired":true,"valueName":"search_term_string"}}],"inLanguage":"fr-FR"},{"@type":"Organization","@id":"https:\/\/erumhome.com\/fr\/#organization","name":"Erum home","url":"https:\/\/erumhome.com\/fr\/","logo":{"@type":"ImageObject","inLanguage":"fr-FR","@id":"https:\/\/erumhome.com\/fr\/#\/schema\/logo\/image\/","url":"https:\/\/erumhome.com\/wp-content\/uploads\/2025\/01\/logotipo.svg","contentUrl":"https:\/\/erumhome.com\/wp-content\/uploads\/2025\/01\/logotipo.svg","width":1287,"height":508,"caption":"Erum home"},"image":{"@id":"https:\/\/erumhome.com\/fr\/#\/schema\/logo\/image\/"}}]}},"_links":{"self":[{"href":"https:\/\/erumhome.com\/fr\/wp-json\/wp\/v2\/product\/4080","targetHints":{"allow":["GET"]}}],"collection":[{"href":"https:\/\/erumhome.com\/fr\/wp-json\/wp\/v2\/product"}],"about":[{"href":"https:\/\/erumhome.com\/fr\/wp-json\/wp\/v2\/types\/product"}],"replies":[{"embeddable":true,"href":"https:\/\/erumhome.com\/fr\/wp-json\/wp\/v2\/comments?post=4080"}],"version-history":[{"count":3,"href":"https:\/\/erumhome.com\/fr\/wp-json\/wp\/v2\/product\/4080\/revisions"}],"predecessor-version":[{"id":7891,"href":"https:\/\/erumhome.com\/fr\/wp-json\/wp\/v2\/product\/4080\/revisions\/7891"}],"wp:featuredmedia":[{"embeddable":true,"href":"https:\/\/erumhome.com\/fr\/wp-json\/wp\/v2\/media\/7889"}],"wp:attachment":[{"href":"https:\/\/erumhome.com\/fr\/wp-json\/wp\/v2\/media?parent=4080"}],"wp:term":[{"taxonomy":"product_brand","embeddable":true,"href":"https:\/\/erumhome.com\/fr\/wp-json\/wp\/v2\/product_brand?post=4080"},{"taxonomy":"product_cat","embeddable":true,"href":"https:\/\/erumhome.com\/fr\/wp-json\/wp\/v2\/product_cat?post=4080"},{"taxonomy":"product_tag","embeddable":true,"href":"https:\/\/erumhome.com\/fr\/wp-json\/wp\/v2\/product_tag?post=4080"}],"curies":[{"name":"wp","href":"https:\/\/api.w.org\/{rel}","templated":true}]}}