{"id":4127,"date":"2024-11-04T15:35:56","date_gmt":"2024-11-04T14:35:56","guid":{"rendered":"https:\/\/erumhome.com\/producto\/triple-meuble-dangle-pour-salle-de-bains-avec-porte-en-verre\/"},"modified":"2025-08-29T12:03:40","modified_gmt":"2025-08-29T10:03:40","slug":"triple-meuble-dangle-pour-salle-de-bains-avec-porte-en-verre","status":"publish","type":"product","link":"https:\/\/erumhome.com\/fr\/producto\/triple-meuble-dangle-pour-salle-de-bains-avec-porte-en-verre\/","title":{"rendered":"Baignoire triple avec porte en verre"},"content":{"rendered":"","protected":false},"excerpt":{"rendered":"<p>Ajoutez de la fonctionnalit\u00e9 et de l&rsquo;\u00e9l\u00e9gance \u00e0 votre salle de bains avec ce meuble d&rsquo;angle triple pour salle de bains, \u00e9quip\u00e9 d&rsquo;une porte en verre qui prot\u00e8ge vos articles de toilette de l&rsquo;eau et de la poussi\u00e8re. Son design moderne avec porte en verre lui conf\u00e8re une touche sophistiqu\u00e9e et vous permet de garder vos objets essentiels organis\u00e9s sans compromettre le style de votre salle de bains. <\/p>\n<p>Avec ses trois niveaux spacieux, ce meuble d&rsquo;angle est parfait pour ranger les pots, les cr\u00e8mes et autres produits de salle de bains de mani\u00e8re accessible et ordonn\u00e9e. Il est \u00e9galement dot\u00e9 d&rsquo;une grille de drainage sur chaque \u00e9tag\u00e8re pour faciliter l&rsquo;\u00e9coulement de l&rsquo;eau, ce qui permet de garder le contenu sec et propre. <\/p>\n<p>Fabriqu\u00e9 \u00e0 partir de mat\u00e9riaux de haute qualit\u00e9, il est facile \u00e0 installer et comprend des vis et des chevilles pour une fixation murale s\u00fbre. Avec des dimensions compactes de 21 x 21 x 49 cm, ce triple meuble d&rsquo;angle optimise l&rsquo;espace dans la douche ou dans n&rsquo;importe quel coin de la salle de bains, offrant une solution pratique et esth\u00e9tique pour l&rsquo;organisation quotidienne. <\/p>\n","protected":false},"featured_media":5318,"comment_status":"open","ping_status":"closed","template":"","meta":{"site-sidebar-layout":"default","site-content-layout":"","ast-site-content-layout":"default","site-content-style":"default","site-sidebar-style":"default","ast-global-header-display":"","ast-banner-title-visibility":"","ast-main-header-display":"","ast-hfb-above-header-display":"","ast-hfb-below-header-display":"","ast-hfb-mobile-header-display":"","site-post-title":"","ast-breadcrumbs-content":"","ast-featured-img":"","footer-sml-layout":"","theme-transparent-header-meta":"default","adv-header-id-meta":"","stick-header-meta":"default","header-above-stick-meta":"","header-main-stick-meta":"","header-below-stick-meta":"","astra-migrate-meta-layouts":"default","ast-page-background-enabled":"default","ast-page-background-meta":{"desktop":{"background-color":"","background-image":"","background-repeat":"repeat","background-position":"center center","background-size":"auto","background-attachment":"scroll","background-type":"","background-media":"","overlay-type":"","overlay-color":"","overlay-opacity":"","overlay-gradient":""},"tablet":{"background-color":"","background-image":"","background-repeat":"repeat","background-position":"center center","background-size":"auto","background-attachment":"scroll","background-type":"","background-media":"","overlay-type":"","overlay-color":"","overlay-opacity":"","overlay-gradient":""},"mobile":{"background-color":"","background-image":"","background-repeat":"repeat","background-position":"center center","background-size":"auto","background-attachment":"scroll","background-type":"","background-media":"","overlay-type":"","overlay-color":"","overlay-opacity":"","overlay-gradient":""}},"ast-content-background-meta":{"desktop":{"background-color":"var(--ast-global-color-5)","background-image":"","background-repeat":"repeat","background-position":"center center","background-size":"auto","background-attachment":"scroll","background-type":"","background-media":"","overlay-type":"","overlay-color":"","overlay-opacity":"","overlay-gradient":""},"tablet":{"background-color":"var(--ast-global-color-5)","background-image":"","background-repeat":"repeat","background-position":"center center","background-size":"auto","background-attachment":"scroll","background-type":"","background-media":"","overlay-type":"","overlay-color":"","overlay-opacity":"","overlay-gradient":""},"mobile":{"background-color":"var(--ast-global-color-5)","background-image":"","background-repeat":"repeat","background-position":"center center","background-size":"auto","background-attachment":"scroll","background-type":"","background-media":"","overlay-type":"","overlay-color":"","overlay-opacity":"","overlay-gradient":""}}},"product_brand":[],"product_cat":[746,1557,1524],"product_tag":[],"class_list":{"0":"post-4127","1":"product","2":"type-product","3":"status-publish","4":"has-post-thumbnail","6":"product_cat-bain","7":"product_cat-etageres-de-salle-de-bains","8":"product_cat-organisateurs-fr","9":"pa_color-blanc-chrome","10":"desktop-align-center","11":"tablet-align-center","12":"mobile-align-center","13":"ast-product-gallery-layout-vertical","14":"ast-product-tabs-layout-horizontal","16":"first","17":"instock","18":"shipping-taxable","19":"purchasable","20":"product-type-simple"},"yoast_head":"<!-- This site is optimized with the Yoast SEO plugin v25.8 - https:\/\/yoast.com\/wordpress\/plugins\/seo\/ -->\n<title>Baignoire triple avec porte en verre - Erum home<\/title>\n<meta name=\"robots\" content=\"index, follow, max-snippet:-1, max-image-preview:large, max-video-preview:-1\" \/>\n<link rel=\"canonical\" href=\"https:\/\/erumhome.com\/fr\/producto\/triple-meuble-dangle-pour-salle-de-bains-avec-porte-en-verre\/\" \/>\n<meta property=\"og:locale\" content=\"fr_FR\" \/>\n<meta property=\"og:type\" content=\"article\" \/>\n<meta property=\"og:title\" content=\"Baignoire triple avec porte en verre - Erum home\" \/>\n<meta property=\"og:description\" content=\"Ajoutez de la fonctionnalit\u00e9 et de l&#039;\u00e9l\u00e9gance \u00e0 votre salle de bains avec ce meuble d&#039;angle triple pour salle de bains, \u00e9quip\u00e9 d&#039;une porte en verre qui prot\u00e8ge vos articles de toilette de l&#039;eau et de la poussi\u00e8re. Son design moderne avec porte en verre lui conf\u00e8re une touche sophistiqu\u00e9e et vous permet de garder vos objets essentiels organis\u00e9s sans compromettre le style de votre salle de bains.  Avec ses trois niveaux spacieux, ce meuble d&#039;angle est parfait pour ranger les pots, les cr\u00e8mes et autres produits de salle de bains de mani\u00e8re accessible et ordonn\u00e9e. Il est \u00e9galement dot\u00e9 d&#039;une grille de drainage sur chaque \u00e9tag\u00e8re pour faciliter l&#039;\u00e9coulement de l&#039;eau, ce qui permet de garder le contenu sec et propre.  Fabriqu\u00e9 \u00e0 partir de mat\u00e9riaux de haute qualit\u00e9, il est facile \u00e0 installer et comprend des vis et des chevilles pour une fixation murale s\u00fbre. Avec des dimensions compactes de 21 x 21 x 49 cm, ce triple meuble d&#039;angle optimise l&#039;espace dans la douche ou dans n&#039;importe quel coin de la salle de bains, offrant une solution pratique et esth\u00e9tique pour l&#039;organisation quotidienne.\" \/>\n<meta property=\"og:url\" content=\"https:\/\/erumhome.com\/fr\/producto\/triple-meuble-dangle-pour-salle-de-bains-avec-porte-en-verre\/\" \/>\n<meta property=\"og:site_name\" content=\"Erum home\" \/>\n<meta property=\"article:modified_time\" content=\"2025-08-29T10:03:40+00:00\" \/>\n<meta property=\"og:image\" content=\"https:\/\/erumhome.com\/wp-content\/uploads\/2024\/11\/rinconera-con-puerta-597-10-blanco-ambiente-scaled.jpg\" \/>\n\t<meta property=\"og:image:width\" content=\"2560\" \/>\n\t<meta property=\"og:image:height\" content=\"2560\" \/>\n\t<meta property=\"og:image:type\" content=\"image\/jpeg\" \/>\n<meta name=\"twitter:card\" content=\"summary_large_image\" \/>\n<script type=\"application\/ld+json\" class=\"yoast-schema-graph\">{\"@context\":\"https:\/\/schema.org\",\"@graph\":[{\"@type\":\"WebPage\",\"@id\":\"https:\/\/erumhome.com\/fr\/producto\/triple-meuble-dangle-pour-salle-de-bains-avec-porte-en-verre\/\",\"url\":\"https:\/\/erumhome.com\/fr\/producto\/triple-meuble-dangle-pour-salle-de-bains-avec-porte-en-verre\/\",\"name\":\"Baignoire triple avec porte en verre - Erum home\",\"isPartOf\":{\"@id\":\"https:\/\/erumhome.com\/fr\/#website\"},\"primaryImageOfPage\":{\"@id\":\"https:\/\/erumhome.com\/fr\/producto\/triple-meuble-dangle-pour-salle-de-bains-avec-porte-en-verre\/#primaryimage\"},\"image\":{\"@id\":\"https:\/\/erumhome.com\/fr\/producto\/triple-meuble-dangle-pour-salle-de-bains-avec-porte-en-verre\/#primaryimage\"},\"thumbnailUrl\":\"https:\/\/erumhome.com\/wp-content\/uploads\/2024\/11\/rinconera-con-puerta-597-10-blanco-ambiente-scaled.jpg\",\"datePublished\":\"2024-11-04T14:35:56+00:00\",\"dateModified\":\"2025-08-29T10:03:40+00:00\",\"breadcrumb\":{\"@id\":\"https:\/\/erumhome.com\/fr\/producto\/triple-meuble-dangle-pour-salle-de-bains-avec-porte-en-verre\/#breadcrumb\"},\"inLanguage\":\"fr-FR\",\"potentialAction\":[{\"@type\":\"ReadAction\",\"target\":[\"https:\/\/erumhome.com\/fr\/producto\/triple-meuble-dangle-pour-salle-de-bains-avec-porte-en-verre\/\"]}]},{\"@type\":\"ImageObject\",\"inLanguage\":\"fr-FR\",\"@id\":\"https:\/\/erumhome.com\/fr\/producto\/triple-meuble-dangle-pour-salle-de-bains-avec-porte-en-verre\/#primaryimage\",\"url\":\"https:\/\/erumhome.com\/wp-content\/uploads\/2024\/11\/rinconera-con-puerta-597-10-blanco-ambiente-scaled.jpg\",\"contentUrl\":\"https:\/\/erumhome.com\/wp-content\/uploads\/2024\/11\/rinconera-con-puerta-597-10-blanco-ambiente-scaled.jpg\",\"width\":2560,\"height\":2560},{\"@type\":\"BreadcrumbList\",\"@id\":\"https:\/\/erumhome.com\/fr\/producto\/triple-meuble-dangle-pour-salle-de-bains-avec-porte-en-verre\/#breadcrumb\",\"itemListElement\":[{\"@type\":\"ListItem\",\"position\":1,\"name\":\"Portada\",\"item\":\"https:\/\/erumhome.com\/fr\/\"},{\"@type\":\"ListItem\",\"position\":2,\"name\":\"Boutique\",\"item\":\"https:\/\/erumhome.com\/catalogo\/\"},{\"@type\":\"ListItem\",\"position\":3,\"name\":\"Baignoire triple avec porte en verre\"}]},{\"@type\":\"WebSite\",\"@id\":\"https:\/\/erumhome.com\/fr\/#website\",\"url\":\"https:\/\/erumhome.com\/fr\/\",\"name\":\"Erum home\",\"description\":\" \",\"publisher\":{\"@id\":\"https:\/\/erumhome.com\/fr\/#organization\"},\"potentialAction\":[{\"@type\":\"SearchAction\",\"target\":{\"@type\":\"EntryPoint\",\"urlTemplate\":\"https:\/\/erumhome.com\/fr\/?s={search_term_string}\"},\"query-input\":{\"@type\":\"PropertyValueSpecification\",\"valueRequired\":true,\"valueName\":\"search_term_string\"}}],\"inLanguage\":\"fr-FR\"},{\"@type\":\"Organization\",\"@id\":\"https:\/\/erumhome.com\/fr\/#organization\",\"name\":\"Erum home\",\"url\":\"https:\/\/erumhome.com\/fr\/\",\"logo\":{\"@type\":\"ImageObject\",\"inLanguage\":\"fr-FR\",\"@id\":\"https:\/\/erumhome.com\/fr\/#\/schema\/logo\/image\/\",\"url\":\"https:\/\/erumhome.com\/wp-content\/uploads\/2025\/01\/logotipo.svg\",\"contentUrl\":\"https:\/\/erumhome.com\/wp-content\/uploads\/2025\/01\/logotipo.svg\",\"width\":1287,\"height\":508,\"caption\":\"Erum home\"},\"image\":{\"@id\":\"https:\/\/erumhome.com\/fr\/#\/schema\/logo\/image\/\"}}]}<\/script>\n<!-- \/ Yoast SEO plugin. -->","yoast_head_json":{"title":"Baignoire triple avec porte en verre - Erum home","robots":{"index":"index","follow":"follow","max-snippet":"max-snippet:-1","max-image-preview":"max-image-preview:large","max-video-preview":"max-video-preview:-1"},"canonical":"https:\/\/erumhome.com\/fr\/producto\/triple-meuble-dangle-pour-salle-de-bains-avec-porte-en-verre\/","og_locale":"fr_FR","og_type":"article","og_title":"Baignoire triple avec porte en verre - Erum home","og_description":"Ajoutez de la fonctionnalit\u00e9 et de l'\u00e9l\u00e9gance \u00e0 votre salle de bains avec ce meuble d'angle triple pour salle de bains, \u00e9quip\u00e9 d'une porte en verre qui prot\u00e8ge vos articles de toilette de l'eau et de la poussi\u00e8re. Son design moderne avec porte en verre lui conf\u00e8re une touche sophistiqu\u00e9e et vous permet de garder vos objets essentiels organis\u00e9s sans compromettre le style de votre salle de bains.  Avec ses trois niveaux spacieux, ce meuble d'angle est parfait pour ranger les pots, les cr\u00e8mes et autres produits de salle de bains de mani\u00e8re accessible et ordonn\u00e9e. Il est \u00e9galement dot\u00e9 d'une grille de drainage sur chaque \u00e9tag\u00e8re pour faciliter l'\u00e9coulement de l'eau, ce qui permet de garder le contenu sec et propre.  Fabriqu\u00e9 \u00e0 partir de mat\u00e9riaux de haute qualit\u00e9, il est facile \u00e0 installer et comprend des vis et des chevilles pour une fixation murale s\u00fbre. Avec des dimensions compactes de 21 x 21 x 49 cm, ce triple meuble d'angle optimise l'espace dans la douche ou dans n'importe quel coin de la salle de bains, offrant une solution pratique et esth\u00e9tique pour l'organisation quotidienne.","og_url":"https:\/\/erumhome.com\/fr\/producto\/triple-meuble-dangle-pour-salle-de-bains-avec-porte-en-verre\/","og_site_name":"Erum home","article_modified_time":"2025-08-29T10:03:40+00:00","og_image":[{"width":2560,"height":2560,"url":"https:\/\/erumhome.com\/wp-content\/uploads\/2024\/11\/rinconera-con-puerta-597-10-blanco-ambiente-scaled.jpg","type":"image\/jpeg"}],"twitter_card":"summary_large_image","schema":{"@context":"https:\/\/schema.org","@graph":[{"@type":"WebPage","@id":"https:\/\/erumhome.com\/fr\/producto\/triple-meuble-dangle-pour-salle-de-bains-avec-porte-en-verre\/","url":"https:\/\/erumhome.com\/fr\/producto\/triple-meuble-dangle-pour-salle-de-bains-avec-porte-en-verre\/","name":"Baignoire triple avec porte en verre - Erum home","isPartOf":{"@id":"https:\/\/erumhome.com\/fr\/#website"},"primaryImageOfPage":{"@id":"https:\/\/erumhome.com\/fr\/producto\/triple-meuble-dangle-pour-salle-de-bains-avec-porte-en-verre\/#primaryimage"},"image":{"@id":"https:\/\/erumhome.com\/fr\/producto\/triple-meuble-dangle-pour-salle-de-bains-avec-porte-en-verre\/#primaryimage"},"thumbnailUrl":"https:\/\/erumhome.com\/wp-content\/uploads\/2024\/11\/rinconera-con-puerta-597-10-blanco-ambiente-scaled.jpg","datePublished":"2024-11-04T14:35:56+00:00","dateModified":"2025-08-29T10:03:40+00:00","breadcrumb":{"@id":"https:\/\/erumhome.com\/fr\/producto\/triple-meuble-dangle-pour-salle-de-bains-avec-porte-en-verre\/#breadcrumb"},"inLanguage":"fr-FR","potentialAction":[{"@type":"ReadAction","target":["https:\/\/erumhome.com\/fr\/producto\/triple-meuble-dangle-pour-salle-de-bains-avec-porte-en-verre\/"]}]},{"@type":"ImageObject","inLanguage":"fr-FR","@id":"https:\/\/erumhome.com\/fr\/producto\/triple-meuble-dangle-pour-salle-de-bains-avec-porte-en-verre\/#primaryimage","url":"https:\/\/erumhome.com\/wp-content\/uploads\/2024\/11\/rinconera-con-puerta-597-10-blanco-ambiente-scaled.jpg","contentUrl":"https:\/\/erumhome.com\/wp-content\/uploads\/2024\/11\/rinconera-con-puerta-597-10-blanco-ambiente-scaled.jpg","width":2560,"height":2560},{"@type":"BreadcrumbList","@id":"https:\/\/erumhome.com\/fr\/producto\/triple-meuble-dangle-pour-salle-de-bains-avec-porte-en-verre\/#breadcrumb","itemListElement":[{"@type":"ListItem","position":1,"name":"Portada","item":"https:\/\/erumhome.com\/fr\/"},{"@type":"ListItem","position":2,"name":"Boutique","item":"https:\/\/erumhome.com\/catalogo\/"},{"@type":"ListItem","position":3,"name":"Baignoire triple avec porte en verre"}]},{"@type":"WebSite","@id":"https:\/\/erumhome.com\/fr\/#website","url":"https:\/\/erumhome.com\/fr\/","name":"Erum home","description":" ","publisher":{"@id":"https:\/\/erumhome.com\/fr\/#organization"},"potentialAction":[{"@type":"SearchAction","target":{"@type":"EntryPoint","urlTemplate":"https:\/\/erumhome.com\/fr\/?s={search_term_string}"},"query-input":{"@type":"PropertyValueSpecification","valueRequired":true,"valueName":"search_term_string"}}],"inLanguage":"fr-FR"},{"@type":"Organization","@id":"https:\/\/erumhome.com\/fr\/#organization","name":"Erum home","url":"https:\/\/erumhome.com\/fr\/","logo":{"@type":"ImageObject","inLanguage":"fr-FR","@id":"https:\/\/erumhome.com\/fr\/#\/schema\/logo\/image\/","url":"https:\/\/erumhome.com\/wp-content\/uploads\/2025\/01\/logotipo.svg","contentUrl":"https:\/\/erumhome.com\/wp-content\/uploads\/2025\/01\/logotipo.svg","width":1287,"height":508,"caption":"Erum home"},"image":{"@id":"https:\/\/erumhome.com\/fr\/#\/schema\/logo\/image\/"}}]}},"_links":{"self":[{"href":"https:\/\/erumhome.com\/fr\/wp-json\/wp\/v2\/product\/4127","targetHints":{"allow":["GET"]}}],"collection":[{"href":"https:\/\/erumhome.com\/fr\/wp-json\/wp\/v2\/product"}],"about":[{"href":"https:\/\/erumhome.com\/fr\/wp-json\/wp\/v2\/types\/product"}],"replies":[{"embeddable":true,"href":"https:\/\/erumhome.com\/fr\/wp-json\/wp\/v2\/comments?post=4127"}],"version-history":[{"count":2,"href":"https:\/\/erumhome.com\/fr\/wp-json\/wp\/v2\/product\/4127\/revisions"}],"predecessor-version":[{"id":7582,"href":"https:\/\/erumhome.com\/fr\/wp-json\/wp\/v2\/product\/4127\/revisions\/7582"}],"wp:featuredmedia":[{"embeddable":true,"href":"https:\/\/erumhome.com\/fr\/wp-json\/wp\/v2\/media\/5318"}],"wp:attachment":[{"href":"https:\/\/erumhome.com\/fr\/wp-json\/wp\/v2\/media?parent=4127"}],"wp:term":[{"taxonomy":"product_brand","embeddable":true,"href":"https:\/\/erumhome.com\/fr\/wp-json\/wp\/v2\/product_brand?post=4127"},{"taxonomy":"product_cat","embeddable":true,"href":"https:\/\/erumhome.com\/fr\/wp-json\/wp\/v2\/product_cat?post=4127"},{"taxonomy":"product_tag","embeddable":true,"href":"https:\/\/erumhome.com\/fr\/wp-json\/wp\/v2\/product_tag?post=4127"}],"curies":[{"name":"wp","href":"https:\/\/api.w.org\/{rel}","templated":true}]}}