{"id":4135,"date":"2024-11-04T16:15:13","date_gmt":"2024-11-04T15:15:13","guid":{"rendered":"https:\/\/erumhome.com\/producto\/tabouret-antiderapant-polyvalent-pour-la-salle-de-bains-et-la-cuisine\/"},"modified":"2025-08-29T12:02:48","modified_gmt":"2025-08-29T10:02:48","slug":"tabouret-antiderapant-polyvalent-pour-la-salle-de-bains-et-la-cuisine","status":"publish","type":"product","link":"https:\/\/erumhome.com\/fr\/producto\/tabouret-antiderapant-polyvalent-pour-la-salle-de-bains-et-la-cuisine\/","title":{"rendered":"Tabouret antid\u00e9rapant polyvalent pour la salle de bains et la cuisine"},"content":{"rendered":"","protected":false},"excerpt":{"rendered":"<p>Ce tabouret polyvalent est la combinaison parfaite de fonctionnalit\u00e9 et de s\u00e9curit\u00e9 pour la maison, id\u00e9al pour la salle de bains et la cuisine. Sa conception robuste et compacte lui permet d&rsquo;atteindre les \u00e9tag\u00e8res en hauteur ou d&rsquo;\u00eatre utilis\u00e9 comme si\u00e8ge suppl\u00e9mentaire en cas de besoin. Gr\u00e2ce \u00e0 sa surface et \u00e0 ses pieds antid\u00e9rapants, il offre un appui stable et s\u00fbr, m\u00eame sur les surfaces mouill\u00e9es.  <\/p>\n<p>Fabriqu\u00e9 \u00e0 partir de mat\u00e9riaux tr\u00e8s r\u00e9sistants, ce tabouret r\u00e9siste \u00e0 un usage quotidien sans compromettre sa durabilit\u00e9. Sa structure l\u00e9g\u00e8re le rend facile \u00e0 transporter et \u00e0 ranger, tandis que son design simple et moderne s&rsquo;adapte \u00e0 tous les espaces. Mesurant 33 x 30 x 25 cm, il est compact mais suffisamment spacieux pour offrir confort et s\u00e9curit\u00e9.  <\/p>\n<p>Parfait pour les maisons o\u00f9 l&rsquo;accessibilit\u00e9 et la fonctionnalit\u00e9 sont une priorit\u00e9, ce tabouret polyvalent est une solution pratique et polyvalente pour une vari\u00e9t\u00e9 de t\u00e2ches dans la maison.<\/p>\n","protected":false},"featured_media":5056,"comment_status":"open","ping_status":"closed","template":"","meta":{"site-sidebar-layout":"default","site-content-layout":"","ast-site-content-layout":"default","site-content-style":"default","site-sidebar-style":"default","ast-global-header-display":"","ast-banner-title-visibility":"","ast-main-header-display":"","ast-hfb-above-header-display":"","ast-hfb-below-header-display":"","ast-hfb-mobile-header-display":"","site-post-title":"","ast-breadcrumbs-content":"","ast-featured-img":"","footer-sml-layout":"","theme-transparent-header-meta":"default","adv-header-id-meta":"","stick-header-meta":"default","header-above-stick-meta":"","header-main-stick-meta":"","header-below-stick-meta":"","astra-migrate-meta-layouts":"default","ast-page-background-enabled":"default","ast-page-background-meta":{"desktop":{"background-color":"","background-image":"","background-repeat":"repeat","background-position":"center center","background-size":"auto","background-attachment":"scroll","background-type":"","background-media":"","overlay-type":"","overlay-color":"","overlay-opacity":"","overlay-gradient":""},"tablet":{"background-color":"","background-image":"","background-repeat":"repeat","background-position":"center center","background-size":"auto","background-attachment":"scroll","background-type":"","background-media":"","overlay-type":"","overlay-color":"","overlay-opacity":"","overlay-gradient":""},"mobile":{"background-color":"","background-image":"","background-repeat":"repeat","background-position":"center center","background-size":"auto","background-attachment":"scroll","background-type":"","background-media":"","overlay-type":"","overlay-color":"","overlay-opacity":"","overlay-gradient":""}},"ast-content-background-meta":{"desktop":{"background-color":"var(--ast-global-color-5)","background-image":"","background-repeat":"repeat","background-position":"center center","background-size":"auto","background-attachment":"scroll","background-type":"","background-media":"","overlay-type":"","overlay-color":"","overlay-opacity":"","overlay-gradient":""},"tablet":{"background-color":"var(--ast-global-color-5)","background-image":"","background-repeat":"repeat","background-position":"center center","background-size":"auto","background-attachment":"scroll","background-type":"","background-media":"","overlay-type":"","overlay-color":"","overlay-opacity":"","overlay-gradient":""},"mobile":{"background-color":"var(--ast-global-color-5)","background-image":"","background-repeat":"repeat","background-position":"center center","background-size":"auto","background-attachment":"scroll","background-type":"","background-media":"","overlay-type":"","overlay-color":"","overlay-opacity":"","overlay-gradient":""}}},"product_brand":[],"product_cat":[748,746,1596,1740],"product_tag":[],"class_list":{"0":"post-4135","1":"product","2":"type-product","3":"status-publish","4":"has-post-thumbnail","6":"product_cat-accueil","7":"product_cat-bain","8":"product_cat-bancs","9":"product_cat-bancs-et-tabourets","10":"pa_color-blanc","11":"pa_color-gris-fr","12":"pa_color-noir","13":"desktop-align-center","14":"tablet-align-center","15":"mobile-align-center","16":"ast-product-gallery-layout-vertical","17":"ast-product-single-variable","18":"ast-product-tabs-layout-horizontal","20":"first","21":"instock","22":"shipping-taxable","23":"purchasable","24":"product-type-variable","25":"wvs-archive-product-wrapper","26":"rtwpvg-product"},"yoast_head":"<!-- This site is optimized with the Yoast SEO plugin v25.8 - https:\/\/yoast.com\/wordpress\/plugins\/seo\/ -->\n<title>Tabouret antid\u00e9rapant polyvalent pour la salle de bains et la cuisine - Erum home<\/title>\n<meta name=\"robots\" content=\"index, follow, max-snippet:-1, max-image-preview:large, max-video-preview:-1\" \/>\n<link rel=\"canonical\" href=\"https:\/\/erumhome.com\/fr\/producto\/tabouret-antiderapant-polyvalent-pour-la-salle-de-bains-et-la-cuisine\/\" \/>\n<meta property=\"og:locale\" content=\"fr_FR\" \/>\n<meta property=\"og:type\" content=\"article\" \/>\n<meta property=\"og:title\" content=\"Tabouret antid\u00e9rapant polyvalent pour la salle de bains et la cuisine - Erum home\" \/>\n<meta property=\"og:description\" content=\"Ce tabouret polyvalent est la combinaison parfaite de fonctionnalit\u00e9 et de s\u00e9curit\u00e9 pour la maison, id\u00e9al pour la salle de bains et la cuisine. Sa conception robuste et compacte lui permet d&#039;atteindre les \u00e9tag\u00e8res en hauteur ou d&#039;\u00eatre utilis\u00e9 comme si\u00e8ge suppl\u00e9mentaire en cas de besoin. Gr\u00e2ce \u00e0 sa surface et \u00e0 ses pieds antid\u00e9rapants, il offre un appui stable et s\u00fbr, m\u00eame sur les surfaces mouill\u00e9es.  Fabriqu\u00e9 \u00e0 partir de mat\u00e9riaux tr\u00e8s r\u00e9sistants, ce tabouret r\u00e9siste \u00e0 un usage quotidien sans compromettre sa durabilit\u00e9. Sa structure l\u00e9g\u00e8re le rend facile \u00e0 transporter et \u00e0 ranger, tandis que son design simple et moderne s&#039;adapte \u00e0 tous les espaces. Mesurant 33 x 30 x 25 cm, il est compact mais suffisamment spacieux pour offrir confort et s\u00e9curit\u00e9.  Parfait pour les maisons o\u00f9 l&#039;accessibilit\u00e9 et la fonctionnalit\u00e9 sont une priorit\u00e9, ce tabouret polyvalent est une solution pratique et polyvalente pour une vari\u00e9t\u00e9 de t\u00e2ches dans la maison.\" \/>\n<meta property=\"og:url\" content=\"https:\/\/erumhome.com\/fr\/producto\/tabouret-antiderapant-polyvalent-pour-la-salle-de-bains-et-la-cuisine\/\" \/>\n<meta property=\"og:site_name\" content=\"Erum home\" \/>\n<meta property=\"article:modified_time\" content=\"2025-08-29T10:02:48+00:00\" \/>\n<meta property=\"og:image\" content=\"https:\/\/erumhome.com\/wp-content\/uploads\/2025\/04\/banqueta-multiusos-536-10-blanco-ambiente-scaled.jpg\" \/>\n\t<meta property=\"og:image:width\" content=\"2560\" \/>\n\t<meta property=\"og:image:height\" content=\"2560\" \/>\n\t<meta property=\"og:image:type\" content=\"image\/jpeg\" \/>\n<meta name=\"twitter:card\" content=\"summary_large_image\" \/>\n<script type=\"application\/ld+json\" class=\"yoast-schema-graph\">{\"@context\":\"https:\/\/schema.org\",\"@graph\":[{\"@type\":\"WebPage\",\"@id\":\"https:\/\/erumhome.com\/fr\/producto\/tabouret-antiderapant-polyvalent-pour-la-salle-de-bains-et-la-cuisine\/\",\"url\":\"https:\/\/erumhome.com\/fr\/producto\/tabouret-antiderapant-polyvalent-pour-la-salle-de-bains-et-la-cuisine\/\",\"name\":\"Tabouret antid\u00e9rapant polyvalent pour la salle de bains et la cuisine - Erum home\",\"isPartOf\":{\"@id\":\"https:\/\/erumhome.com\/fr\/#website\"},\"primaryImageOfPage\":{\"@id\":\"https:\/\/erumhome.com\/fr\/producto\/tabouret-antiderapant-polyvalent-pour-la-salle-de-bains-et-la-cuisine\/#primaryimage\"},\"image\":{\"@id\":\"https:\/\/erumhome.com\/fr\/producto\/tabouret-antiderapant-polyvalent-pour-la-salle-de-bains-et-la-cuisine\/#primaryimage\"},\"thumbnailUrl\":\"https:\/\/erumhome.com\/wp-content\/uploads\/2025\/04\/banqueta-multiusos-536-10-blanco-ambiente-scaled.jpg\",\"datePublished\":\"2024-11-04T15:15:13+00:00\",\"dateModified\":\"2025-08-29T10:02:48+00:00\",\"breadcrumb\":{\"@id\":\"https:\/\/erumhome.com\/fr\/producto\/tabouret-antiderapant-polyvalent-pour-la-salle-de-bains-et-la-cuisine\/#breadcrumb\"},\"inLanguage\":\"fr-FR\",\"potentialAction\":[{\"@type\":\"ReadAction\",\"target\":[\"https:\/\/erumhome.com\/fr\/producto\/tabouret-antiderapant-polyvalent-pour-la-salle-de-bains-et-la-cuisine\/\"]}]},{\"@type\":\"ImageObject\",\"inLanguage\":\"fr-FR\",\"@id\":\"https:\/\/erumhome.com\/fr\/producto\/tabouret-antiderapant-polyvalent-pour-la-salle-de-bains-et-la-cuisine\/#primaryimage\",\"url\":\"https:\/\/erumhome.com\/wp-content\/uploads\/2025\/04\/banqueta-multiusos-536-10-blanco-ambiente-scaled.jpg\",\"contentUrl\":\"https:\/\/erumhome.com\/wp-content\/uploads\/2025\/04\/banqueta-multiusos-536-10-blanco-ambiente-scaled.jpg\",\"width\":2560,\"height\":2560},{\"@type\":\"BreadcrumbList\",\"@id\":\"https:\/\/erumhome.com\/fr\/producto\/tabouret-antiderapant-polyvalent-pour-la-salle-de-bains-et-la-cuisine\/#breadcrumb\",\"itemListElement\":[{\"@type\":\"ListItem\",\"position\":1,\"name\":\"Portada\",\"item\":\"https:\/\/erumhome.com\/fr\/\"},{\"@type\":\"ListItem\",\"position\":2,\"name\":\"Boutique\",\"item\":\"https:\/\/erumhome.com\/catalogo\/\"},{\"@type\":\"ListItem\",\"position\":3,\"name\":\"Tabouret antid\u00e9rapant polyvalent pour la salle de bains et la cuisine\"}]},{\"@type\":\"WebSite\",\"@id\":\"https:\/\/erumhome.com\/fr\/#website\",\"url\":\"https:\/\/erumhome.com\/fr\/\",\"name\":\"Erum home\",\"description\":\" \",\"publisher\":{\"@id\":\"https:\/\/erumhome.com\/fr\/#organization\"},\"potentialAction\":[{\"@type\":\"SearchAction\",\"target\":{\"@type\":\"EntryPoint\",\"urlTemplate\":\"https:\/\/erumhome.com\/fr\/?s={search_term_string}\"},\"query-input\":{\"@type\":\"PropertyValueSpecification\",\"valueRequired\":true,\"valueName\":\"search_term_string\"}}],\"inLanguage\":\"fr-FR\"},{\"@type\":\"Organization\",\"@id\":\"https:\/\/erumhome.com\/fr\/#organization\",\"name\":\"Erum home\",\"url\":\"https:\/\/erumhome.com\/fr\/\",\"logo\":{\"@type\":\"ImageObject\",\"inLanguage\":\"fr-FR\",\"@id\":\"https:\/\/erumhome.com\/fr\/#\/schema\/logo\/image\/\",\"url\":\"https:\/\/erumhome.com\/wp-content\/uploads\/2025\/01\/logotipo.svg\",\"contentUrl\":\"https:\/\/erumhome.com\/wp-content\/uploads\/2025\/01\/logotipo.svg\",\"width\":1287,\"height\":508,\"caption\":\"Erum home\"},\"image\":{\"@id\":\"https:\/\/erumhome.com\/fr\/#\/schema\/logo\/image\/\"}}]}<\/script>\n<!-- \/ Yoast SEO plugin. -->","yoast_head_json":{"title":"Tabouret antid\u00e9rapant polyvalent pour la salle de bains et la cuisine - Erum home","robots":{"index":"index","follow":"follow","max-snippet":"max-snippet:-1","max-image-preview":"max-image-preview:large","max-video-preview":"max-video-preview:-1"},"canonical":"https:\/\/erumhome.com\/fr\/producto\/tabouret-antiderapant-polyvalent-pour-la-salle-de-bains-et-la-cuisine\/","og_locale":"fr_FR","og_type":"article","og_title":"Tabouret antid\u00e9rapant polyvalent pour la salle de bains et la cuisine - Erum home","og_description":"Ce tabouret polyvalent est la combinaison parfaite de fonctionnalit\u00e9 et de s\u00e9curit\u00e9 pour la maison, id\u00e9al pour la salle de bains et la cuisine. Sa conception robuste et compacte lui permet d'atteindre les \u00e9tag\u00e8res en hauteur ou d'\u00eatre utilis\u00e9 comme si\u00e8ge suppl\u00e9mentaire en cas de besoin. Gr\u00e2ce \u00e0 sa surface et \u00e0 ses pieds antid\u00e9rapants, il offre un appui stable et s\u00fbr, m\u00eame sur les surfaces mouill\u00e9es.  Fabriqu\u00e9 \u00e0 partir de mat\u00e9riaux tr\u00e8s r\u00e9sistants, ce tabouret r\u00e9siste \u00e0 un usage quotidien sans compromettre sa durabilit\u00e9. Sa structure l\u00e9g\u00e8re le rend facile \u00e0 transporter et \u00e0 ranger, tandis que son design simple et moderne s'adapte \u00e0 tous les espaces. Mesurant 33 x 30 x 25 cm, il est compact mais suffisamment spacieux pour offrir confort et s\u00e9curit\u00e9.  Parfait pour les maisons o\u00f9 l'accessibilit\u00e9 et la fonctionnalit\u00e9 sont une priorit\u00e9, ce tabouret polyvalent est une solution pratique et polyvalente pour une vari\u00e9t\u00e9 de t\u00e2ches dans la maison.","og_url":"https:\/\/erumhome.com\/fr\/producto\/tabouret-antiderapant-polyvalent-pour-la-salle-de-bains-et-la-cuisine\/","og_site_name":"Erum home","article_modified_time":"2025-08-29T10:02:48+00:00","og_image":[{"width":2560,"height":2560,"url":"https:\/\/erumhome.com\/wp-content\/uploads\/2025\/04\/banqueta-multiusos-536-10-blanco-ambiente-scaled.jpg","type":"image\/jpeg"}],"twitter_card":"summary_large_image","schema":{"@context":"https:\/\/schema.org","@graph":[{"@type":"WebPage","@id":"https:\/\/erumhome.com\/fr\/producto\/tabouret-antiderapant-polyvalent-pour-la-salle-de-bains-et-la-cuisine\/","url":"https:\/\/erumhome.com\/fr\/producto\/tabouret-antiderapant-polyvalent-pour-la-salle-de-bains-et-la-cuisine\/","name":"Tabouret antid\u00e9rapant polyvalent pour la salle de bains et la cuisine - Erum home","isPartOf":{"@id":"https:\/\/erumhome.com\/fr\/#website"},"primaryImageOfPage":{"@id":"https:\/\/erumhome.com\/fr\/producto\/tabouret-antiderapant-polyvalent-pour-la-salle-de-bains-et-la-cuisine\/#primaryimage"},"image":{"@id":"https:\/\/erumhome.com\/fr\/producto\/tabouret-antiderapant-polyvalent-pour-la-salle-de-bains-et-la-cuisine\/#primaryimage"},"thumbnailUrl":"https:\/\/erumhome.com\/wp-content\/uploads\/2025\/04\/banqueta-multiusos-536-10-blanco-ambiente-scaled.jpg","datePublished":"2024-11-04T15:15:13+00:00","dateModified":"2025-08-29T10:02:48+00:00","breadcrumb":{"@id":"https:\/\/erumhome.com\/fr\/producto\/tabouret-antiderapant-polyvalent-pour-la-salle-de-bains-et-la-cuisine\/#breadcrumb"},"inLanguage":"fr-FR","potentialAction":[{"@type":"ReadAction","target":["https:\/\/erumhome.com\/fr\/producto\/tabouret-antiderapant-polyvalent-pour-la-salle-de-bains-et-la-cuisine\/"]}]},{"@type":"ImageObject","inLanguage":"fr-FR","@id":"https:\/\/erumhome.com\/fr\/producto\/tabouret-antiderapant-polyvalent-pour-la-salle-de-bains-et-la-cuisine\/#primaryimage","url":"https:\/\/erumhome.com\/wp-content\/uploads\/2025\/04\/banqueta-multiusos-536-10-blanco-ambiente-scaled.jpg","contentUrl":"https:\/\/erumhome.com\/wp-content\/uploads\/2025\/04\/banqueta-multiusos-536-10-blanco-ambiente-scaled.jpg","width":2560,"height":2560},{"@type":"BreadcrumbList","@id":"https:\/\/erumhome.com\/fr\/producto\/tabouret-antiderapant-polyvalent-pour-la-salle-de-bains-et-la-cuisine\/#breadcrumb","itemListElement":[{"@type":"ListItem","position":1,"name":"Portada","item":"https:\/\/erumhome.com\/fr\/"},{"@type":"ListItem","position":2,"name":"Boutique","item":"https:\/\/erumhome.com\/catalogo\/"},{"@type":"ListItem","position":3,"name":"Tabouret antid\u00e9rapant polyvalent pour la salle de bains et la cuisine"}]},{"@type":"WebSite","@id":"https:\/\/erumhome.com\/fr\/#website","url":"https:\/\/erumhome.com\/fr\/","name":"Erum home","description":" ","publisher":{"@id":"https:\/\/erumhome.com\/fr\/#organization"},"potentialAction":[{"@type":"SearchAction","target":{"@type":"EntryPoint","urlTemplate":"https:\/\/erumhome.com\/fr\/?s={search_term_string}"},"query-input":{"@type":"PropertyValueSpecification","valueRequired":true,"valueName":"search_term_string"}}],"inLanguage":"fr-FR"},{"@type":"Organization","@id":"https:\/\/erumhome.com\/fr\/#organization","name":"Erum home","url":"https:\/\/erumhome.com\/fr\/","logo":{"@type":"ImageObject","inLanguage":"fr-FR","@id":"https:\/\/erumhome.com\/fr\/#\/schema\/logo\/image\/","url":"https:\/\/erumhome.com\/wp-content\/uploads\/2025\/01\/logotipo.svg","contentUrl":"https:\/\/erumhome.com\/wp-content\/uploads\/2025\/01\/logotipo.svg","width":1287,"height":508,"caption":"Erum home"},"image":{"@id":"https:\/\/erumhome.com\/fr\/#\/schema\/logo\/image\/"}}]}},"_links":{"self":[{"href":"https:\/\/erumhome.com\/fr\/wp-json\/wp\/v2\/product\/4135","targetHints":{"allow":["GET"]}}],"collection":[{"href":"https:\/\/erumhome.com\/fr\/wp-json\/wp\/v2\/product"}],"about":[{"href":"https:\/\/erumhome.com\/fr\/wp-json\/wp\/v2\/types\/product"}],"replies":[{"embeddable":true,"href":"https:\/\/erumhome.com\/fr\/wp-json\/wp\/v2\/comments?post=4135"}],"version-history":[{"count":1,"href":"https:\/\/erumhome.com\/fr\/wp-json\/wp\/v2\/product\/4135\/revisions"}],"predecessor-version":[{"id":4324,"href":"https:\/\/erumhome.com\/fr\/wp-json\/wp\/v2\/product\/4135\/revisions\/4324"}],"wp:featuredmedia":[{"embeddable":true,"href":"https:\/\/erumhome.com\/fr\/wp-json\/wp\/v2\/media\/5056"}],"wp:attachment":[{"href":"https:\/\/erumhome.com\/fr\/wp-json\/wp\/v2\/media?parent=4135"}],"wp:term":[{"taxonomy":"product_brand","embeddable":true,"href":"https:\/\/erumhome.com\/fr\/wp-json\/wp\/v2\/product_brand?post=4135"},{"taxonomy":"product_cat","embeddable":true,"href":"https:\/\/erumhome.com\/fr\/wp-json\/wp\/v2\/product_cat?post=4135"},{"taxonomy":"product_tag","embeddable":true,"href":"https:\/\/erumhome.com\/fr\/wp-json\/wp\/v2\/product_tag?post=4135"}],"curies":[{"name":"wp","href":"https:\/\/api.w.org\/{rel}","templated":true}]}}