{"id":4139,"date":"2024-11-04T16:26:20","date_gmt":"2024-11-04T15:26:20","guid":{"rendered":"https:\/\/erumhome.com\/producto\/couverture-w-c-adaptation-a-leconomie-grace-a-une-conception-anatomique\/"},"modified":"2025-08-29T12:01:57","modified_gmt":"2025-08-29T10:01:57","slug":"couverture-w-c-adaptation-a-leconomie-grace-a-une-conception-anatomique","status":"publish","type":"product","link":"https:\/\/erumhome.com\/fr\/producto\/couverture-w-c-adaptation-a-leconomie-grace-a-une-conception-anatomique\/","title":{"rendered":"Si\u00e8ge de toilette adaptable \u00e9conomique avec design anatomique \u00ab\u00a0Est\u00e1ndar\u00a0\u00bb"},"content":{"rendered":"","protected":false},"excerpt":{"rendered":"<p>Le si\u00e8ge de toilette \u00e9conomique adaptable est la solution parfaite pour ceux qui recherchent une combinaison de confort et de fonctionnalit\u00e9 dans leur salle de bains. Con\u00e7u pour s&rsquo;adapter \u00e0 la plupart des toilettes standard, cet abattant pr\u00e9sente un design anatomique qui offre une exp\u00e9rience confortable et ergonomique. Fabriqu\u00e9 \u00e0 partir de mat\u00e9riaux durables et r\u00e9sistants, il est id\u00e9al pour un usage quotidien, garantissant une longue dur\u00e9e de vie.  <\/p>\n<p>Votre conception hygi\u00e9nique permet un nettoyage facile, en maintenant l&rsquo;humidit\u00e9 dans des conditions optimales. De plus, il est r\u00e9sistant et est disponible en diff\u00e9rentes couleurs (blanc, bleu et beige) pour que vous puissiez choisir ce qui se combine le mieux avec la d\u00e9coration de votre salle de bain. L&rsquo;installation est rapide et rapide, y compris tous les accessoires n\u00e9cessaires pour un r\u00e9glage ferme et s\u00fbr.  <\/p>\n<p>Avec une taille de 46,5 x 37 cm, ce tapis est id\u00e9al pour donner une tuque pratique et fonctionnelle \u00e0 n&rsquo;importe quel coin de bain.<\/p>\n","protected":false},"featured_media":5328,"comment_status":"open","ping_status":"closed","template":"","meta":{"site-sidebar-layout":"default","site-content-layout":"","ast-site-content-layout":"default","site-content-style":"default","site-sidebar-style":"default","ast-global-header-display":"","ast-banner-title-visibility":"","ast-main-header-display":"","ast-hfb-above-header-display":"","ast-hfb-below-header-display":"","ast-hfb-mobile-header-display":"","site-post-title":"","ast-breadcrumbs-content":"","ast-featured-img":"","footer-sml-layout":"","theme-transparent-header-meta":"default","adv-header-id-meta":"","stick-header-meta":"default","header-above-stick-meta":"","header-main-stick-meta":"","header-below-stick-meta":"","astra-migrate-meta-layouts":"default","ast-page-background-enabled":"default","ast-page-background-meta":{"desktop":{"background-color":"","background-image":"","background-repeat":"repeat","background-position":"center center","background-size":"auto","background-attachment":"scroll","background-type":"","background-media":"","overlay-type":"","overlay-color":"","overlay-opacity":"","overlay-gradient":""},"tablet":{"background-color":"","background-image":"","background-repeat":"repeat","background-position":"center center","background-size":"auto","background-attachment":"scroll","background-type":"","background-media":"","overlay-type":"","overlay-color":"","overlay-opacity":"","overlay-gradient":""},"mobile":{"background-color":"","background-image":"","background-repeat":"repeat","background-position":"center center","background-size":"auto","background-attachment":"scroll","background-type":"","background-media":"","overlay-type":"","overlay-color":"","overlay-opacity":"","overlay-gradient":""}},"ast-content-background-meta":{"desktop":{"background-color":"var(--ast-global-color-5)","background-image":"","background-repeat":"repeat","background-position":"center center","background-size":"auto","background-attachment":"scroll","background-type":"","background-media":"","overlay-type":"","overlay-color":"","overlay-opacity":"","overlay-gradient":""},"tablet":{"background-color":"var(--ast-global-color-5)","background-image":"","background-repeat":"repeat","background-position":"center center","background-size":"auto","background-attachment":"scroll","background-type":"","background-media":"","overlay-type":"","overlay-color":"","overlay-opacity":"","overlay-gradient":""},"mobile":{"background-color":"var(--ast-global-color-5)","background-image":"","background-repeat":"repeat","background-position":"center center","background-size":"auto","background-attachment":"scroll","background-type":"","background-media":"","overlay-type":"","overlay-color":"","overlay-opacity":"","overlay-gradient":""}}},"product_brand":[],"product_cat":[746,1610],"product_tag":[],"class_list":{"0":"post-4139","1":"product","2":"type-product","3":"status-publish","4":"has-post-thumbnail","6":"product_cat-bain","7":"product_cat-housses-de-toilettes","8":"pa_color-beige-fr","9":"pa_color-blanc","10":"pa_color-bleu","11":"desktop-align-center","12":"tablet-align-center","13":"mobile-align-center","14":"ast-product-gallery-layout-vertical","15":"ast-product-single-variable","16":"ast-product-tabs-layout-horizontal","18":"first","19":"instock","20":"shipping-taxable","21":"purchasable","22":"product-type-variable","23":"wvs-archive-product-wrapper","24":"rtwpvg-product"},"yoast_head":"<!-- This site is optimized with the Yoast SEO plugin v25.8 - https:\/\/yoast.com\/wordpress\/plugins\/seo\/ -->\n<title>Si\u00e8ge de toilette adaptable \u00e9conomique avec design anatomique &quot;Est\u00e1ndar&quot; - Erum home<\/title>\n<meta name=\"robots\" content=\"index, follow, max-snippet:-1, max-image-preview:large, max-video-preview:-1\" \/>\n<link rel=\"canonical\" href=\"https:\/\/erumhome.com\/fr\/producto\/couverture-w-c-adaptation-a-leconomie-grace-a-une-conception-anatomique\/\" \/>\n<meta property=\"og:locale\" content=\"fr_FR\" \/>\n<meta property=\"og:type\" content=\"article\" \/>\n<meta property=\"og:title\" content=\"Si\u00e8ge de toilette adaptable \u00e9conomique avec design anatomique &quot;Est\u00e1ndar&quot; - Erum home\" \/>\n<meta property=\"og:description\" content=\"Le si\u00e8ge de toilette \u00e9conomique adaptable est la solution parfaite pour ceux qui recherchent une combinaison de confort et de fonctionnalit\u00e9 dans leur salle de bains. Con\u00e7u pour s&#039;adapter \u00e0 la plupart des toilettes standard, cet abattant pr\u00e9sente un design anatomique qui offre une exp\u00e9rience confortable et ergonomique. Fabriqu\u00e9 \u00e0 partir de mat\u00e9riaux durables et r\u00e9sistants, il est id\u00e9al pour un usage quotidien, garantissant une longue dur\u00e9e de vie.  Votre conception hygi\u00e9nique permet un nettoyage facile, en maintenant l&#039;humidit\u00e9 dans des conditions optimales. De plus, il est r\u00e9sistant et est disponible en diff\u00e9rentes couleurs (blanc, bleu et beige) pour que vous puissiez choisir ce qui se combine le mieux avec la d\u00e9coration de votre salle de bain. L&#039;installation est rapide et rapide, y compris tous les accessoires n\u00e9cessaires pour un r\u00e9glage ferme et s\u00fbr.  Avec une taille de 46,5 x 37 cm, ce tapis est id\u00e9al pour donner une tuque pratique et fonctionnelle \u00e0 n&#039;importe quel coin de bain.\" \/>\n<meta property=\"og:url\" content=\"https:\/\/erumhome.com\/fr\/producto\/couverture-w-c-adaptation-a-leconomie-grace-a-une-conception-anatomique\/\" \/>\n<meta property=\"og:site_name\" content=\"Erum home\" \/>\n<meta property=\"article:modified_time\" content=\"2025-08-29T10:01:57+00:00\" \/>\n<meta property=\"og:image\" content=\"https:\/\/erumhome.com\/wp-content\/uploads\/2024\/11\/tapa-wc-estandar-445-10-blanco-foto-principal-scaled.jpg\" \/>\n\t<meta property=\"og:image:width\" content=\"2560\" \/>\n\t<meta property=\"og:image:height\" content=\"2560\" \/>\n\t<meta property=\"og:image:type\" content=\"image\/jpeg\" \/>\n<meta name=\"twitter:card\" content=\"summary_large_image\" \/>\n<script type=\"application\/ld+json\" class=\"yoast-schema-graph\">{\"@context\":\"https:\/\/schema.org\",\"@graph\":[{\"@type\":\"WebPage\",\"@id\":\"https:\/\/erumhome.com\/fr\/producto\/couverture-w-c-adaptation-a-leconomie-grace-a-une-conception-anatomique\/\",\"url\":\"https:\/\/erumhome.com\/fr\/producto\/couverture-w-c-adaptation-a-leconomie-grace-a-une-conception-anatomique\/\",\"name\":\"Si\u00e8ge de toilette adaptable \u00e9conomique avec design anatomique \\\"Est\u00e1ndar\\\" - Erum home\",\"isPartOf\":{\"@id\":\"https:\/\/erumhome.com\/fr\/#website\"},\"primaryImageOfPage\":{\"@id\":\"https:\/\/erumhome.com\/fr\/producto\/couverture-w-c-adaptation-a-leconomie-grace-a-une-conception-anatomique\/#primaryimage\"},\"image\":{\"@id\":\"https:\/\/erumhome.com\/fr\/producto\/couverture-w-c-adaptation-a-leconomie-grace-a-une-conception-anatomique\/#primaryimage\"},\"thumbnailUrl\":\"https:\/\/erumhome.com\/wp-content\/uploads\/2024\/11\/tapa-wc-estandar-445-10-blanco-foto-principal-scaled.jpg\",\"datePublished\":\"2024-11-04T15:26:20+00:00\",\"dateModified\":\"2025-08-29T10:01:57+00:00\",\"breadcrumb\":{\"@id\":\"https:\/\/erumhome.com\/fr\/producto\/couverture-w-c-adaptation-a-leconomie-grace-a-une-conception-anatomique\/#breadcrumb\"},\"inLanguage\":\"fr-FR\",\"potentialAction\":[{\"@type\":\"ReadAction\",\"target\":[\"https:\/\/erumhome.com\/fr\/producto\/couverture-w-c-adaptation-a-leconomie-grace-a-une-conception-anatomique\/\"]}]},{\"@type\":\"ImageObject\",\"inLanguage\":\"fr-FR\",\"@id\":\"https:\/\/erumhome.com\/fr\/producto\/couverture-w-c-adaptation-a-leconomie-grace-a-une-conception-anatomique\/#primaryimage\",\"url\":\"https:\/\/erumhome.com\/wp-content\/uploads\/2024\/11\/tapa-wc-estandar-445-10-blanco-foto-principal-scaled.jpg\",\"contentUrl\":\"https:\/\/erumhome.com\/wp-content\/uploads\/2024\/11\/tapa-wc-estandar-445-10-blanco-foto-principal-scaled.jpg\",\"width\":2560,\"height\":2560},{\"@type\":\"BreadcrumbList\",\"@id\":\"https:\/\/erumhome.com\/fr\/producto\/couverture-w-c-adaptation-a-leconomie-grace-a-une-conception-anatomique\/#breadcrumb\",\"itemListElement\":[{\"@type\":\"ListItem\",\"position\":1,\"name\":\"Portada\",\"item\":\"https:\/\/erumhome.com\/fr\/\"},{\"@type\":\"ListItem\",\"position\":2,\"name\":\"Boutique\",\"item\":\"https:\/\/erumhome.com\/catalogo\/\"},{\"@type\":\"ListItem\",\"position\":3,\"name\":\"Si\u00e8ge de toilette adaptable \u00e9conomique avec design anatomique \u00abEst\u00e1ndar\u00bb\"}]},{\"@type\":\"WebSite\",\"@id\":\"https:\/\/erumhome.com\/fr\/#website\",\"url\":\"https:\/\/erumhome.com\/fr\/\",\"name\":\"Erum home\",\"description\":\" \",\"publisher\":{\"@id\":\"https:\/\/erumhome.com\/fr\/#organization\"},\"potentialAction\":[{\"@type\":\"SearchAction\",\"target\":{\"@type\":\"EntryPoint\",\"urlTemplate\":\"https:\/\/erumhome.com\/fr\/?s={search_term_string}\"},\"query-input\":{\"@type\":\"PropertyValueSpecification\",\"valueRequired\":true,\"valueName\":\"search_term_string\"}}],\"inLanguage\":\"fr-FR\"},{\"@type\":\"Organization\",\"@id\":\"https:\/\/erumhome.com\/fr\/#organization\",\"name\":\"Erum home\",\"url\":\"https:\/\/erumhome.com\/fr\/\",\"logo\":{\"@type\":\"ImageObject\",\"inLanguage\":\"fr-FR\",\"@id\":\"https:\/\/erumhome.com\/fr\/#\/schema\/logo\/image\/\",\"url\":\"https:\/\/erumhome.com\/wp-content\/uploads\/2025\/01\/logotipo.svg\",\"contentUrl\":\"https:\/\/erumhome.com\/wp-content\/uploads\/2025\/01\/logotipo.svg\",\"width\":1287,\"height\":508,\"caption\":\"Erum home\"},\"image\":{\"@id\":\"https:\/\/erumhome.com\/fr\/#\/schema\/logo\/image\/\"}}]}<\/script>\n<!-- \/ Yoast SEO plugin. -->","yoast_head_json":{"title":"Si\u00e8ge de toilette adaptable \u00e9conomique avec design anatomique \"Est\u00e1ndar\" - Erum home","robots":{"index":"index","follow":"follow","max-snippet":"max-snippet:-1","max-image-preview":"max-image-preview:large","max-video-preview":"max-video-preview:-1"},"canonical":"https:\/\/erumhome.com\/fr\/producto\/couverture-w-c-adaptation-a-leconomie-grace-a-une-conception-anatomique\/","og_locale":"fr_FR","og_type":"article","og_title":"Si\u00e8ge de toilette adaptable \u00e9conomique avec design anatomique \"Est\u00e1ndar\" - Erum home","og_description":"Le si\u00e8ge de toilette \u00e9conomique adaptable est la solution parfaite pour ceux qui recherchent une combinaison de confort et de fonctionnalit\u00e9 dans leur salle de bains. Con\u00e7u pour s'adapter \u00e0 la plupart des toilettes standard, cet abattant pr\u00e9sente un design anatomique qui offre une exp\u00e9rience confortable et ergonomique. Fabriqu\u00e9 \u00e0 partir de mat\u00e9riaux durables et r\u00e9sistants, il est id\u00e9al pour un usage quotidien, garantissant une longue dur\u00e9e de vie.  Votre conception hygi\u00e9nique permet un nettoyage facile, en maintenant l'humidit\u00e9 dans des conditions optimales. De plus, il est r\u00e9sistant et est disponible en diff\u00e9rentes couleurs (blanc, bleu et beige) pour que vous puissiez choisir ce qui se combine le mieux avec la d\u00e9coration de votre salle de bain. L'installation est rapide et rapide, y compris tous les accessoires n\u00e9cessaires pour un r\u00e9glage ferme et s\u00fbr.  Avec une taille de 46,5 x 37 cm, ce tapis est id\u00e9al pour donner une tuque pratique et fonctionnelle \u00e0 n'importe quel coin de bain.","og_url":"https:\/\/erumhome.com\/fr\/producto\/couverture-w-c-adaptation-a-leconomie-grace-a-une-conception-anatomique\/","og_site_name":"Erum home","article_modified_time":"2025-08-29T10:01:57+00:00","og_image":[{"width":2560,"height":2560,"url":"https:\/\/erumhome.com\/wp-content\/uploads\/2024\/11\/tapa-wc-estandar-445-10-blanco-foto-principal-scaled.jpg","type":"image\/jpeg"}],"twitter_card":"summary_large_image","schema":{"@context":"https:\/\/schema.org","@graph":[{"@type":"WebPage","@id":"https:\/\/erumhome.com\/fr\/producto\/couverture-w-c-adaptation-a-leconomie-grace-a-une-conception-anatomique\/","url":"https:\/\/erumhome.com\/fr\/producto\/couverture-w-c-adaptation-a-leconomie-grace-a-une-conception-anatomique\/","name":"Si\u00e8ge de toilette adaptable \u00e9conomique avec design anatomique \"Est\u00e1ndar\" - Erum home","isPartOf":{"@id":"https:\/\/erumhome.com\/fr\/#website"},"primaryImageOfPage":{"@id":"https:\/\/erumhome.com\/fr\/producto\/couverture-w-c-adaptation-a-leconomie-grace-a-une-conception-anatomique\/#primaryimage"},"image":{"@id":"https:\/\/erumhome.com\/fr\/producto\/couverture-w-c-adaptation-a-leconomie-grace-a-une-conception-anatomique\/#primaryimage"},"thumbnailUrl":"https:\/\/erumhome.com\/wp-content\/uploads\/2024\/11\/tapa-wc-estandar-445-10-blanco-foto-principal-scaled.jpg","datePublished":"2024-11-04T15:26:20+00:00","dateModified":"2025-08-29T10:01:57+00:00","breadcrumb":{"@id":"https:\/\/erumhome.com\/fr\/producto\/couverture-w-c-adaptation-a-leconomie-grace-a-une-conception-anatomique\/#breadcrumb"},"inLanguage":"fr-FR","potentialAction":[{"@type":"ReadAction","target":["https:\/\/erumhome.com\/fr\/producto\/couverture-w-c-adaptation-a-leconomie-grace-a-une-conception-anatomique\/"]}]},{"@type":"ImageObject","inLanguage":"fr-FR","@id":"https:\/\/erumhome.com\/fr\/producto\/couverture-w-c-adaptation-a-leconomie-grace-a-une-conception-anatomique\/#primaryimage","url":"https:\/\/erumhome.com\/wp-content\/uploads\/2024\/11\/tapa-wc-estandar-445-10-blanco-foto-principal-scaled.jpg","contentUrl":"https:\/\/erumhome.com\/wp-content\/uploads\/2024\/11\/tapa-wc-estandar-445-10-blanco-foto-principal-scaled.jpg","width":2560,"height":2560},{"@type":"BreadcrumbList","@id":"https:\/\/erumhome.com\/fr\/producto\/couverture-w-c-adaptation-a-leconomie-grace-a-une-conception-anatomique\/#breadcrumb","itemListElement":[{"@type":"ListItem","position":1,"name":"Portada","item":"https:\/\/erumhome.com\/fr\/"},{"@type":"ListItem","position":2,"name":"Boutique","item":"https:\/\/erumhome.com\/catalogo\/"},{"@type":"ListItem","position":3,"name":"Si\u00e8ge de toilette adaptable \u00e9conomique avec design anatomique \u00abEst\u00e1ndar\u00bb"}]},{"@type":"WebSite","@id":"https:\/\/erumhome.com\/fr\/#website","url":"https:\/\/erumhome.com\/fr\/","name":"Erum home","description":" ","publisher":{"@id":"https:\/\/erumhome.com\/fr\/#organization"},"potentialAction":[{"@type":"SearchAction","target":{"@type":"EntryPoint","urlTemplate":"https:\/\/erumhome.com\/fr\/?s={search_term_string}"},"query-input":{"@type":"PropertyValueSpecification","valueRequired":true,"valueName":"search_term_string"}}],"inLanguage":"fr-FR"},{"@type":"Organization","@id":"https:\/\/erumhome.com\/fr\/#organization","name":"Erum home","url":"https:\/\/erumhome.com\/fr\/","logo":{"@type":"ImageObject","inLanguage":"fr-FR","@id":"https:\/\/erumhome.com\/fr\/#\/schema\/logo\/image\/","url":"https:\/\/erumhome.com\/wp-content\/uploads\/2025\/01\/logotipo.svg","contentUrl":"https:\/\/erumhome.com\/wp-content\/uploads\/2025\/01\/logotipo.svg","width":1287,"height":508,"caption":"Erum home"},"image":{"@id":"https:\/\/erumhome.com\/fr\/#\/schema\/logo\/image\/"}}]}},"_links":{"self":[{"href":"https:\/\/erumhome.com\/fr\/wp-json\/wp\/v2\/product\/4139","targetHints":{"allow":["GET"]}}],"collection":[{"href":"https:\/\/erumhome.com\/fr\/wp-json\/wp\/v2\/product"}],"about":[{"href":"https:\/\/erumhome.com\/fr\/wp-json\/wp\/v2\/types\/product"}],"replies":[{"embeddable":true,"href":"https:\/\/erumhome.com\/fr\/wp-json\/wp\/v2\/comments?post=4139"}],"version-history":[{"count":4,"href":"https:\/\/erumhome.com\/fr\/wp-json\/wp\/v2\/product\/4139\/revisions"}],"predecessor-version":[{"id":7647,"href":"https:\/\/erumhome.com\/fr\/wp-json\/wp\/v2\/product\/4139\/revisions\/7647"}],"wp:featuredmedia":[{"embeddable":true,"href":"https:\/\/erumhome.com\/fr\/wp-json\/wp\/v2\/media\/5328"}],"wp:attachment":[{"href":"https:\/\/erumhome.com\/fr\/wp-json\/wp\/v2\/media?parent=4139"}],"wp:term":[{"taxonomy":"product_brand","embeddable":true,"href":"https:\/\/erumhome.com\/fr\/wp-json\/wp\/v2\/product_brand?post=4139"},{"taxonomy":"product_cat","embeddable":true,"href":"https:\/\/erumhome.com\/fr\/wp-json\/wp\/v2\/product_cat?post=4139"},{"taxonomy":"product_tag","embeddable":true,"href":"https:\/\/erumhome.com\/fr\/wp-json\/wp\/v2\/product_tag?post=4139"}],"curies":[{"name":"wp","href":"https:\/\/api.w.org\/{rel}","templated":true}]}}