{"id":4145,"date":"2024-11-04T17:27:53","date_gmt":"2024-11-04T16:27:53","guid":{"rendered":"https:\/\/erumhome.com\/producto\/porte-rouleau-de-toilette-pour-salle-de-bains-gaudi-collection\/"},"modified":"2025-08-29T11:58:26","modified_gmt":"2025-08-29T09:58:26","slug":"porte-rouleau-de-toilette-pour-salle-de-bains-gaudi-collection","status":"publish","type":"product","link":"https:\/\/erumhome.com\/fr\/producto\/porte-rouleau-de-toilette-pour-salle-de-bains-gaudi-collection\/","title":{"rendered":"Porte-rouleau de salle de bains &#8211; Gaud\u00ed collection"},"content":{"rendered":"","protected":false},"excerpt":{"rendered":"<p>Ajoutez une touche de fonctionnalit\u00e9 et d&rsquo;\u00e9l\u00e9gance \u00e0 votre salle de bains avec le porte-rouleau de papier toilette Gaud\u00ed, con\u00e7u dans un style ergonomique qui s&rsquo;int\u00e8gre parfaitement \u00e0 tout d\u00e9cor de salle de bains. Ce porte-rouleau est le compl\u00e9ment id\u00e9al pour garder le papier hygi\u00e9nique prot\u00e9g\u00e9 et \u00e0 port\u00e9e de main, offrant commodit\u00e9 et style en un seul produit. <\/p>\n<p>Fabriqu\u00e9 \u00e0 partir de mat\u00e9riaux de haute qualit\u00e9, le porte-rouleau de papier toilette Gaudi est facile \u00e0 installer et est fourni avec les accessoires n\u00e9cessaires pour le montage mural. Son design compact et pratique permet un acc\u00e8s facile au papier toilette, tandis que sa structure durable lui assure une longue dur\u00e9e de vie. Mesurant 33 x 8 x 26 cm, il constitue un choix id\u00e9al pour optimiser l&rsquo;espace et am\u00e9liorer l&rsquo;organisation dans la salle de bains, offrant ainsi un environnement ordonn\u00e9 et \u00e9l\u00e9gant.  <\/p>\n<p>Id\u00e9al pour les salles de bains modernes qui recherchent une combinaison de fonctionnalit\u00e9 et de design dans leurs accessoires.<\/p>\n","protected":false},"featured_media":7425,"comment_status":"open","ping_status":"closed","template":"","meta":{"site-sidebar-layout":"default","site-content-layout":"","ast-site-content-layout":"default","site-content-style":"default","site-sidebar-style":"default","ast-global-header-display":"","ast-banner-title-visibility":"","ast-main-header-display":"","ast-hfb-above-header-display":"","ast-hfb-below-header-display":"","ast-hfb-mobile-header-display":"","site-post-title":"","ast-breadcrumbs-content":"","ast-featured-img":"","footer-sml-layout":"","theme-transparent-header-meta":"default","adv-header-id-meta":"","stick-header-meta":"default","header-above-stick-meta":"","header-main-stick-meta":"","header-below-stick-meta":"","astra-migrate-meta-layouts":"default","ast-page-background-enabled":"default","ast-page-background-meta":{"desktop":{"background-color":"","background-image":"","background-repeat":"repeat","background-position":"center center","background-size":"auto","background-attachment":"scroll","background-type":"","background-media":"","overlay-type":"","overlay-color":"","overlay-opacity":"","overlay-gradient":""},"tablet":{"background-color":"","background-image":"","background-repeat":"repeat","background-position":"center center","background-size":"auto","background-attachment":"scroll","background-type":"","background-media":"","overlay-type":"","overlay-color":"","overlay-opacity":"","overlay-gradient":""},"mobile":{"background-color":"","background-image":"","background-repeat":"repeat","background-position":"center center","background-size":"auto","background-attachment":"scroll","background-type":"","background-media":"","overlay-type":"","overlay-color":"","overlay-opacity":"","overlay-gradient":""}},"ast-content-background-meta":{"desktop":{"background-color":"var(--ast-global-color-5)","background-image":"","background-repeat":"repeat","background-position":"center center","background-size":"auto","background-attachment":"scroll","background-type":"","background-media":"","overlay-type":"","overlay-color":"","overlay-opacity":"","overlay-gradient":""},"tablet":{"background-color":"var(--ast-global-color-5)","background-image":"","background-repeat":"repeat","background-position":"center center","background-size":"auto","background-attachment":"scroll","background-type":"","background-media":"","overlay-type":"","overlay-color":"","overlay-opacity":"","overlay-gradient":""},"mobile":{"background-color":"var(--ast-global-color-5)","background-image":"","background-repeat":"repeat","background-position":"center center","background-size":"auto","background-attachment":"scroll","background-type":"","background-media":"","overlay-type":"","overlay-color":"","overlay-opacity":"","overlay-gradient":""}}},"product_brand":[],"product_cat":[746,1279],"product_tag":[],"class_list":{"0":"post-4145","1":"product","2":"type-product","3":"status-publish","4":"has-post-thumbnail","6":"product_cat-bain","7":"product_cat-cintres-et-porte-serviettes","8":"pa_color-blanc","9":"desktop-align-center","10":"tablet-align-center","11":"mobile-align-center","12":"ast-product-gallery-layout-vertical","13":"ast-product-tabs-layout-horizontal","15":"first","16":"instock","17":"shipping-taxable","18":"purchasable","19":"product-type-simple"},"yoast_head":"<!-- This site is optimized with the Yoast SEO plugin v25.8 - https:\/\/yoast.com\/wordpress\/plugins\/seo\/ -->\n<title>Porte-rouleau de salle de bains - Gaud\u00ed collection - Erum home<\/title>\n<meta name=\"robots\" content=\"index, follow, max-snippet:-1, max-image-preview:large, max-video-preview:-1\" \/>\n<link rel=\"canonical\" href=\"https:\/\/erumhome.com\/fr\/producto\/porte-rouleau-de-toilette-pour-salle-de-bains-gaudi-collection\/\" \/>\n<meta property=\"og:locale\" content=\"fr_FR\" \/>\n<meta property=\"og:type\" content=\"article\" \/>\n<meta property=\"og:title\" content=\"Porte-rouleau de salle de bains - Gaud\u00ed collection - Erum home\" \/>\n<meta property=\"og:description\" content=\"Ajoutez une touche de fonctionnalit\u00e9 et d&#039;\u00e9l\u00e9gance \u00e0 votre salle de bains avec le porte-rouleau de papier toilette Gaud\u00ed, con\u00e7u dans un style ergonomique qui s&#039;int\u00e8gre parfaitement \u00e0 tout d\u00e9cor de salle de bains. Ce porte-rouleau est le compl\u00e9ment id\u00e9al pour garder le papier hygi\u00e9nique prot\u00e9g\u00e9 et \u00e0 port\u00e9e de main, offrant commodit\u00e9 et style en un seul produit.  Fabriqu\u00e9 \u00e0 partir de mat\u00e9riaux de haute qualit\u00e9, le porte-rouleau de papier toilette Gaudi est facile \u00e0 installer et est fourni avec les accessoires n\u00e9cessaires pour le montage mural. Son design compact et pratique permet un acc\u00e8s facile au papier toilette, tandis que sa structure durable lui assure une longue dur\u00e9e de vie. Mesurant 33 x 8 x 26 cm, il constitue un choix id\u00e9al pour optimiser l&#039;espace et am\u00e9liorer l&#039;organisation dans la salle de bains, offrant ainsi un environnement ordonn\u00e9 et \u00e9l\u00e9gant.  Id\u00e9al pour les salles de bains modernes qui recherchent une combinaison de fonctionnalit\u00e9 et de design dans leurs accessoires.\" \/>\n<meta property=\"og:url\" content=\"https:\/\/erumhome.com\/fr\/producto\/porte-rouleau-de-toilette-pour-salle-de-bains-gaudi-collection\/\" \/>\n<meta property=\"og:site_name\" content=\"Erum home\" \/>\n<meta property=\"article:modified_time\" content=\"2025-08-29T09:58:26+00:00\" \/>\n<meta property=\"og:image\" content=\"https:\/\/erumhome.com\/wp-content\/uploads\/2024\/11\/portarrollos-660-10-blanco-ambiente.jpg\" \/>\n\t<meta property=\"og:image:width\" content=\"1500\" \/>\n\t<meta property=\"og:image:height\" content=\"1500\" \/>\n\t<meta property=\"og:image:type\" content=\"image\/jpeg\" \/>\n<meta name=\"twitter:card\" content=\"summary_large_image\" \/>\n<script type=\"application\/ld+json\" class=\"yoast-schema-graph\">{\"@context\":\"https:\/\/schema.org\",\"@graph\":[{\"@type\":\"WebPage\",\"@id\":\"https:\/\/erumhome.com\/fr\/producto\/porte-rouleau-de-toilette-pour-salle-de-bains-gaudi-collection\/\",\"url\":\"https:\/\/erumhome.com\/fr\/producto\/porte-rouleau-de-toilette-pour-salle-de-bains-gaudi-collection\/\",\"name\":\"Porte-rouleau de salle de bains - Gaud\u00ed collection - Erum home\",\"isPartOf\":{\"@id\":\"https:\/\/erumhome.com\/fr\/#website\"},\"primaryImageOfPage\":{\"@id\":\"https:\/\/erumhome.com\/fr\/producto\/porte-rouleau-de-toilette-pour-salle-de-bains-gaudi-collection\/#primaryimage\"},\"image\":{\"@id\":\"https:\/\/erumhome.com\/fr\/producto\/porte-rouleau-de-toilette-pour-salle-de-bains-gaudi-collection\/#primaryimage\"},\"thumbnailUrl\":\"https:\/\/erumhome.com\/wp-content\/uploads\/2024\/11\/portarrollos-660-10-blanco-ambiente.jpg\",\"datePublished\":\"2024-11-04T16:27:53+00:00\",\"dateModified\":\"2025-08-29T09:58:26+00:00\",\"breadcrumb\":{\"@id\":\"https:\/\/erumhome.com\/fr\/producto\/porte-rouleau-de-toilette-pour-salle-de-bains-gaudi-collection\/#breadcrumb\"},\"inLanguage\":\"fr-FR\",\"potentialAction\":[{\"@type\":\"ReadAction\",\"target\":[\"https:\/\/erumhome.com\/fr\/producto\/porte-rouleau-de-toilette-pour-salle-de-bains-gaudi-collection\/\"]}]},{\"@type\":\"ImageObject\",\"inLanguage\":\"fr-FR\",\"@id\":\"https:\/\/erumhome.com\/fr\/producto\/porte-rouleau-de-toilette-pour-salle-de-bains-gaudi-collection\/#primaryimage\",\"url\":\"https:\/\/erumhome.com\/wp-content\/uploads\/2024\/11\/portarrollos-660-10-blanco-ambiente.jpg\",\"contentUrl\":\"https:\/\/erumhome.com\/wp-content\/uploads\/2024\/11\/portarrollos-660-10-blanco-ambiente.jpg\",\"width\":1500,\"height\":1500},{\"@type\":\"BreadcrumbList\",\"@id\":\"https:\/\/erumhome.com\/fr\/producto\/porte-rouleau-de-toilette-pour-salle-de-bains-gaudi-collection\/#breadcrumb\",\"itemListElement\":[{\"@type\":\"ListItem\",\"position\":1,\"name\":\"Portada\",\"item\":\"https:\/\/erumhome.com\/fr\/\"},{\"@type\":\"ListItem\",\"position\":2,\"name\":\"Boutique\",\"item\":\"https:\/\/erumhome.com\/catalogo\/\"},{\"@type\":\"ListItem\",\"position\":3,\"name\":\"Porte-rouleau de salle de bains &#8211; Gaud\u00ed collection\"}]},{\"@type\":\"WebSite\",\"@id\":\"https:\/\/erumhome.com\/fr\/#website\",\"url\":\"https:\/\/erumhome.com\/fr\/\",\"name\":\"Erum home\",\"description\":\" \",\"publisher\":{\"@id\":\"https:\/\/erumhome.com\/fr\/#organization\"},\"potentialAction\":[{\"@type\":\"SearchAction\",\"target\":{\"@type\":\"EntryPoint\",\"urlTemplate\":\"https:\/\/erumhome.com\/fr\/?s={search_term_string}\"},\"query-input\":{\"@type\":\"PropertyValueSpecification\",\"valueRequired\":true,\"valueName\":\"search_term_string\"}}],\"inLanguage\":\"fr-FR\"},{\"@type\":\"Organization\",\"@id\":\"https:\/\/erumhome.com\/fr\/#organization\",\"name\":\"Erum home\",\"url\":\"https:\/\/erumhome.com\/fr\/\",\"logo\":{\"@type\":\"ImageObject\",\"inLanguage\":\"fr-FR\",\"@id\":\"https:\/\/erumhome.com\/fr\/#\/schema\/logo\/image\/\",\"url\":\"https:\/\/erumhome.com\/wp-content\/uploads\/2025\/01\/logotipo.svg\",\"contentUrl\":\"https:\/\/erumhome.com\/wp-content\/uploads\/2025\/01\/logotipo.svg\",\"width\":1287,\"height\":508,\"caption\":\"Erum home\"},\"image\":{\"@id\":\"https:\/\/erumhome.com\/fr\/#\/schema\/logo\/image\/\"}}]}<\/script>\n<!-- \/ Yoast SEO plugin. -->","yoast_head_json":{"title":"Porte-rouleau de salle de bains - Gaud\u00ed collection - Erum home","robots":{"index":"index","follow":"follow","max-snippet":"max-snippet:-1","max-image-preview":"max-image-preview:large","max-video-preview":"max-video-preview:-1"},"canonical":"https:\/\/erumhome.com\/fr\/producto\/porte-rouleau-de-toilette-pour-salle-de-bains-gaudi-collection\/","og_locale":"fr_FR","og_type":"article","og_title":"Porte-rouleau de salle de bains - Gaud\u00ed collection - Erum home","og_description":"Ajoutez une touche de fonctionnalit\u00e9 et d'\u00e9l\u00e9gance \u00e0 votre salle de bains avec le porte-rouleau de papier toilette Gaud\u00ed, con\u00e7u dans un style ergonomique qui s'int\u00e8gre parfaitement \u00e0 tout d\u00e9cor de salle de bains. Ce porte-rouleau est le compl\u00e9ment id\u00e9al pour garder le papier hygi\u00e9nique prot\u00e9g\u00e9 et \u00e0 port\u00e9e de main, offrant commodit\u00e9 et style en un seul produit.  Fabriqu\u00e9 \u00e0 partir de mat\u00e9riaux de haute qualit\u00e9, le porte-rouleau de papier toilette Gaudi est facile \u00e0 installer et est fourni avec les accessoires n\u00e9cessaires pour le montage mural. Son design compact et pratique permet un acc\u00e8s facile au papier toilette, tandis que sa structure durable lui assure une longue dur\u00e9e de vie. Mesurant 33 x 8 x 26 cm, il constitue un choix id\u00e9al pour optimiser l'espace et am\u00e9liorer l'organisation dans la salle de bains, offrant ainsi un environnement ordonn\u00e9 et \u00e9l\u00e9gant.  Id\u00e9al pour les salles de bains modernes qui recherchent une combinaison de fonctionnalit\u00e9 et de design dans leurs accessoires.","og_url":"https:\/\/erumhome.com\/fr\/producto\/porte-rouleau-de-toilette-pour-salle-de-bains-gaudi-collection\/","og_site_name":"Erum home","article_modified_time":"2025-08-29T09:58:26+00:00","og_image":[{"width":1500,"height":1500,"url":"https:\/\/erumhome.com\/wp-content\/uploads\/2024\/11\/portarrollos-660-10-blanco-ambiente.jpg","type":"image\/jpeg"}],"twitter_card":"summary_large_image","schema":{"@context":"https:\/\/schema.org","@graph":[{"@type":"WebPage","@id":"https:\/\/erumhome.com\/fr\/producto\/porte-rouleau-de-toilette-pour-salle-de-bains-gaudi-collection\/","url":"https:\/\/erumhome.com\/fr\/producto\/porte-rouleau-de-toilette-pour-salle-de-bains-gaudi-collection\/","name":"Porte-rouleau de salle de bains - Gaud\u00ed collection - Erum home","isPartOf":{"@id":"https:\/\/erumhome.com\/fr\/#website"},"primaryImageOfPage":{"@id":"https:\/\/erumhome.com\/fr\/producto\/porte-rouleau-de-toilette-pour-salle-de-bains-gaudi-collection\/#primaryimage"},"image":{"@id":"https:\/\/erumhome.com\/fr\/producto\/porte-rouleau-de-toilette-pour-salle-de-bains-gaudi-collection\/#primaryimage"},"thumbnailUrl":"https:\/\/erumhome.com\/wp-content\/uploads\/2024\/11\/portarrollos-660-10-blanco-ambiente.jpg","datePublished":"2024-11-04T16:27:53+00:00","dateModified":"2025-08-29T09:58:26+00:00","breadcrumb":{"@id":"https:\/\/erumhome.com\/fr\/producto\/porte-rouleau-de-toilette-pour-salle-de-bains-gaudi-collection\/#breadcrumb"},"inLanguage":"fr-FR","potentialAction":[{"@type":"ReadAction","target":["https:\/\/erumhome.com\/fr\/producto\/porte-rouleau-de-toilette-pour-salle-de-bains-gaudi-collection\/"]}]},{"@type":"ImageObject","inLanguage":"fr-FR","@id":"https:\/\/erumhome.com\/fr\/producto\/porte-rouleau-de-toilette-pour-salle-de-bains-gaudi-collection\/#primaryimage","url":"https:\/\/erumhome.com\/wp-content\/uploads\/2024\/11\/portarrollos-660-10-blanco-ambiente.jpg","contentUrl":"https:\/\/erumhome.com\/wp-content\/uploads\/2024\/11\/portarrollos-660-10-blanco-ambiente.jpg","width":1500,"height":1500},{"@type":"BreadcrumbList","@id":"https:\/\/erumhome.com\/fr\/producto\/porte-rouleau-de-toilette-pour-salle-de-bains-gaudi-collection\/#breadcrumb","itemListElement":[{"@type":"ListItem","position":1,"name":"Portada","item":"https:\/\/erumhome.com\/fr\/"},{"@type":"ListItem","position":2,"name":"Boutique","item":"https:\/\/erumhome.com\/catalogo\/"},{"@type":"ListItem","position":3,"name":"Porte-rouleau de salle de bains &#8211; Gaud\u00ed collection"}]},{"@type":"WebSite","@id":"https:\/\/erumhome.com\/fr\/#website","url":"https:\/\/erumhome.com\/fr\/","name":"Erum home","description":" ","publisher":{"@id":"https:\/\/erumhome.com\/fr\/#organization"},"potentialAction":[{"@type":"SearchAction","target":{"@type":"EntryPoint","urlTemplate":"https:\/\/erumhome.com\/fr\/?s={search_term_string}"},"query-input":{"@type":"PropertyValueSpecification","valueRequired":true,"valueName":"search_term_string"}}],"inLanguage":"fr-FR"},{"@type":"Organization","@id":"https:\/\/erumhome.com\/fr\/#organization","name":"Erum home","url":"https:\/\/erumhome.com\/fr\/","logo":{"@type":"ImageObject","inLanguage":"fr-FR","@id":"https:\/\/erumhome.com\/fr\/#\/schema\/logo\/image\/","url":"https:\/\/erumhome.com\/wp-content\/uploads\/2025\/01\/logotipo.svg","contentUrl":"https:\/\/erumhome.com\/wp-content\/uploads\/2025\/01\/logotipo.svg","width":1287,"height":508,"caption":"Erum home"},"image":{"@id":"https:\/\/erumhome.com\/fr\/#\/schema\/logo\/image\/"}}]}},"_links":{"self":[{"href":"https:\/\/erumhome.com\/fr\/wp-json\/wp\/v2\/product\/4145","targetHints":{"allow":["GET"]}}],"collection":[{"href":"https:\/\/erumhome.com\/fr\/wp-json\/wp\/v2\/product"}],"about":[{"href":"https:\/\/erumhome.com\/fr\/wp-json\/wp\/v2\/types\/product"}],"replies":[{"embeddable":true,"href":"https:\/\/erumhome.com\/fr\/wp-json\/wp\/v2\/comments?post=4145"}],"version-history":[{"count":1,"href":"https:\/\/erumhome.com\/fr\/wp-json\/wp\/v2\/product\/4145\/revisions"}],"predecessor-version":[{"id":7058,"href":"https:\/\/erumhome.com\/fr\/wp-json\/wp\/v2\/product\/4145\/revisions\/7058"}],"wp:featuredmedia":[{"embeddable":true,"href":"https:\/\/erumhome.com\/fr\/wp-json\/wp\/v2\/media\/7425"}],"wp:attachment":[{"href":"https:\/\/erumhome.com\/fr\/wp-json\/wp\/v2\/media?parent=4145"}],"wp:term":[{"taxonomy":"product_brand","embeddable":true,"href":"https:\/\/erumhome.com\/fr\/wp-json\/wp\/v2\/product_brand?post=4145"},{"taxonomy":"product_cat","embeddable":true,"href":"https:\/\/erumhome.com\/fr\/wp-json\/wp\/v2\/product_cat?post=4145"},{"taxonomy":"product_tag","embeddable":true,"href":"https:\/\/erumhome.com\/fr\/wp-json\/wp\/v2\/product_tag?post=4145"}],"curies":[{"name":"wp","href":"https:\/\/api.w.org\/{rel}","templated":true}]}}